{"id":19271,"date":"2021-05-08T15:24:52","date_gmt":"2021-05-08T13:24:52","guid":{"rendered":"https:\/\/mgvpublications.com\/produkt\/malamander\/"},"modified":"2022-03-08T22:53:31","modified_gmt":"2022-03-08T21:53:31","slug":"malamander","status":"publish","type":"product","link":"https:\/\/mgvpublications.com\/de\/malamander\/","title":{"rendered":"Malamander"},"content":{"rendered":"<p>\u00c7evirmen: Bar\u0131\u015f Purut<br \/>Yay\u0131n Tarihi: 05.08.2021<br \/>Orijinal Ad\u0131: Malamander<br \/>ISBN: 9786050833775<br \/>Dil: T\u00dcRK\u00c7E<br \/>Sayfa Say\u0131s\u0131: 320<br \/>Cilt Tipi: Karton Kapak<br \/>Ka\u011f\u0131t Cinsi: Kitap Ka\u011f\u0131d\u0131<br \/>Boyut: 13.5 x 20.5 cm<br \/>Di\u011fer \u00d6zellik: 10  Ya\u015f<\/p>","protected":false},"excerpt":{"rendered":"<p>EFSANEV\u0130 MALAMANDER&#8217;IN G\u0130ZEM\u0130N\u0130 K\u0130M \u00c7\u00d6ZECEK? Tuhaf Deniz Kasabas\u0131&#8217;na k\u0131\u015flar\u0131 kimse u\u011framaz. \u00d6zellikle karanl\u0131k \u00e7\u00f6kt\u00fc\u011f\u00fcnde, korkun\u00e7 sis Canavara\u011fz\u0131 Kayal\u0131klar\u0131n\u0131 ve Leviathan gemisini yuttu\u011funda&#8230; Baz\u0131lar\u0131 bu sisin i\u00e7inde korkun\u00e7 Malamander&#8217;in ayak izini g\u00f6rd\u00fc\u011f\u00fcne yemin edebilir! Herbert Limon, B\u00fcy\u00fck Nautilus Oteli&#8217;nin kay\u0131p e\u015fya sorumlusu, kaybolan e\u015fyalar\u0131n sahiplerini bulman\u0131n ne kadar zor oldu\u011funun fark\u0131nda. \u00d6zellikle, kaybolan \u015fey bir k\u0131z \u00e7ocu\u011funun ailesi ise&#8230; Kimse on iki sene \u00f6nce Parma Voilet&#8217;in ailesine ne oldu\u011funu bilmez. Violet, ailesini bulmak i\u00e7in Herbert&#8217;ten yard\u0131m istedi\u011finde olay\u0131n ucunun efsanevi Malamander&#8217;e uzand\u0131\u011f\u0131n\u0131 ke\u015ffederler. Tuhaf Deniz Kasabas\u0131 her daim esrarengiz bir yer olmu\u015ftu. Fakat \u015fimdi sis k\u0131y\u0131ya \u00e7\u00f6k\u00fcyor ve i\u015fler \u00e7ok daha \u00fcrk\u00fct\u00fcc\u00fc bir h\u00e2le geliyor. M\u00fckemmel bir hayal g\u00fcc\u00fcyle olu\u015fturulmu\u015f macera atmosferi, mitler ve efsaneler y\u00f6n\u00fcnden zengin lezzetli bir gotik anlat\u0131. Malamander kitab\u0131 Thomas Taylor&#8217;\u0131n yetenekli bir yazar oldu\u011funu kan\u0131tl\u0131yor. Bu kitap b\u00fct\u00fcn alk\u0131\u015flar\u0131 hak ediyor. \u2014The Bookseller Bu gen\u00e7lik maceras\u0131nda bir tatil adas\u0131nda iki \u00e7ocu\u011fun yerel bir efsaneyi kovalay\u0131\u015f\u0131n\u0131 okuyacaks\u0131n\u0131z. Yazar mizahi bir ton ile ilgin\u00e7 karakterleri birle\u015ftirerek al\u0131\u015f\u0131lagelmedik bir \u00fc\u00e7lemenin a\u00e7\u0131l\u0131\u015f\u0131n\u0131 yap\u0131yor. Enerjik, fantastik bu anlat\u0131 taraf\u0131ndan ele ge\u00e7iriliyorsunuz. \u2014Publishers Weekly<\/p>","protected":false},"featured_media":20776,"template":"","meta":{"spay_email":""},"product_cat":[168],"product_tag":[],"item":[360],"acf":[],"_links":{"self":[{"href":"https:\/\/mgvpublications.com\/de\/wp-json\/wp\/v2\/product\/19271"}],"collection":[{"href":"https:\/\/mgvpublications.com\/de\/wp-json\/wp\/v2\/product"}],"about":[{"href":"https:\/\/mgvpublications.com\/de\/wp-json\/wp\/v2\/types\/product"}],"wp:featuredmedia":[{"embeddable":true,"href":"https:\/\/mgvpublications.com\/de\/wp-json\/wp\/v2\/media\/20776"}],"wp:attachment":[{"href":"https:\/\/mgvpublications.com\/de\/wp-json\/wp\/v2\/media?parent=19271"}],"wp:term":[{"taxonomy":"product_cat","embeddable":true,"href":"https:\/\/mgvpublications.com\/de\/wp-json\/wp\/v2\/product_cat?post=19271"},{"taxonomy":"product_tag","embeddable":true,"href":"https:\/\/mgvpublications.com\/de\/wp-json\/wp\/v2\/product_tag?post=19271"},{"taxonomy":"item","embeddable":true,"href":"https:\/\/mgvpublications.com\/de\/wp-json\/wp\/v2\/item?post=19271"}],"curies":[{"name":"wp","href":"https:\/\/api.w.org\/{rel}","templated":true}]}}