{"id":19267,"date":"2021-05-08T15:24:49","date_gmt":"2021-05-08T13:24:49","guid":{"rendered":"https:\/\/mgvpublications.com\/produkt\/kagittan-son-turna-kusu\/"},"modified":"2022-03-08T22:53:31","modified_gmt":"2022-03-08T21:53:31","slug":"kagittan-son-turna-kusu","status":"publish","type":"product","link":"https:\/\/mgvpublications.com\/de\/kagittan-son-turna-kusu\/","title":{"rendered":"Ka\u011f\u0131ttan Son Turna Ku\u015fu"},"content":{"rendered":"<p>\u00c7evirmen: Gizem \u015eakar<br \/>Yay\u0131n Tarihi: 08.09.2020<br \/>ISBN: 9786050833751<br \/>Dil: T\u00dcRK\u00c7E<br \/>Sayfa Say\u0131s\u0131: 288<br \/>Cilt Tipi: Karton Kapak<br \/>Ka\u011f\u0131t Cinsi: Kitap Ka\u011f\u0131d\u0131<br \/>Boyut: 13.5 x 20.5 cm<\/p>","protected":false},"excerpt":{"rendered":"<p>G\u00fcn\u00fcm\u00fcz Japonya&#8217;s\u0131ndan, n\u00fckleer bomban\u0131n Hiro\u015fima&#8217;y\u0131 mahvetti\u011fi g\u00fcne uzanan, kalplerdeki umudu ye\u015fertecek unutulmaz bir roman&#8230; Mizuki&#8217;nin b\u00fcy\u00fckbabas\u0131 Ichiro&#8217;nun ki\u015fili\u011fi kar\u0131s\u0131n\u0131n vefat\u0131ndan sonra de\u011fi\u015fmi\u015ftir. O ne\u015feli ve mutlu ki\u015fi gitmi\u015f; yerine y\u0131llard\u0131r biriken pi\u015fmanl\u0131klar\u0131n ezdi\u011fi, hayatla ba\u011flar\u0131n\u0131 koparm\u0131\u015f Ichiro gelmi\u015ftir. Bu de\u011fi\u015fimin sebebi, Ichiro&#8217;nun ergenlik \u00e7a\u011f\u0131nda ya\u015fad\u0131\u011f\u0131 Hiro\u015fima&#8217;ya n\u00fckleer bomban\u0131n at\u0131ld\u0131\u011f\u0131 g\u00fcnde gizlidir. Mizuki b\u00fcy\u00fckbabas\u0131n\u0131 y\u0131llarca herkesten saklad\u0131\u011f\u0131 anlatmas\u0131 i\u00e7in cesaretlendirir. Ergenlik \u00e7a\u011f\u0131ndaki Ichiro, evinde arkada\u015f\u0131 Hiro&#8217;yla beraber vakit ge\u00e7irirken deh\u015fet verici n\u00fckleer bomban\u0131n at\u0131lmas\u0131yla k\u00f6r edici bir parlamaya \u015fahit olur. \u0130ki arkada\u015f, \u00e7ok a\u011f\u0131r hasar alm\u0131\u015f bu \u015fehirde b\u00fcy\u00fck cesaret sergileyerek Hiro&#8217;nun be\u015f ya\u015f\u0131ndaki k\u0131z karde\u015fi Keiko&#8217;yu bulmaya \u00e7al\u0131\u015f\u0131rlar. Ichiro ve Hiro Keiko&#8217;yu kurtarabilecek midir? Peki ya Ichiro babas\u0131na ve Hiro&#8217;ya verdi\u011fi s\u00f6zleri tutabilecek midir? Bir Japon efsanesine g\u00f6re, k\u00e2\u011f\u0131ttan bin tane turna ku\u015fu katlama sabr\u0131n\u0131 g\u00f6sterenlerin dilekleri ger\u00e7ek olurmu\u015f. Ichiro, yapmas\u0131 gereken son turna ku\u015funu tamamlad\u0131\u011f\u0131nda her \u015fey yoluna girecek mi? \u00dczerinden bunca y\u0131l ge\u00e7mi\u015f bir s\u00f6z i\u00e7in Mizuki b\u00fcy\u00fck babas\u0131na yard\u0131m edebilecek mi?<\/p>","protected":false},"featured_media":19266,"template":"","meta":{"spay_email":""},"product_cat":[168],"product_tag":[],"item":[360],"acf":[],"_links":{"self":[{"href":"https:\/\/mgvpublications.com\/de\/wp-json\/wp\/v2\/product\/19267"}],"collection":[{"href":"https:\/\/mgvpublications.com\/de\/wp-json\/wp\/v2\/product"}],"about":[{"href":"https:\/\/mgvpublications.com\/de\/wp-json\/wp\/v2\/types\/product"}],"wp:featuredmedia":[{"embeddable":true,"href":"https:\/\/mgvpublications.com\/de\/wp-json\/wp\/v2\/media\/19266"}],"wp:attachment":[{"href":"https:\/\/mgvpublications.com\/de\/wp-json\/wp\/v2\/media?parent=19267"}],"wp:term":[{"taxonomy":"product_cat","embeddable":true,"href":"https:\/\/mgvpublications.com\/de\/wp-json\/wp\/v2\/product_cat?post=19267"},{"taxonomy":"product_tag","embeddable":true,"href":"https:\/\/mgvpublications.com\/de\/wp-json\/wp\/v2\/product_tag?post=19267"},{"taxonomy":"item","embeddable":true,"href":"https:\/\/mgvpublications.com\/de\/wp-json\/wp\/v2\/item?post=19267"}],"curies":[{"name":"wp","href":"https:\/\/api.w.org\/{rel}","templated":true}]}}