{"id":19263,"date":"2021-05-08T15:24:48","date_gmt":"2021-05-08T13:24:48","guid":{"rendered":"https:\/\/mgvpublications.com\/produkt\/ucabilecegini-hayal-eden-tavuk\/"},"modified":"2022-03-08T22:53:28","modified_gmt":"2022-03-08T21:53:28","slug":"ucabilecegini-hayal-eden-tavuk","status":"publish","type":"product","link":"https:\/\/mgvpublications.com\/de\/ucabilecegini-hayal-eden-tavuk\/","title":{"rendered":"U\u00e7abilece\u011fini Hayal Eden Tavuk"},"content":{"rendered":"<p>\u00c7evirmen: P\u0131nar Sava\u015f<br \/>Yay\u0131n Tarihi: 16.06.2020<br \/>ISBN: 9786050833942<br \/>Dil: T\u00dcRK\u00c7E<br \/>Sayfa Say\u0131s\u0131: 96<br \/>Cilt Tipi: Karton Kapak<br \/>Ka\u011f\u0131t Cinsi: Kitap Ka\u011f\u0131d\u0131<br \/>Boyut: 13.5 x 20.5 cm<br \/>Di\u011fer \u00d6zellik: 10  Ya\u015f<\/p>","protected":false},"excerpt":{"rendered":"<p>Okuyaca\u011f\u0131n\u0131z bu modern klasik, Filiz ad\u0131ndaki tavu\u011fun \u00f6yk\u00fcs\u00fcd\u00fcr. Filiz art\u0131k emir \u00fczerine yumurtlamak ve t\u00fcm yumurtalar\u0131n\u0131n pazara sat\u0131lmaya g\u00f6t\u00fcr\u00fclmesini izlemek istemez. Her Sabah \u00e7iftli\u011fin kap\u0131s\u0131ndan gelece\u011fine g\u00f6z atar, \u00f6zg\u00fcrce dola\u015fan hayvanlar\u0131 izler ve vah\u015fi do\u011faya ka\u00e7arak kendisi i\u00e7in bir yumurta yumurtlaman\u0131n hayalini kurar. \u00d6zg\u00fcrl\u00fc\u011f\u00fc, bireyselli\u011fi ve anneli\u011fi temel alarak \u00e7iftli\u011fin geleneklere sar\u0131l\u0131 d\u00fcnyas\u0131na ba\u015fkald\u0131ran, y\u00fcrekli ve ilham sahibi bir di\u015fi kahraman\u0131n hik\u00e2yesini anlatan U\u00e7abilece\u011fini Hayal Eden Tavuk, ayn\u0131 zamanda evrensel yank\u0131n\u0131n roman\u0131d\u0131r ve d\u00fcnya \u00e7ap\u0131nda milyonlarca okura ula\u015fm\u0131\u015ft\u0131r. Tavuk, \u00f6rdek, horoz, k\u00f6pek, gelincik gibi hayvan karakterleriyle, Hayvan \u00c7iftli\u011fi ve Charlotte&#8217;nin A\u011f\u0131 gibi \u0130ngiliz klasiklerini akla getirir. Sun-mi Hwang&#8217;\u0131n g\u00fcn\u00fcm\u00fcz i\u00e7in kaleme ald\u0131\u011f\u0131 bu fabl, d\u00fcnya edebiyat\u0131 i\u00e7inde yerini alm\u0131\u015f unutulmaz bir karakterin yolculu\u011funu anlat\u0131r.<\/p>","protected":false},"featured_media":20234,"template":"","meta":{"spay_email":""},"product_cat":[168],"product_tag":[],"item":[360],"acf":[],"_links":{"self":[{"href":"https:\/\/mgvpublications.com\/de\/wp-json\/wp\/v2\/product\/19263"}],"collection":[{"href":"https:\/\/mgvpublications.com\/de\/wp-json\/wp\/v2\/product"}],"about":[{"href":"https:\/\/mgvpublications.com\/de\/wp-json\/wp\/v2\/types\/product"}],"wp:featuredmedia":[{"embeddable":true,"href":"https:\/\/mgvpublications.com\/de\/wp-json\/wp\/v2\/media\/20234"}],"wp:attachment":[{"href":"https:\/\/mgvpublications.com\/de\/wp-json\/wp\/v2\/media?parent=19263"}],"wp:term":[{"taxonomy":"product_cat","embeddable":true,"href":"https:\/\/mgvpublications.com\/de\/wp-json\/wp\/v2\/product_cat?post=19263"},{"taxonomy":"product_tag","embeddable":true,"href":"https:\/\/mgvpublications.com\/de\/wp-json\/wp\/v2\/product_tag?post=19263"},{"taxonomy":"item","embeddable":true,"href":"https:\/\/mgvpublications.com\/de\/wp-json\/wp\/v2\/item?post=19263"}],"curies":[{"name":"wp","href":"https:\/\/api.w.org\/{rel}","templated":true}]}}