{"id":19261,"date":"2021-05-08T15:24:48","date_gmt":"2021-05-08T13:24:48","guid":{"rendered":"https:\/\/mgvpublications.com\/produkt\/fikih-usulu-arastirmalari\/"},"modified":"2022-03-08T22:53:28","modified_gmt":"2022-03-08T21:53:28","slug":"fikih-usulu-arastirmalari","status":"publish","type":"product","link":"https:\/\/mgvpublications.com\/de\/fikih-usulu-arastirmalari\/","title":{"rendered":"F\u0131k\u0131h Us\u00fbl\u00fc Ara\u015ft\u0131rmalar\u0131"},"content":{"rendered":"<p>Yay\u0131n Tarihi: 01.04.2021<br \/>ISBN: 9789755485430<br \/>Dil: T\u00dcRK\u00c7E<br \/>Sayfa Say\u0131s\u0131: 368<br \/>Cilt Tipi: Karton Kapak<br \/>Ka\u011f\u0131t Cinsi: Kitap Ka\u011f\u0131d\u0131<br \/>Boyut: 16 x 23.5 cm<\/p>","protected":false},"excerpt":{"rendered":"<p>\u0130nsan davran\u0131\u015f\u0131yla ilgili din\u00ee h\u00fckm\u00fcn kaynaklar\u0131n\u0131, bu kaynaklardan h\u00fck\u00fcm \u00e7\u0131karman\u0131n yollar\u0131n\u0131, h\u00fckm\u00fcn mahiyetini ve ictihad\u0131n kurallar\u0131n\u0131 inceleyen f\u0131k\u0131h us\u00fbl\u00fc, \u0130sl\u00e2m\u00ee ilimlerin \u00f6nderidir. \u00c7\u00fcnk\u00fc dini anlaman\u0131n ve onun ad\u0131na konu\u015fman\u0131n hem y\u00f6ntemini belirleyen hem de yetkisini veren ilim, f\u0131k\u0131h us\u00fbl\u00fcd\u00fcr. \u00d6yle ki, f\u0131k\u0131h us\u00fbl\u00fc bilinip kavranmadan ne Kur\u2019\u00e2n-\u0131 Kerim tevil edilebilir ne Hz. Peygamber\u2019in hadis-s\u00fcnneti tespit edilip anla\u015f\u0131labilir ne yeknesak bir inan\u00e7 esaslar\u0131 dizgesi olu\u015fturulabilir ne der\u00fbn\u00ee-vicdan\u00ee hissiyat ve i\u00e7sel din\u00ee tecr\u00fcbe disiplin alt\u0131na al\u0131nabilir ne de tutarl\u0131 ve ana kaynaklarla uyumlu bir d\u00fc\u015f\u00fcnce sistemi kurulabilir. B\u00f6yle bir \u00f6neme sahip olan f\u0131k\u0131h us\u00fbl\u00fc ilmi, din\u00ee-hukuk\u00ee h\u00fck\u00fcmlerin f\u0131k\u0131h mezhepleri eliyle olgunla\u015fmas\u0131ndan sonra ortaya \u00e7\u0131km\u0131\u015f, dolay\u0131s\u0131yla ge\u00e7mi\u015fte olup biteni y\u00f6ntemsel a\u00e7\u0131dan a\u00e7\u0131klamaya \u00e7al\u0131\u015fan ve y\u00fcz\u00fc ge\u00e7mi\u015fe d\u00f6n\u00fck olan bir ilim de\u011fildir. E\u011fer hayat devam edecek ve buna ba\u011fl\u0131 olarak dini anlama, kavrama ve hayata aktarma eylemleri s\u00f6z konusu olacaksa, f\u0131k\u0131h us\u00fbl\u00fc de i\u015flevini s\u00fcrd\u00fcrecek demektir. Elinizdeki kitap, b\u00f6yle bir \u00f6neme sahip olan f\u0131k\u0131h us\u00fbl\u00fc ilminin farkl\u0131 alanlar\u0131na ili\u015fkin ara\u015ft\u0131rmalardan olu\u015fmaktad\u0131r.<\/p>","protected":false},"featured_media":19260,"template":"","meta":{"spay_email":""},"product_cat":[174],"product_tag":[],"item":[856],"acf":[],"_links":{"self":[{"href":"https:\/\/mgvpublications.com\/de\/wp-json\/wp\/v2\/product\/19261"}],"collection":[{"href":"https:\/\/mgvpublications.com\/de\/wp-json\/wp\/v2\/product"}],"about":[{"href":"https:\/\/mgvpublications.com\/de\/wp-json\/wp\/v2\/types\/product"}],"wp:featuredmedia":[{"embeddable":true,"href":"https:\/\/mgvpublications.com\/de\/wp-json\/wp\/v2\/media\/19260"}],"wp:attachment":[{"href":"https:\/\/mgvpublications.com\/de\/wp-json\/wp\/v2\/media?parent=19261"}],"wp:term":[{"taxonomy":"product_cat","embeddable":true,"href":"https:\/\/mgvpublications.com\/de\/wp-json\/wp\/v2\/product_cat?post=19261"},{"taxonomy":"product_tag","embeddable":true,"href":"https:\/\/mgvpublications.com\/de\/wp-json\/wp\/v2\/product_tag?post=19261"},{"taxonomy":"item","embeddable":true,"href":"https:\/\/mgvpublications.com\/de\/wp-json\/wp\/v2\/item?post=19261"}],"curies":[{"name":"wp","href":"https:\/\/api.w.org\/{rel}","templated":true}]}}