{"id":19259,"date":"2021-05-08T15:24:47","date_gmt":"2021-05-08T13:24:47","guid":{"rendered":"https:\/\/mgvpublications.com\/produkt\/beni-onlara-verme\/"},"modified":"2022-03-08T22:53:27","modified_gmt":"2022-03-08T21:53:27","slug":"beni-onlara-verme","status":"publish","type":"product","link":"https:\/\/mgvpublications.com\/de\/beni-onlara-verme\/","title":{"rendered":"Beni Onlara Verme"},"content":{"rendered":"<p>Yay\u0131n Tarihi: 18.03.2021<br \/>ISBN: 9786050982008<br \/>Dil: T\u00dcRK\u00c7E<br \/>Sayfa Say\u0131s\u0131: 216<br \/>Cilt Tipi: Karton Kapak<br \/>Ka\u011f\u0131t Cinsi: Kitap Ka\u011f\u0131d\u0131<br \/>Boyut: 13.5 x 19.5 cm<\/p>","protected":false},"excerpt":{"rendered":"<p>\u201cK\u0131rg\u0131n\u0131m. D\u00fcnya k\u0131rg\u0131nl\u0131\u011f\u0131m\u0131n da fark\u0131nda de\u011fil.\u201d Tar\u0131k Tufan, \u0130stanbul&#8217;un eski bir semtinde, kaybolmaya y\u00fcz tutmu\u015f mahallelerinden birinde ya\u015fayan hayata k\u00fcsk\u00fcn, k\u0131rg\u0131n kad\u0131nlar\u0131n; yaral\u0131, yorgun erkeklerin yar\u0131m kalan hik\u00e2yelerini anlat\u0131yor. Ac\u0131s\u0131 dinmemi\u015f ayr\u0131l\u0131klar\u0131, tutkulu ve h\u00fcz\u00fcnl\u00fc a\u015fklar\u0131 resmediyor. Ger\u00e7eklikle kurmaca aras\u0131ndaki \u00e7izginin ortadan kalkt\u0131\u011f\u0131 yal\u0131nl\u0131kta bir \u0130stanbul a\u011f\u0131t\u0131 bu. \u0130nsan\u0131n kalbine i\u015fleyen derin duygular, tan\u0131d\u0131k y\u00fczlerin sakl\u0131 hayatlar\u0131, yan\u0131ndan ge\u00e7erken fark etmediklerimiz, b\u00fcy\u00fcleyici ve masals\u0131 bir d\u00fcnya. Beni Onlara Verme sizi bir tan\u0131kl\u0131\u011fa ve bitmeyen umudun pe\u015finden gitmeye \u00e7a\u011f\u0131r\u0131yor. \u201c\u00c7ok g\u00fczelsin. Sen hep g\u00fczelsin. Ben yine sana bak\u0131yorum, sen ba\u015fka bir yere. Beni g\u00f6rm\u00fcyorsun. Fark etmiyorsun. Dola\u015ft\u0131\u011f\u0131n yerlerde dikkat \u00e7ekmeyen bir nesne gibi bir kenarda duruyorum. Dokunsan can gelecek bedenime.\u201d<\/p>","protected":false},"featured_media":19258,"template":"","meta":{"spay_email":""},"product_cat":[168],"product_tag":[],"item":[563],"acf":[],"_links":{"self":[{"href":"https:\/\/mgvpublications.com\/de\/wp-json\/wp\/v2\/product\/19259"}],"collection":[{"href":"https:\/\/mgvpublications.com\/de\/wp-json\/wp\/v2\/product"}],"about":[{"href":"https:\/\/mgvpublications.com\/de\/wp-json\/wp\/v2\/types\/product"}],"wp:featuredmedia":[{"embeddable":true,"href":"https:\/\/mgvpublications.com\/de\/wp-json\/wp\/v2\/media\/19258"}],"wp:attachment":[{"href":"https:\/\/mgvpublications.com\/de\/wp-json\/wp\/v2\/media?parent=19259"}],"wp:term":[{"taxonomy":"product_cat","embeddable":true,"href":"https:\/\/mgvpublications.com\/de\/wp-json\/wp\/v2\/product_cat?post=19259"},{"taxonomy":"product_tag","embeddable":true,"href":"https:\/\/mgvpublications.com\/de\/wp-json\/wp\/v2\/product_tag?post=19259"},{"taxonomy":"item","embeddable":true,"href":"https:\/\/mgvpublications.com\/de\/wp-json\/wp\/v2\/item?post=19259"}],"curies":[{"name":"wp","href":"https:\/\/api.w.org\/{rel}","templated":true}]}}