{"id":19249,"date":"2021-05-08T15:24:43","date_gmt":"2021-05-08T13:24:43","guid":{"rendered":"https:\/\/mgvpublications.com\/produkt\/islam-iman-ibadet\/"},"modified":"2022-03-08T22:53:27","modified_gmt":"2022-03-08T21:53:27","slug":"islam-iman-ibadet","status":"publish","type":"product","link":"https:\/\/mgvpublications.com\/de\/islam-iman-ibadet\/","title":{"rendered":"\u0130slam \u0130man \u0130badet"},"content":{"rendered":"<p>Yay\u0131n Tarihi: 01.01.2000<br \/>ISBN: 9789756247983<br \/>Dil: T\u00dcRK\u00c7E<br \/>Sayfa Say\u0131s\u0131: 444<br \/>Cilt Tipi: Karton Kapak<br \/>Ka\u011f\u0131t Cinsi: 1. Hm. Ka\u011f\u0131t<br \/>Boyut: 13.5 x 19.5 cm<\/p>","protected":false},"excerpt":{"rendered":"<p>Muhterem Osman Nuri Topba\u015f Bey&#8217;den \u0130slam&#8217;\u0131n temel umdelerinin manevi pencereden izah\u0131 \u0130slam, iman, ibadet. \u0130nsan\u0131 Rahman&#8217;\u0131n huzuruna ta\u015f\u0131yan \u00fc\u00e7 \u00f6nemli basamak: \u0130slam Allah&#8217;a teslim olu\u015fun ad\u0131. Teslimiyet imanla ta\u00e7lan\u0131nca ger\u00e7ek manas\u0131n\u0131 bulan ruh hali&#8230; \u0130man nuru, ibadet kandilinin fitili yand\u0131k\u00e7a etraf\u0131na \u0131\u015f\u0131k veriyor. Bu kitab\u0131n gayesi; \u0130slam\u0131n izzetini temsil edecek bilin\u00e7li ku\u015faklar yeti\u015fmesine katk\u0131da bulunmakt\u0131r. Dinin temel umdelerine ihlasla sahiplenmenin gereklili\u011fini ortaya koymakt\u0131r. \u0130badetlerin sevgisini nak\u0131\u015f nak\u0131\u015f g\u00f6n\u00fcllere i\u015flemektir. Mesela namaz\u0131, Allah dostlar\u0131n\u0131n namaz\u0131na imrenerek k\u0131lmak. Hac yollar\u0131na kavurucu bir a\u015fk ku\u015fanarak \u00e7\u0131kmak. Zekat\u0131 ger\u00e7ek manada ar\u0131nma iradesiyle vermek. Orucu haslar has\u0131n\u0131n sak\u0131nd\u0131\u011f\u0131 gibi tutmak. B\u00fct\u00fcn bunlar\u0131 kutlu birer hedef bilmek&#8230; \u0130badetlere ulvi gayelerle sar\u0131lmak. Her birine a\u015fkla, muhabbetle k\u0131yam etmek. Kendimi yenilemeliyim, heyecan\u0131m\u0131 tazelemeliyim diyorsan\u0131z; okuma saatindeki ilk randevunuz g\u00f6nl\u00fcn\u00fcz\u00fc doyurmal\u0131. Kur&#8217;\u00e2n ve S\u00fcnnet \u0130kliminde \u0130slam, \u0130man ve \u0130badet adl\u0131 eserin bunu temin edece\u011fine emin olabilirsiniz.<\/p>","protected":false},"featured_media":19248,"template":"","meta":{"spay_email":""},"product_cat":[174],"product_tag":[],"item":[818],"acf":[],"_links":{"self":[{"href":"https:\/\/mgvpublications.com\/de\/wp-json\/wp\/v2\/product\/19249"}],"collection":[{"href":"https:\/\/mgvpublications.com\/de\/wp-json\/wp\/v2\/product"}],"about":[{"href":"https:\/\/mgvpublications.com\/de\/wp-json\/wp\/v2\/types\/product"}],"wp:featuredmedia":[{"embeddable":true,"href":"https:\/\/mgvpublications.com\/de\/wp-json\/wp\/v2\/media\/19248"}],"wp:attachment":[{"href":"https:\/\/mgvpublications.com\/de\/wp-json\/wp\/v2\/media?parent=19249"}],"wp:term":[{"taxonomy":"product_cat","embeddable":true,"href":"https:\/\/mgvpublications.com\/de\/wp-json\/wp\/v2\/product_cat?post=19249"},{"taxonomy":"product_tag","embeddable":true,"href":"https:\/\/mgvpublications.com\/de\/wp-json\/wp\/v2\/product_tag?post=19249"},{"taxonomy":"item","embeddable":true,"href":"https:\/\/mgvpublications.com\/de\/wp-json\/wp\/v2\/item?post=19249"}],"curies":[{"name":"wp","href":"https:\/\/api.w.org\/{rel}","templated":true}]}}