{"id":19247,"date":"2021-05-08T15:24:42","date_gmt":"2021-05-08T13:24:42","guid":{"rendered":"https:\/\/mgvpublications.com\/produkt\/caglar-itfaiyeci-oluyor-ilk-okuma-kitabim\/"},"modified":"2022-03-08T22:53:27","modified_gmt":"2022-03-08T21:53:27","slug":"caglar-itfaiyeci-oluyor-ilk-okuma-kitabim","status":"publish","type":"product","link":"https:\/\/mgvpublications.com\/de\/caglar-itfaiyeci-oluyor-ilk-okuma-kitabim\/","title":{"rendered":"\u00c7a\u011flar \u0130tfaiyeci Oluyor \/ \u0130lk Okuma Kitab\u0131m"},"content":{"rendered":"<p>\u00c7evirmen: Aylin Gergin<br \/>Yay\u0131n Tarihi: 13.05.2020<br \/>Orijinal Ad\u0131: Max und die Feuerwehr<br \/>ISBN: 9786257999540<br \/>Dil: T\u00dcRK\u00c7E<br \/>Sayfa Say\u0131s\u0131: 24<br \/>Cilt Tipi: Karton Kapak<br \/>Ka\u011f\u0131t Cinsi: Ku\u015fe Ka\u011f\u0131t<br \/>Boyut: 22 x 22 cm<\/p>","protected":false},"excerpt":{"rendered":"<p>\u00c7a\u011flar en yak\u0131n arkada\u015f\u0131 Pelin\u2019le bah\u00e7ede itfaiyecilik oynuyordu. Birden bir kedinin miyavlad\u0131\u011f\u0131n\u0131 duydular. Kedinin acilen yard\u0131ma ihtiyac\u0131 vard\u0131. Annesi hemen itfaiyeyi arad\u0131 ve durumu bildirdi. \u0130tfaiyenin gelmesiyle kedi kurtuldu. Birka\u00e7 g\u00fcn sonra parkta yanan bir \u00e7\u00f6p kovas\u0131 g\u00f6ren \u00c7a\u011flar, hemen babas\u0131na \u00e7\u00f6p kovas\u0131n\u0131 g\u00f6sterdi. Parka gelen itfaiyecilerden biri \u00c7a\u011flar\u2019\u0131 \u0130tfaiye Haftas\u0131\u2019n\u0131n etkinli\u011fine davet etti.<\/p>","protected":false},"featured_media":19246,"template":"","meta":{"spay_email":""},"product_cat":[172],"product_tag":[],"item":[336],"acf":[],"_links":{"self":[{"href":"https:\/\/mgvpublications.com\/de\/wp-json\/wp\/v2\/product\/19247"}],"collection":[{"href":"https:\/\/mgvpublications.com\/de\/wp-json\/wp\/v2\/product"}],"about":[{"href":"https:\/\/mgvpublications.com\/de\/wp-json\/wp\/v2\/types\/product"}],"wp:featuredmedia":[{"embeddable":true,"href":"https:\/\/mgvpublications.com\/de\/wp-json\/wp\/v2\/media\/19246"}],"wp:attachment":[{"href":"https:\/\/mgvpublications.com\/de\/wp-json\/wp\/v2\/media?parent=19247"}],"wp:term":[{"taxonomy":"product_cat","embeddable":true,"href":"https:\/\/mgvpublications.com\/de\/wp-json\/wp\/v2\/product_cat?post=19247"},{"taxonomy":"product_tag","embeddable":true,"href":"https:\/\/mgvpublications.com\/de\/wp-json\/wp\/v2\/product_tag?post=19247"},{"taxonomy":"item","embeddable":true,"href":"https:\/\/mgvpublications.com\/de\/wp-json\/wp\/v2\/item?post=19247"}],"curies":[{"name":"wp","href":"https:\/\/api.w.org\/{rel}","templated":true}]}}