{"id":19235,"date":"2021-05-08T15:24:40","date_gmt":"2021-05-08T13:24:40","guid":{"rendered":"https:\/\/mgvpublications.com\/produkt\/tarihi-degistiren-gunler\/"},"modified":"2022-03-08T22:53:24","modified_gmt":"2022-03-08T21:53:24","slug":"tarihi-degistiren-gunler","status":"publish","type":"product","link":"https:\/\/mgvpublications.com\/de\/tarihi-degistiren-gunler\/","title":{"rendered":"Tarihi De\u011fi\u015ftiren G\u00fcnler"},"content":{"rendered":"<p>Yay\u0131n Tarihi: 03.12.2020<br \/>ISBN: 9786050834536<br \/>Dil: T\u00dcRK\u00c7E<br \/>Sayfa Say\u0131s\u0131: 352<br \/>Cilt Tipi: Karton Kapak<br \/>Ka\u011f\u0131t Cinsi: Kitap Ka\u011f\u0131d\u0131<br \/>Boyut: 13.5 x 21 cm<\/p>","protected":false},"excerpt":{"rendered":"<p>Tarihi De\u011fi\u015ftirenler Serisi t\u00fcm h\u0131z\u0131yla devam ediyor\u2026 Serinin 9. Kitab\u0131 tarihte d\u00f6n\u00fcm noktas\u0131 olan g\u00fcnlere odaklan\u0131yor\u2026 \u201cO s\u0131rada T\u00fcrkiye\u2019de ne oluyordu?\u201d b\u00f6l\u00fcm\u00fcyle de okurlara kar\u015f\u0131la\u015ft\u0131rmal\u0131 tarih imkan\u0131 sa\u011fl\u0131yor\u2026 S\u00fcvey\u015f Krizi, Vietnam Sendromu, Neil Armstrong, Baas Partisi, Ke\u015fmir Sorunu, Kore Sava\u015f\u0131, Uzun Y\u00fcr\u00fcy\u00fc\u015f, Ba\u011f\u0131ms\u0131zl\u0131k Bildirgesi, B\u00fcy\u00fck Bunal\u0131m, New Deal, \u0130ran \u0130slam Devrimi, Amerikan \u0130\u00e7 Sava\u015f\u0131, Cemal Abd\u00fcl Nas\u0131r, 11 Eyl\u00fcl Sald\u0131r\u0131lar\u0131, Mahatma Ghandi, Ba\u015fkan Kennedy, K\u0131br\u0131s Bar\u0131\u015f Harek\u00e2t\u0131, Mehmet Ali A\u011fca, \u0130nebaht\u0131, \u00c7ernobil, Petrol Krizi, Normandiya \u00c7\u0131kartmas\u0131, Saddam H\u00fcseyin, Pearl Harbor Bask\u0131n\u0131, El Kaide, Everest, Apartheid, Gagarin, Perestroika, Ba\u015fkan Mao, Konstantinopol, Waterloo, K\u00fcba F\u00fcze Krizi, Sava\u015flar\u0131n Anas\u0131, Afganistan&#8217;\u0131n \u0130\u015fgali, Berlin Duvar\u0131, Ha\u00e7l\u0131 Seferi, Sivil \u0130taatsizlik, Tiananmen Olaylar\u0131, Macar Ayaklanmas\u0131, Prag Bahar\u0131, Nelson Mandela, Enosis, Politb\u00fcro, Klonlama, \u0130nternet, Viyana Ku\u015fatmas\u0131, Filistin-\u0130srail Bar\u0131\u015f\u0131, Napolyon, So\u011fuk Sava\u015f, JFK, Albaylar Cuntas\u0131, Martin Luther King, Ekim Devrimi ve daha onlarcas\u0131&#8230; BU \u0130S\u0130MLER VE KAVRAMLAR HAYATIMIZA NASIL G\u0130RD\u0130 DERS\u0130N\u0130Z?<\/p>","protected":false},"featured_media":19234,"template":"","meta":{"spay_email":""},"product_cat":[170],"product_tag":[],"item":[360],"acf":[],"_links":{"self":[{"href":"https:\/\/mgvpublications.com\/de\/wp-json\/wp\/v2\/product\/19235"}],"collection":[{"href":"https:\/\/mgvpublications.com\/de\/wp-json\/wp\/v2\/product"}],"about":[{"href":"https:\/\/mgvpublications.com\/de\/wp-json\/wp\/v2\/types\/product"}],"wp:featuredmedia":[{"embeddable":true,"href":"https:\/\/mgvpublications.com\/de\/wp-json\/wp\/v2\/media\/19234"}],"wp:attachment":[{"href":"https:\/\/mgvpublications.com\/de\/wp-json\/wp\/v2\/media?parent=19235"}],"wp:term":[{"taxonomy":"product_cat","embeddable":true,"href":"https:\/\/mgvpublications.com\/de\/wp-json\/wp\/v2\/product_cat?post=19235"},{"taxonomy":"product_tag","embeddable":true,"href":"https:\/\/mgvpublications.com\/de\/wp-json\/wp\/v2\/product_tag?post=19235"},{"taxonomy":"item","embeddable":true,"href":"https:\/\/mgvpublications.com\/de\/wp-json\/wp\/v2\/item?post=19235"}],"curies":[{"name":"wp","href":"https:\/\/api.w.org\/{rel}","templated":true}]}}