{"id":19233,"date":"2021-05-08T15:24:39","date_gmt":"2021-05-08T13:24:39","guid":{"rendered":"https:\/\/mgvpublications.com\/produkt\/ask-i-sukun\/"},"modified":"2022-03-08T22:53:24","modified_gmt":"2022-03-08T21:53:24","slug":"ask-i-sukun","status":"publish","type":"product","link":"https:\/\/mgvpublications.com\/de\/ask-i-sukun\/","title":{"rendered":"A\u015fk-\u0131 S\u00fckun"},"content":{"rendered":"<p>Yay\u0131n Tarihi: 08.02.2021<br \/>ISBN: 9786050823424<br \/>Dil: T\u00dcRK\u00c7E<br \/>Sayfa Say\u0131s\u0131: 216<br \/>Cilt Tipi: Karton Kapak<br \/>Ka\u011f\u0131t Cinsi: Kitap Ka\u011f\u0131d\u0131<br \/>Boyut: 13.5 x 21 cm<\/p>","protected":false},"excerpt":{"rendered":"<p>Say ettim; yaln\u0131zl\u0131kta, acizlikte, \u00e7aresizlikte\u2026 Say ettim; tevekk\u00fclde, teslimiyette, r\u0131zada&#8230; Say ettim; nefiste\u2026 kalpte\u2026 ruhta\u2026 a\u015fkta\u2026 s\u00fck\u00fbnda\u2026 Nefisten kalbe, kalpten nefse say ettim\u2026 D\u00f6kt\u00fcm t\u00fcm \u00e7ak\u0131l ta\u015flar\u0131m\u0131\u2026 G\u00f6zya\u015flar\u0131m\u0131n verdi\u011fi serinlik ruhumu biraz ferahlatm\u0131\u015ft\u0131. T\u00fcm cesaretimi toplay\u0131p bak\u0131\u015flar\u0131m\u0131 yavrumun oldu\u011fu yere do\u011fru uzatt\u0131m. O da ne? G\u00f6zlerime inanamad\u0131m. Kupkuru \u00e7\u00f6l\u00fcn ortas\u0131nda bir anan\u0131n g\u00f6zya\u015flar\u0131 rahmet, kanayan y\u00fcre\u011fi kaynak olmu\u015ftu. Bu su, k\u0131zg\u0131n \u00e7\u00f6lde anay\u0131 temsil eder gibi akacak, k\u0131yamete kadar g\u00f6zya\u015flar\u0131mla bereket bulacakt\u0131. Nuriye \u00c7ele\u011fen, A\u015fk-\u0131 S\u00fck\u00fbn\u2019da, Hazreti Hacer\u2019in, teslimiyet ve tevekk\u00fclden \u00f6r\u00fclm\u00fc\u015f, yaln\u0131zl\u0131\u011f\u0131n en koyusundan ge\u00e7ip hepimize anal\u0131k eden \u015fefkatiyle bereketlenen b\u00fcy\u00fck yolculu\u011funu anlat\u0131yor. Her kad\u0131n Hacer\u2019dir, fark y\u00fcr\u00fcy\u00fc\u015ftedir\u2026<\/p>","protected":false},"featured_media":19232,"template":"","meta":{"spay_email":""},"product_cat":[168],"product_tag":[],"item":[360],"acf":[],"_links":{"self":[{"href":"https:\/\/mgvpublications.com\/de\/wp-json\/wp\/v2\/product\/19233"}],"collection":[{"href":"https:\/\/mgvpublications.com\/de\/wp-json\/wp\/v2\/product"}],"about":[{"href":"https:\/\/mgvpublications.com\/de\/wp-json\/wp\/v2\/types\/product"}],"wp:featuredmedia":[{"embeddable":true,"href":"https:\/\/mgvpublications.com\/de\/wp-json\/wp\/v2\/media\/19232"}],"wp:attachment":[{"href":"https:\/\/mgvpublications.com\/de\/wp-json\/wp\/v2\/media?parent=19233"}],"wp:term":[{"taxonomy":"product_cat","embeddable":true,"href":"https:\/\/mgvpublications.com\/de\/wp-json\/wp\/v2\/product_cat?post=19233"},{"taxonomy":"product_tag","embeddable":true,"href":"https:\/\/mgvpublications.com\/de\/wp-json\/wp\/v2\/product_tag?post=19233"},{"taxonomy":"item","embeddable":true,"href":"https:\/\/mgvpublications.com\/de\/wp-json\/wp\/v2\/item?post=19233"}],"curies":[{"name":"wp","href":"https:\/\/api.w.org\/{rel}","templated":true}]}}