{"id":19231,"date":"2021-05-08T15:24:39","date_gmt":"2021-05-08T13:24:39","guid":{"rendered":"https:\/\/mgvpublications.com\/produkt\/evimiz-cennetimiz-olsun\/"},"modified":"2022-04-08T06:18:09","modified_gmt":"2022-04-08T04:18:09","slug":"evimiz-cennetimiz-olsun","status":"publish","type":"product","link":"https:\/\/mgvpublications.com\/de\/evimiz-cennetimiz-olsun\/","title":{"rendered":"Evimiz Cennetimiz Olsun"},"content":{"rendered":"<p>Yay\u0131n Tarihi: 15.02.2022<br \/>ISBN: 9786050836080<br \/>Dil: T\u00dcRK\u00c7E<br \/>Sayfa Say\u0131s\u0131: 192<br \/>Cilt Tipi: Karton Kapak<br \/>Ka\u011f\u0131t Cinsi: Kitap Ka\u011f\u0131d\u0131<br \/>Boyut: 13.5 x 21 cm<\/p>","protected":false},"excerpt":{"rendered":"<p>Kim evinin cennet gibi olmas\u0131n\u0131 istemez? E\u015flerin muhabbetle kenetlendi\u011fi, hayat\u0131n zorluklar\u0131na kar\u015f\u0131 birbirlerine destek olduklar\u0131, \u00e7ocuklar\u0131n sayg\u0131 ve sevgi \u00e7er\u00e7evesinde ilgi ve \u015fefkatle b\u00fcy\u00fcd\u00fc\u011f\u00fc bir aile ortam\u0131 herkesin hayalidir. Maalesef g\u00fcn\u00fcm\u00fczde ya\u015fanan aile i\u00e7i sorunlar TV ekranlar\u0131nda pervas\u0131zca konu\u015fuluyor, \u00e7\u00f6z\u00fcm odakl\u0131 olmak yerine ya\u015fanan problemler daha da i\u00e7inden \u00e7\u0131k\u0131lmaz bir hale getiriliyor, sorunlar b\u00fcy\u00fct\u00fcl\u00fcyor, kad\u0131na \u015fiddet k\u00f6r\u00fckleniyor, bo\u015fanma oranlar\u0131 her ge\u00e7en y\u0131l artmaya devam ediyor. Evimiz Cennetimiz Olsun, bu gidi\u015fe \u201cdur\u201d demek i\u00e7in aile i\u00e7erisinde ya\u015fanan sorunlar\u0131 te\u015fhis edip psikolojik ve manevi boyutlar\u0131yla enine boyuna ele alarak e\u015flere Kur\u2019an ve S\u00fcnnet perspektifinden yuvalar\u0131n\u0131 cennet edecek \u00e7\u00f6z\u00fcmler sunuyor, \u00f6zlenen sa\u011fl\u0131kl\u0131 bir aile ve toplum yap\u0131s\u0131na ula\u015fman\u0131n yollar\u0131n\u0131 g\u00f6steriyor.<\/p>","protected":false},"featured_media":23132,"template":"","meta":{"spay_email":""},"product_cat":[171],"product_tag":[],"item":[360],"acf":[],"_links":{"self":[{"href":"https:\/\/mgvpublications.com\/de\/wp-json\/wp\/v2\/product\/19231"}],"collection":[{"href":"https:\/\/mgvpublications.com\/de\/wp-json\/wp\/v2\/product"}],"about":[{"href":"https:\/\/mgvpublications.com\/de\/wp-json\/wp\/v2\/types\/product"}],"wp:featuredmedia":[{"embeddable":true,"href":"https:\/\/mgvpublications.com\/de\/wp-json\/wp\/v2\/media\/23132"}],"wp:attachment":[{"href":"https:\/\/mgvpublications.com\/de\/wp-json\/wp\/v2\/media?parent=19231"}],"wp:term":[{"taxonomy":"product_cat","embeddable":true,"href":"https:\/\/mgvpublications.com\/de\/wp-json\/wp\/v2\/product_cat?post=19231"},{"taxonomy":"product_tag","embeddable":true,"href":"https:\/\/mgvpublications.com\/de\/wp-json\/wp\/v2\/product_tag?post=19231"},{"taxonomy":"item","embeddable":true,"href":"https:\/\/mgvpublications.com\/de\/wp-json\/wp\/v2\/item?post=19231"}],"curies":[{"name":"wp","href":"https:\/\/api.w.org\/{rel}","templated":true}]}}