{"id":19227,"date":"2021-05-08T15:24:36","date_gmt":"2021-05-08T13:24:36","guid":{"rendered":"https:\/\/mgvpublications.com\/produkt\/et-tibyan-bez-cilt\/"},"modified":"2022-03-08T22:53:24","modified_gmt":"2022-03-08T21:53:24","slug":"et-tibyan-bez-cilt","status":"publish","type":"product","link":"https:\/\/mgvpublications.com\/de\/et-tibyan-bez-cilt\/","title":{"rendered":"Et-Tibyan ( Bez Cilt )"},"content":{"rendered":"<p>Yay\u0131n Tarihi: 05.06.2021<br \/>Orijinal Ad\u0131: Et-Tiby\u00e2n f\u00ee \u00c2d\u00e2bi Hameleti&#8217;l-Kur&#8217;\u00e2n<br \/>ISBN: 9786057850195<br \/>Bask\u0131 Say\u0131s\u0131: Prof. Dr. Mehmet Ya\u015far Kandemir<br \/>Dil: T\u00dcRK\u00c7E<br \/>Sayfa Say\u0131s\u0131: 384<br \/>Cilt Tipi: Ciltli<br \/>Ka\u011f\u0131t Cinsi: Kitap Ka\u011f\u0131d\u0131<br \/>Boyut: 13.5 x 21 cm<br \/>Derleyici: Prof. Dr. Mehmet Ya\u015far Kandemir<\/p>","protected":false},"excerpt":{"rendered":"<p>\u0130m\u00e2m Nevev\u00ee, ana s\u00fct\u00fc k\u0131v\u00e2m\u0131ndaki Riyaz\u00fc&#8217;s-S\u00e2lih\u00een ve el-Ezk\u00e2r gibi eserleriyle yedi as\u0131rdan beri \u0130sl\u00e2m \u00fcmmetini m\u00e2nen besleyen, K\u00e2tip \u00c7elebi&#8217;nin ifadesiyle &#8221;Allah&#8217;\u0131n s\u0131rlar\u0131ndan bir s\u0131r olan&#8221; pek de\u011ferli bir \u00e2limdir. Et-Tiby\u00e2n f\u00ee \u00c2d\u00e2bi Hameleti&#8217;l-Kur&#8217;\u00e2n adl\u0131 bu eseriyle de Kur&#8217;\u00e2n-\u0131 Ker\u00eem&#8217;e dokunman\u0131n, onu okuman\u0131n, hatmetmenin ve \u00f6\u011frenip \u00f6\u011fretmenin us\u00fbl ve \u00e2d\u00e2b\u0131n\u0131 \u00dcmmet-i Muhammed&#8217;e \u00f6\u011fretmektedir.<\/p>","protected":false},"featured_media":20872,"template":"","meta":{"spay_email":""},"product_cat":[174],"product_tag":[],"item":[363],"acf":[],"_links":{"self":[{"href":"https:\/\/mgvpublications.com\/de\/wp-json\/wp\/v2\/product\/19227"}],"collection":[{"href":"https:\/\/mgvpublications.com\/de\/wp-json\/wp\/v2\/product"}],"about":[{"href":"https:\/\/mgvpublications.com\/de\/wp-json\/wp\/v2\/types\/product"}],"wp:featuredmedia":[{"embeddable":true,"href":"https:\/\/mgvpublications.com\/de\/wp-json\/wp\/v2\/media\/20872"}],"wp:attachment":[{"href":"https:\/\/mgvpublications.com\/de\/wp-json\/wp\/v2\/media?parent=19227"}],"wp:term":[{"taxonomy":"product_cat","embeddable":true,"href":"https:\/\/mgvpublications.com\/de\/wp-json\/wp\/v2\/product_cat?post=19227"},{"taxonomy":"product_tag","embeddable":true,"href":"https:\/\/mgvpublications.com\/de\/wp-json\/wp\/v2\/product_tag?post=19227"},{"taxonomy":"item","embeddable":true,"href":"https:\/\/mgvpublications.com\/de\/wp-json\/wp\/v2\/item?post=19227"}],"curies":[{"name":"wp","href":"https:\/\/api.w.org\/{rel}","templated":true}]}}