{"id":19225,"date":"2021-05-08T15:24:35","date_gmt":"2021-05-08T13:24:35","guid":{"rendered":"https:\/\/mgvpublications.com\/produkt\/islam-dusuncesine-giris\/"},"modified":"2022-03-08T22:53:24","modified_gmt":"2022-03-08T21:53:24","slug":"islam-dusuncesine-giris","status":"publish","type":"product","link":"https:\/\/mgvpublications.com\/de\/islam-dusuncesine-giris\/","title":{"rendered":"\u0130slam D\u00fc\u015f\u00fcncesine Giri\u015f"},"content":{"rendered":"<p>Kapak: Mustafa Bilgin<br \/>Yay\u0131n Tarihi: 23.04.2008<br \/>ISBN: 9789756500170<br \/>Dil: T\u00dcRK\u00c7E<br \/>Sayfa Say\u0131s\u0131: 272<br \/>Cilt Tipi: Karton Kapak<br \/>Ka\u011f\u0131t Cinsi: Kitap Ka\u011f\u0131d\u0131<br \/>Boyut: 13.5 x 21 cm<\/p>","protected":false},"excerpt":{"rendered":"<p>Hakikati anlamada, \u015feriat\u0131n ifade ve naslar\u0131 al\u0131nmak zorunda olsa bile an\u0131lmas\u0131 zorunlu mudur?\u0130slam i\u015frakileri ve me\u015f\u015failerine g\u00f6re bu t\u00fcr bir s\u00f6ylem me\u015frudur ve bu yolla dehrilere, materyalistlere ve n\u00fcb\u00fcvvet inkarc\u0131lar\u0131na etkin cevaplar verebilmi\u015ftir.<\/p>","protected":false},"featured_media":19224,"template":"","meta":{"spay_email":""},"product_cat":[174],"product_tag":[],"item":[1750],"acf":[],"_links":{"self":[{"href":"https:\/\/mgvpublications.com\/de\/wp-json\/wp\/v2\/product\/19225"}],"collection":[{"href":"https:\/\/mgvpublications.com\/de\/wp-json\/wp\/v2\/product"}],"about":[{"href":"https:\/\/mgvpublications.com\/de\/wp-json\/wp\/v2\/types\/product"}],"wp:featuredmedia":[{"embeddable":true,"href":"https:\/\/mgvpublications.com\/de\/wp-json\/wp\/v2\/media\/19224"}],"wp:attachment":[{"href":"https:\/\/mgvpublications.com\/de\/wp-json\/wp\/v2\/media?parent=19225"}],"wp:term":[{"taxonomy":"product_cat","embeddable":true,"href":"https:\/\/mgvpublications.com\/de\/wp-json\/wp\/v2\/product_cat?post=19225"},{"taxonomy":"product_tag","embeddable":true,"href":"https:\/\/mgvpublications.com\/de\/wp-json\/wp\/v2\/product_tag?post=19225"},{"taxonomy":"item","embeddable":true,"href":"https:\/\/mgvpublications.com\/de\/wp-json\/wp\/v2\/item?post=19225"}],"curies":[{"name":"wp","href":"https:\/\/api.w.org\/{rel}","templated":true}]}}