{"id":19221,"date":"2021-05-08T15:24:34","date_gmt":"2021-05-08T13:24:34","guid":{"rendered":"https:\/\/mgvpublications.com\/produkt\/olum-tacirleri-organ-nakli-hakkinda-gizlenen-gercekler\/"},"modified":"2022-03-08T22:53:24","modified_gmt":"2022-03-08T21:53:24","slug":"olum-tacirleri-organ-nakli-hakkinda-gizlenen-gercekler","status":"publish","type":"product","link":"https:\/\/mgvpublications.com\/de\/olum-tacirleri-organ-nakli-hakkinda-gizlenen-gercekler\/","title":{"rendered":"\u00d6l\u00fcm Tacirleri Organ Nakli Hakk\u0131nda Gizlenen Ger\u00e7ekler"},"content":{"rendered":"<p>Yay\u0131n Tarihi: 11.12.2020<br \/>ISBN: 9786257854924<br \/>Dil: T\u00dcRK\u00c7E<br \/>Sayfa Say\u0131s\u0131: 448<br \/>Cilt Tipi: Karton Kapak<br \/>Ka\u011f\u0131t Cinsi: Kitap Ka\u011f\u0131d\u0131<br \/>Boyut: 13.5 x 21 cm<\/p>","protected":false},"excerpt":{"rendered":"<p>Beyin \u00f6l\u00fcm\u00fc\u2019 ve \u2018organ nakli\u2019, \u00e7a\u011f\u0131m\u0131z\u0131n \u2018b\u0131\u00e7ak s\u0131rt\u0131\u2019 konular\u0131ndan biri. \u0130lk bak\u0131\u015fta, \u2018\u00e7\u00fcr\u00fcy\u00fcp gidece\u011fine birini ya\u015fats\u0131n\u2019 c\u00fcmlesinin \u2018m\u00e2sumiyeti\u2019 kar\u015f\u0131s\u0131nda hepimiz g\u00f6n\u00fcll\u00fc organ ba\u011f\u0131\u015f\u00e7\u0131lar\u0131 olabiliriz. Hatta \u2018annenin yavrusuna organlar\u0131n\u0131 vermesinden daha b\u00fcy\u00fck iyilik mi olur\u2019 diye de d\u00fc\u015f\u00fcnebiliriz. L\u00e2kin baz\u0131 meseleler c\u00fcmlede durdu\u011fu kadar basit ve s\u0131radan de\u011fil. S\u00f6z konusu Allah\u2019\u0131n en m\u00fckerrem varl\u0131\u011f\u0131 olan insan\u0131n hayat\u0131 oldu\u011funda s\u0131radan bir h\u00fck\u00fcm c\u00fcmlesi kurulamaz, kurulmamal\u0131. Baz\u0131 \u015feyler reklam edildi\u011fi, iddia edildi\u011fi ve tavsiye edildi\u011fi kadar basit ve s\u0131radan da de\u011fildir. \u00c7\u00fcnk\u00fc herhangi bir yerden herhangi bir e\u015fya al\u0131p veriyor de\u011filiz. Neticede konu\u015ftu\u011fumuz konu, alan\u0131n da, verenin de, d\u00een\u00ee, ahl\u00e2k\u00ee ve hukuk\u00ee yani d\u00fcnyev\u00ee ve uhrev\u00ee mesuliyetleri olan cand\u0131r, hayatt\u0131r, hayatiyettir. Baz\u0131 meseseler vard\u0131r ki, ahl\u00e2k\u00ee ve d\u00een\u00ee olanla, ilgili sekt\u00f6rlerin tabi olduklar\u0131 normlarla tezat te\u015fkil edebilir. Organ nakli ve beyin \u00f6l\u00fcm\u00fc meselesi de \u2018t\u0131p sekt\u00f6r\u00fc\u2019n\u00fcn bakt\u0131\u011f\u0131 kadar basit ve vak\u2019a-i adiyeden bir mesele de\u011fil. Sa\u011fl\u0131k ve G\u0131da G\u00fcvenli\u011fi Hareketi Ba\u015fkan\u0131, gazeteci Kem\u00e2l \u00d6zer, hastal\u0131\u011fa ve sa\u011fl\u0131\u011fa bak\u0131\u015f\u0131m\u0131z\u0131 de\u011fi\u015ftirecek bu kitab\u0131nda \u2018beyin \u00f6l\u00fcm\u00fc\u2019 ve \u2018organ nakli\u2019 konular\u0131n\u0131 masaya yat\u0131r\u0131yor. Yaradan\u2019\u0131n insana verdi\u011fi bedeni \u201cyedek par\u00e7a deposu\u201d h\u00e2line getiren 21. y\u00fczy\u0131l bilimine ve t\u0131bb\u0131na farkl\u0131 bir perspektiften bakmam\u0131z\u0131 sa\u011fl\u0131yor.<\/p>","protected":false},"featured_media":19220,"template":"","meta":{"spay_email":""},"product_cat":[1352],"product_tag":[],"item":[392],"acf":[],"_links":{"self":[{"href":"https:\/\/mgvpublications.com\/de\/wp-json\/wp\/v2\/product\/19221"}],"collection":[{"href":"https:\/\/mgvpublications.com\/de\/wp-json\/wp\/v2\/product"}],"about":[{"href":"https:\/\/mgvpublications.com\/de\/wp-json\/wp\/v2\/types\/product"}],"wp:featuredmedia":[{"embeddable":true,"href":"https:\/\/mgvpublications.com\/de\/wp-json\/wp\/v2\/media\/19220"}],"wp:attachment":[{"href":"https:\/\/mgvpublications.com\/de\/wp-json\/wp\/v2\/media?parent=19221"}],"wp:term":[{"taxonomy":"product_cat","embeddable":true,"href":"https:\/\/mgvpublications.com\/de\/wp-json\/wp\/v2\/product_cat?post=19221"},{"taxonomy":"product_tag","embeddable":true,"href":"https:\/\/mgvpublications.com\/de\/wp-json\/wp\/v2\/product_tag?post=19221"},{"taxonomy":"item","embeddable":true,"href":"https:\/\/mgvpublications.com\/de\/wp-json\/wp\/v2\/item?post=19221"}],"curies":[{"name":"wp","href":"https:\/\/api.w.org\/{rel}","templated":true}]}}