{"id":19217,"date":"2021-05-08T15:24:33","date_gmt":"2021-05-08T13:24:33","guid":{"rendered":"https:\/\/mgvpublications.com\/produkt\/hidayete-ilk-adim\/"},"modified":"2022-09-08T13:24:17","modified_gmt":"2022-09-08T11:24:17","slug":"hidayete-ilk-adim","status":"publish","type":"product","link":"https:\/\/mgvpublications.com\/de\/hidayete-ilk-adim\/","title":{"rendered":"Hidayete \u0130lk Ad\u0131m"},"content":{"rendered":"<p>\u00c7evirmen: Ersan Urcan<br \/>\nYay\u0131n Tarihi: 12.10.2019<br \/>\nISBN: 9786057916242<br \/>\nDil: T\u00dcRK\u00c7E<br \/>\nSayfa Say\u0131s\u0131: 160<br \/>\nCilt Tipi: Karton Kapak<br \/>\nKa\u011f\u0131t Cinsi: Kitap Ka\u011f\u0131d\u0131<br \/>\nBoyut: 13.5 x 21 cm<\/p>","protected":false},"excerpt":{"rendered":"<p>\u00c7evirmen: Ersan Urcan Yay\u0131n Tarihi: 12.10.2019 ISBN: 9786057916242 Dil: T\u00dcRK\u00c7E Sayfa Say\u0131s\u0131: 160 Cilt Tipi: Karton Kapak Ka\u011f\u0131t Cinsi: Kitap Ka\u011f\u0131d\u0131 Boyut: 13.5 x 21 cm<\/p>","protected":false},"featured_media":22615,"template":"","meta":{"spay_email":""},"product_cat":[174],"product_tag":[],"item":[404],"acf":[],"_links":{"self":[{"href":"https:\/\/mgvpublications.com\/de\/wp-json\/wp\/v2\/product\/19217"}],"collection":[{"href":"https:\/\/mgvpublications.com\/de\/wp-json\/wp\/v2\/product"}],"about":[{"href":"https:\/\/mgvpublications.com\/de\/wp-json\/wp\/v2\/types\/product"}],"wp:featuredmedia":[{"embeddable":true,"href":"https:\/\/mgvpublications.com\/de\/wp-json\/wp\/v2\/media\/22615"}],"wp:attachment":[{"href":"https:\/\/mgvpublications.com\/de\/wp-json\/wp\/v2\/media?parent=19217"}],"wp:term":[{"taxonomy":"product_cat","embeddable":true,"href":"https:\/\/mgvpublications.com\/de\/wp-json\/wp\/v2\/product_cat?post=19217"},{"taxonomy":"product_tag","embeddable":true,"href":"https:\/\/mgvpublications.com\/de\/wp-json\/wp\/v2\/product_tag?post=19217"},{"taxonomy":"item","embeddable":true,"href":"https:\/\/mgvpublications.com\/de\/wp-json\/wp\/v2\/item?post=19217"}],"curies":[{"name":"wp","href":"https:\/\/api.w.org\/{rel}","templated":true}]}}