{"id":19215,"date":"2021-05-08T15:24:32","date_gmt":"2021-05-08T13:24:32","guid":{"rendered":"https:\/\/mgvpublications.com\/produkt\/nefs-terbiyesi-ve-ahlaki-guzellestirme\/"},"modified":"2022-09-08T13:25:59","modified_gmt":"2022-09-08T11:25:59","slug":"nefs-terbiyesi-ve-ahlaki-guzellestirme","status":"publish","type":"product","link":"https:\/\/mgvpublications.com\/de\/nefs-terbiyesi-ve-ahlaki-guzellestirme\/","title":{"rendered":"Nefs Terbiyesi ve Ahlak\u0131 G\u00fczelle\u015ftirme"},"content":{"rendered":"<p>\u00c7evirmen: Ersan Urcan<br \/>\nYay\u0131n Tarihi: 19.01.2021<br \/>\nISBN: 9786257746168<br \/>\nDil: T\u00dcRK\u00c7E<br \/>\nSayfa Say\u0131s\u0131: 125<br \/>\nCilt Tipi: Karton Kapak<br \/>\nKa\u011f\u0131t Cinsi: Kitap Ka\u011f\u0131d\u0131<br \/>\nBoyut: 13.5 x 21 cm<\/p>","protected":false},"excerpt":{"rendered":"<p>\u0130mam-\u0131 Gaz\u00e2l\u00ee\u2019nin en b\u00fcy\u00fck eseri olan \u0130hy\u00e2u Ul\u00fbmi\u2019d-Din, her d\u00f6nem M\u00fcsl\u00fcmanlar i\u00e7in ilk akla gelen ba\u015fvuru kayna\u011f\u0131 olmu\u015f ve bu esere b\u00fcy\u00fck g\u00fcven duyulmu\u015ftur. \u0130hy\u00e2u Ul\u00fbmi\u2019d-Din, d\u00f6rt ana b\u00f6l\u00fcmden ve her b\u00f6l\u00fcm de onar konudan olu\u015fmaktad\u0131r. \u0130hy\u00e2u Ul\u00fbmi\u2019d-Din i\u00e7inde yer alan konular\u0131n her biri, eserin orijinal anlat\u0131m\u0131 asla bozulmadan, ak\u0131c\u0131 ve duru bir dil kullan\u0131larak \u00e7evirisi yap\u0131ld\u0131 ve ba\u015fl\u0131 ba\u015f\u0131na birer kitap haline getirildi. \u0130hy\u00e2u Ul\u00fbmi\u2019d-Din\u2019 in \u00fc\u00e7\u00fcnc\u00fc b\u00f6l\u00fcm\u00fc olan Helak Edici \u015eeyler B\u00f6l\u00fcm\u00fc\u2019 n\u00fcn ikinci konusu Nefs Terbiyesi ve Ahl\u00e2k\u0131 G\u00fczelle\u015ftirme\u2019 dir. \u0130mam-\u0131 Gaz\u00e2l\u00ee bu eserinde; kalp hastal\u0131klar\u0131n\u0131n bir\u00e7ok k\u0131s\u0131mlar\u0131na i\u015f\u00e2ret ediyor. \u00d6zetle onlar\u0131n tedavisi hakk\u0131ndaki s\u00f6z\u00fcn keyfiyetine, hastal\u0131klar\u0131n husus\u00ee il\u00e2c\u0131n\u0131n tafsil\u00e2t\u0131n\u0131 yapmaks\u0131z\u0131n parmak bas\u0131yor. Ahl\u00e2k\u0131n g\u00fczelle\u015ftirilmesine genel bir bak\u0131\u015f sunarak, bedenin il\u00e2c\u0131n\u0131 buna mis\u00e2l g\u00f6steriyor. T\u00e2 ki, bilinmesi insanlar\u0131n zihinlerine yakla\u015fs\u0131n. T\u00e2 ki bununla g\u00fczel ahl\u00e2k\u0131n faziletinin beyan\u0131 a\u00e7\u0131kl\u0131\u011fa kavu\u015fsun. Sonra g\u00fczel ahl\u00e2k\u0131n hakikatinin beyan\u0131&#8230; Sonra ahl\u00e2klar\u0131n riy\u00e2zetle de\u011fi\u015fmeyi kabul etmesinin beyan\u0131&#8230; Sonra g\u00fczel ahl\u00e2ka vard\u0131ran sebebin beyan\u0131&#8230; Sonra ahl\u00e2klar\u0131n tehzibine varan yollar\u0131n tafsilini bildiren yollar\u0131n beyan\u0131n\u0131 yap\u0131yor. Sonra nefislerin riy\u00e2zeti&#8230; Sonra kalp hastal\u0131\u011f\u0131n\u0131n bilinmesinin al\u00e2metlerinin beyan\u0131&#8230; Sonra insano\u011flunun nefsinin ay\u0131plar\u0131n\u0131 bilmesinde vesile olan yollar\u0131n beyan\u0131&#8230; Sonra kalplerin tedavi yolunun beyan\u0131&#8230; Sonra g\u00fczel ahl\u00e2k\u0131n al\u00e2metlerinin beyan\u0131&#8230; Sonra geli\u015fmenin ba\u015flang\u0131c\u0131nda \u00e7ocuklar\u0131n riy\u00e2zetindeki yolun beyan\u0131&#8230; Sonra iradenin ve m\u00fcc\u00e2hede mukaddimelerinin beyan\u0131n\u0131 a\u00e7\u0131kl\u0131\u011fa kavu\u015fturuyor.<\/p>","protected":false},"featured_media":22023,"template":"","meta":{"spay_email":""},"product_cat":[174],"product_tag":[],"item":[404],"acf":[],"_links":{"self":[{"href":"https:\/\/mgvpublications.com\/de\/wp-json\/wp\/v2\/product\/19215"}],"collection":[{"href":"https:\/\/mgvpublications.com\/de\/wp-json\/wp\/v2\/product"}],"about":[{"href":"https:\/\/mgvpublications.com\/de\/wp-json\/wp\/v2\/types\/product"}],"wp:featuredmedia":[{"embeddable":true,"href":"https:\/\/mgvpublications.com\/de\/wp-json\/wp\/v2\/media\/22023"}],"wp:attachment":[{"href":"https:\/\/mgvpublications.com\/de\/wp-json\/wp\/v2\/media?parent=19215"}],"wp:term":[{"taxonomy":"product_cat","embeddable":true,"href":"https:\/\/mgvpublications.com\/de\/wp-json\/wp\/v2\/product_cat?post=19215"},{"taxonomy":"product_tag","embeddable":true,"href":"https:\/\/mgvpublications.com\/de\/wp-json\/wp\/v2\/product_tag?post=19215"},{"taxonomy":"item","embeddable":true,"href":"https:\/\/mgvpublications.com\/de\/wp-json\/wp\/v2\/item?post=19215"}],"curies":[{"name":"wp","href":"https:\/\/api.w.org\/{rel}","templated":true}]}}