{"id":19213,"date":"2021-05-08T15:24:31","date_gmt":"2021-05-08T13:24:31","guid":{"rendered":"https:\/\/mgvpublications.com\/produkt\/kalbin-sirlari-ve-faziletleri\/"},"modified":"2022-03-08T22:53:22","modified_gmt":"2022-03-08T21:53:22","slug":"kalbin-sirlari-ve-faziletleri","status":"publish","type":"product","link":"https:\/\/mgvpublications.com\/de\/kalbin-sirlari-ve-faziletleri\/","title":{"rendered":"Kalbin S\u0131rlar\u0131 ve Faziletleri"},"content":{"rendered":"<p>\u00c7evirmen: Ersan Urcan<br \/>Yay\u0131n Tarihi: 06.04.2021<br \/>ISBN: 9786257746502<br \/>Dil: T\u00dcRK\u00c7E<br \/>Sayfa Say\u0131s\u0131: 192<br \/>Cilt Tipi: Karton Kapak<br \/>Ka\u011f\u0131t Cinsi: Kitap Ka\u011f\u0131d\u0131<br \/>Boyut: 13.5 x 21 cm<\/p>","protected":false},"excerpt":{"rendered":"<p>\u00c7evirmen: Ersan UrcanYay\u0131n Tarihi: 06.04.2021ISBN: 9786257746502Dil: T\u00dcRK\u00c7ESayfa Say\u0131s\u0131: 192Cilt Tipi: Karton KapakKa\u011f\u0131t Cinsi: Kitap Ka\u011f\u0131d\u0131Boyut: 13.5 x 21 cm<\/p>","protected":false},"featured_media":20208,"template":"","meta":{"spay_email":""},"product_cat":[174],"product_tag":[],"item":[404],"acf":[],"_links":{"self":[{"href":"https:\/\/mgvpublications.com\/de\/wp-json\/wp\/v2\/product\/19213"}],"collection":[{"href":"https:\/\/mgvpublications.com\/de\/wp-json\/wp\/v2\/product"}],"about":[{"href":"https:\/\/mgvpublications.com\/de\/wp-json\/wp\/v2\/types\/product"}],"wp:featuredmedia":[{"embeddable":true,"href":"https:\/\/mgvpublications.com\/de\/wp-json\/wp\/v2\/media\/20208"}],"wp:attachment":[{"href":"https:\/\/mgvpublications.com\/de\/wp-json\/wp\/v2\/media?parent=19213"}],"wp:term":[{"taxonomy":"product_cat","embeddable":true,"href":"https:\/\/mgvpublications.com\/de\/wp-json\/wp\/v2\/product_cat?post=19213"},{"taxonomy":"product_tag","embeddable":true,"href":"https:\/\/mgvpublications.com\/de\/wp-json\/wp\/v2\/product_tag?post=19213"},{"taxonomy":"item","embeddable":true,"href":"https:\/\/mgvpublications.com\/de\/wp-json\/wp\/v2\/item?post=19213"}],"curies":[{"name":"wp","href":"https:\/\/api.w.org\/{rel}","templated":true}]}}