{"id":19209,"date":"2021-05-08T15:24:28","date_gmt":"2021-05-08T13:24:28","guid":{"rendered":"https:\/\/mgvpublications.com\/produkt\/sevgi-yukaridan-gelir\/"},"modified":"2022-03-08T22:53:22","modified_gmt":"2022-03-08T21:53:22","slug":"sevgi-yukaridan-gelir","status":"publish","type":"product","link":"https:\/\/mgvpublications.com\/de\/sevgi-yukaridan-gelir\/","title":{"rendered":"Sevgi Yukar\u0131dan Gelir"},"content":{"rendered":"<p>Yay\u0131n Tarihi: 12.04.2021<br \/>ISBN: 9786057037619<br \/>Dil: T\u00dcRK\u00c7E<br \/>Sayfa Say\u0131s\u0131: 144<br \/>Cilt Tipi: Karton Kapak<br \/>Ka\u011f\u0131t Cinsi: Kitap Ka\u011f\u0131d\u0131<br \/>Boyut: 13.5 x 21 cm<\/p>","protected":false},"excerpt":{"rendered":"<p>Hepimiz b\u00fcy\u00fck bir \u00e7aba i\u00e7indeyiz. Kavu\u015fmak i\u00e7in. Sevgilinin izini s\u00fcr\u00fcyoruz. Bizi ona g\u00f6t\u00fcrecek i\u015faretler ar\u0131yoruz. Y\u00fcr\u00fcmek istedi\u011fimiz yollardan ge\u00e7mi\u015f \u00e2\u015f\u0131klar, \u015fairler yeti\u015fiyor imdad\u0131m\u0131za; s\u00f6zleriyle rehber oluyorlar bize. G\u00f6kteki y\u0131ld\u0131zlar gibi onlar\u0131n m\u0131sralar\u0131; y\u00f6n\u00fcm\u00fcz\u00fc tayin edebilmemiz, kaybolmamam\u0131z i\u00e7in yolumuzu ayd\u0131nlat\u0131p bizi hakikate y\u00f6neltiyorlar. \u201cSevgi Yukar\u0131dan Gelir\u201dde Hayati \u0130nan\u00e7, ak\u0131c\u0131 \u00fcslubuyla zarif bir anlat\u0131c\u0131 ve hat\u0131rlat\u0131c\u0131 olarak edebiyat\u0131m\u0131z\u0131n ustalar\u0131n\u0131n ba\u015f d\u00f6nd\u00fcr\u00fcc\u00fc, ruh a\u00e7\u0131c\u0131, hikmet dolu m\u0131sralar\u0131n\u0131 nakledip izah ediyor bizlere. Maksat can evimizi temiz tutabilmek ve Ved\u00fbd\u2019un sevgisini orada b\u00fcy\u00fctebilmek\u2026<\/p>","protected":false},"featured_media":21839,"template":"","meta":{"spay_email":""},"product_cat":[168],"product_tag":[],"item":[354],"acf":[],"_links":{"self":[{"href":"https:\/\/mgvpublications.com\/de\/wp-json\/wp\/v2\/product\/19209"}],"collection":[{"href":"https:\/\/mgvpublications.com\/de\/wp-json\/wp\/v2\/product"}],"about":[{"href":"https:\/\/mgvpublications.com\/de\/wp-json\/wp\/v2\/types\/product"}],"wp:featuredmedia":[{"embeddable":true,"href":"https:\/\/mgvpublications.com\/de\/wp-json\/wp\/v2\/media\/21839"}],"wp:attachment":[{"href":"https:\/\/mgvpublications.com\/de\/wp-json\/wp\/v2\/media?parent=19209"}],"wp:term":[{"taxonomy":"product_cat","embeddable":true,"href":"https:\/\/mgvpublications.com\/de\/wp-json\/wp\/v2\/product_cat?post=19209"},{"taxonomy":"product_tag","embeddable":true,"href":"https:\/\/mgvpublications.com\/de\/wp-json\/wp\/v2\/product_tag?post=19209"},{"taxonomy":"item","embeddable":true,"href":"https:\/\/mgvpublications.com\/de\/wp-json\/wp\/v2\/item?post=19209"}],"curies":[{"name":"wp","href":"https:\/\/api.w.org\/{rel}","templated":true}]}}