{"id":19203,"date":"2021-05-08T15:24:26","date_gmt":"2021-05-08T13:24:26","guid":{"rendered":"https:\/\/mgvpublications.com\/produkt\/gercek-ozgurluk\/"},"modified":"2022-05-24T16:02:57","modified_gmt":"2022-05-24T14:02:57","slug":"gercek-ozgurluk","status":"publish","type":"product","link":"https:\/\/mgvpublications.com\/de\/gercek-ozgurluk\/","title":{"rendered":"Ger\u00e7ek \u00d6zg\u00fcrl\u00fck"},"content":{"rendered":"<p>Yay\u0131n Tarihi: 26.09.2019<br \/>ISBN: 9789751416483<br \/>Dil: T\u00dcRK\u00c7E<br \/>Sayfa Say\u0131s\u0131: 352<br \/>Cilt Tipi: Karton Kapak<br \/>Ka\u011f\u0131t Cinsi: Kitap Ka\u011f\u0131d\u0131<br \/>Boyut: 14 x 20 cm<\/p>","protected":false},"excerpt":{"rendered":"<p>\u00dcniversite \u00f6\u011frencisi Timur ile profes\u00f6rl\u00fckten emekli Yakup Bey tan\u0131\u015f\u0131rlar. Yakup Bey, Timur&#8217;un g\u00f6zlerinde duygu, d\u00fc\u015f\u00fcnce ve davran\u0131\u015flar\u0131yla ya\u015fam\u0131 \u00f6zg\u00fcrce kucaklayamayan, \u00f6z\u00fcne ula\u015famam\u0131\u015f bir gencin i\u00e7 yaln\u0131zl\u0131\u011f\u0131n\u0131 ve buruklu\u011funu g\u00f6r\u00fcr. Aylar s\u00fcrecek bu sohbet Timur i\u00e7in k\u00fclt\u00fcr robotlu\u011fundan &#8220;\u015fahsiyet&#8221; olmaya g\u00f6t\u00fcren bir \u00f6zg\u00fcrl\u00fck yolculu\u011funa d\u00f6n\u00fc\u015f\u00fcr.<\/p>","protected":false},"featured_media":22093,"template":"","meta":{"spay_email":""},"product_cat":[169],"product_tag":[],"item":[437],"acf":[],"_links":{"self":[{"href":"https:\/\/mgvpublications.com\/de\/wp-json\/wp\/v2\/product\/19203"}],"collection":[{"href":"https:\/\/mgvpublications.com\/de\/wp-json\/wp\/v2\/product"}],"about":[{"href":"https:\/\/mgvpublications.com\/de\/wp-json\/wp\/v2\/types\/product"}],"wp:featuredmedia":[{"embeddable":true,"href":"https:\/\/mgvpublications.com\/de\/wp-json\/wp\/v2\/media\/22093"}],"wp:attachment":[{"href":"https:\/\/mgvpublications.com\/de\/wp-json\/wp\/v2\/media?parent=19203"}],"wp:term":[{"taxonomy":"product_cat","embeddable":true,"href":"https:\/\/mgvpublications.com\/de\/wp-json\/wp\/v2\/product_cat?post=19203"},{"taxonomy":"product_tag","embeddable":true,"href":"https:\/\/mgvpublications.com\/de\/wp-json\/wp\/v2\/product_tag?post=19203"},{"taxonomy":"item","embeddable":true,"href":"https:\/\/mgvpublications.com\/de\/wp-json\/wp\/v2\/item?post=19203"}],"curies":[{"name":"wp","href":"https:\/\/api.w.org\/{rel}","templated":true}]}}