{"id":19201,"date":"2021-05-08T15:24:26","date_gmt":"2021-05-08T13:24:26","guid":{"rendered":"https:\/\/mgvpublications.com\/produkt\/insan-ve-davranisi\/"},"modified":"2022-03-08T22:53:21","modified_gmt":"2022-03-08T21:53:21","slug":"insan-ve-davranisi","status":"publish","type":"product","link":"https:\/\/mgvpublications.com\/de\/insan-ve-davranisi\/","title":{"rendered":"\u0130nsan ve Davran\u0131\u015f\u0131"},"content":{"rendered":"<p>Yay\u0131n Tarihi: 10.10.2019<br \/>ISBN: 9789751418692<br \/>Dil: T\u00dcRK\u00c7E<br \/>Sayfa Say\u0131s\u0131: 591<br \/>Cilt Tipi: Karton Kapak<br \/>Ka\u011f\u0131t Cinsi: Kitap Ka\u011f\u0131d\u0131<br \/>Boyut: 15.5 x 23.5 cm<\/p>","protected":false},"excerpt":{"rendered":"<p>Bu kitap her \u00e7a\u011fda\u015f insan\u0131n bilmesi gereken modern psikolojinin temel kavramlar\u0131n\u0131 ilk kez T\u00fcrk bilim adamlar\u0131n\u0131n katk\u0131lar\u0131yla ve T\u00fcrk toplum yap\u0131s\u0131n\u0131n \u00f6zellikleriyle kayna\u015ft\u0131rarak sunmaktad\u0131r. Bu kitap T\u00fcrkiye&#8217;de psikoloji alan\u0131nda b\u00fcy\u00fck bir bo\u015flu\u011fu dolduracak ve uzun y\u0131llar boyunca \u00f6\u011frencilerin yararlanaca\u011f\u0131 vazge\u00e7ilmez temel bir kaynak olacakt\u0131r.<\/p>","protected":false},"featured_media":19200,"template":"","meta":{"spay_email":""},"product_cat":[175],"product_tag":[],"item":[437],"acf":[],"_links":{"self":[{"href":"https:\/\/mgvpublications.com\/de\/wp-json\/wp\/v2\/product\/19201"}],"collection":[{"href":"https:\/\/mgvpublications.com\/de\/wp-json\/wp\/v2\/product"}],"about":[{"href":"https:\/\/mgvpublications.com\/de\/wp-json\/wp\/v2\/types\/product"}],"wp:featuredmedia":[{"embeddable":true,"href":"https:\/\/mgvpublications.com\/de\/wp-json\/wp\/v2\/media\/19200"}],"wp:attachment":[{"href":"https:\/\/mgvpublications.com\/de\/wp-json\/wp\/v2\/media?parent=19201"}],"wp:term":[{"taxonomy":"product_cat","embeddable":true,"href":"https:\/\/mgvpublications.com\/de\/wp-json\/wp\/v2\/product_cat?post=19201"},{"taxonomy":"product_tag","embeddable":true,"href":"https:\/\/mgvpublications.com\/de\/wp-json\/wp\/v2\/product_tag?post=19201"},{"taxonomy":"item","embeddable":true,"href":"https:\/\/mgvpublications.com\/de\/wp-json\/wp\/v2\/item?post=19201"}],"curies":[{"name":"wp","href":"https:\/\/api.w.org\/{rel}","templated":true}]}}