{"id":19199,"date":"2021-05-08T15:24:25","date_gmt":"2021-05-08T13:24:25","guid":{"rendered":"https:\/\/mgvpublications.com\/produkt\/insan-insana\/"},"modified":"2022-05-18T15:14:25","modified_gmt":"2022-05-18T13:14:25","slug":"insan-insana","status":"publish","type":"product","link":"https:\/\/mgvpublications.com\/de\/insan-insana\/","title":{"rendered":"\u0130nsan \u0130nsana"},"content":{"rendered":"<p>Yay\u0131n Tarihi: 21.11.2019<br \/>ISBN: 9789751402967<br \/>Dil: T\u00dcRK\u00c7E<br \/>Sayfa Say\u0131s\u0131: 268<br \/>Cilt Tipi: Karton Kapak<br \/>Ka\u011f\u0131t Cinsi: Kitap Ka\u011f\u0131d\u0131<br \/>Boyut: 13.5 x 19.5 cm<\/p>","protected":false},"excerpt":{"rendered":"<p>\u0130nsan, ili\u015fkileri i\u00e7inde s\u00fcrekli olarak &#8220;yeniden tan\u0131mlanan&#8221; bir varl\u0131kt\u0131r. Doyumlu ve mutlu bir ya\u015fam i\u00e7in kendinizi yeniden tan\u0131mlamada kullanaca\u011f\u0131n\u0131z bilgi ve becerileri, Yeniden \u0130nsan \u0130nsan&#8217;da bulacaks\u0131n\u0131z.<\/p>","protected":false},"featured_media":19198,"template":"","meta":{"spay_email":""},"product_cat":[175],"product_tag":[],"item":[437],"acf":[],"_links":{"self":[{"href":"https:\/\/mgvpublications.com\/de\/wp-json\/wp\/v2\/product\/19199"}],"collection":[{"href":"https:\/\/mgvpublications.com\/de\/wp-json\/wp\/v2\/product"}],"about":[{"href":"https:\/\/mgvpublications.com\/de\/wp-json\/wp\/v2\/types\/product"}],"wp:featuredmedia":[{"embeddable":true,"href":"https:\/\/mgvpublications.com\/de\/wp-json\/wp\/v2\/media\/19198"}],"wp:attachment":[{"href":"https:\/\/mgvpublications.com\/de\/wp-json\/wp\/v2\/media?parent=19199"}],"wp:term":[{"taxonomy":"product_cat","embeddable":true,"href":"https:\/\/mgvpublications.com\/de\/wp-json\/wp\/v2\/product_cat?post=19199"},{"taxonomy":"product_tag","embeddable":true,"href":"https:\/\/mgvpublications.com\/de\/wp-json\/wp\/v2\/product_tag?post=19199"},{"taxonomy":"item","embeddable":true,"href":"https:\/\/mgvpublications.com\/de\/wp-json\/wp\/v2\/item?post=19199"}],"curies":[{"name":"wp","href":"https:\/\/api.w.org\/{rel}","templated":true}]}}