{"id":19197,"date":"2021-05-08T15:24:25","date_gmt":"2021-05-08T13:24:25","guid":{"rendered":"https:\/\/mgvpublications.com\/produkt\/dogan-cuceloglu-damdan-dusen-psikolog\/"},"modified":"2022-05-18T15:14:28","modified_gmt":"2022-05-18T13:14:28","slug":"dogan-cuceloglu-damdan-dusen-psikolog","status":"publish","type":"product","link":"https:\/\/mgvpublications.com\/de\/dogan-cuceloglu-damdan-dusen-psikolog\/","title":{"rendered":"Do\u011fan C\u00fccelo\u011flu \/ Damdan D\u00fc\u015fen Psikolog"},"content":{"rendered":"<p>Yay\u0131n Tarihi: 23.11.2017<br \/>ISBN: 9789751416803<br \/>Bask\u0131 Say\u0131s\u0131: Canan Dila<br \/>Dil: T\u00dcRK\u00c7E<br \/>Sayfa Say\u0131s\u0131: 542<br \/>Cilt Tipi: Karton Kapak<br \/>Ka\u011f\u0131t Cinsi: Kitap Ka\u011f\u0131d\u0131<br \/>Boyut: 13.5 x 19.5 cm<br \/>Derleyici: Canan Dila<\/p>","protected":false},"excerpt":{"rendered":"<p>Afrika kabilelerinden birinde bir bebek do\u011fdu\u011funda kabilenin kad\u0131nlar\u0131 hep birlikte ormana \u00e7ekilir, o bebe\u011fe bir \u015fark\u0131 yaparlarm\u0131\u015f. Dikkatle g\u00f6zlemledikleri bebe\u011fin karakteristik \u00f6zelliklerini ve g\u00fcc\u00fcn\u00fc ona anlatan bir \u015fark\u0131\u2026 Sonra, \u00e7ok sonra bir g\u00fcn, hayatla ba\u015fa \u00e7\u0131kmakta zorlan\u0131p da kolu kanad\u0131 k\u0131r\u0131lacak olursa o \u015fark\u0131y\u0131, yani kendini hat\u0131rlas\u0131n diye, Afrikal\u0131 bebek o \u015fark\u0131y\u0131 dinleyerek b\u00fcy\u00fcrm\u00fc\u015f\u2026 G\u00fcn\u00fcn birinde o \u015fark\u0131y\u0131 tekrarlayamayacak kadar kendine inanc\u0131n\u0131 yitirdi\u011finde, onu tan\u0131yan biri ona \u015fark\u0131s\u0131n\u0131 \u00e7alarm\u0131\u015f \u0131sl\u0131kla. Kendini, g\u00fcc\u00fcn\u00fc, \u00f6z halini hat\u0131rlar, kendine gelirmi\u015f\u2026 Do\u011fan C\u00fccelo\u011flu aram\u0131zda bir \u0131sl\u0131k gibi dola\u015f\u0131yor\u2026 Kendi \u015fark\u0131s\u0131na gelince\u2026 Gizlisiz sakl\u0131s\u0131z anlatt\u0131 b\u00fct\u00fcn hayat\u0131n\u0131. Bu kitap, damdan d\u00fc\u015fen doktoral\u0131 bir psikolo\u011fun, d\u00fc\u015ft\u00fc\u011f\u00fc yerden do\u011frulurken kendine m\u0131r\u0131ldand\u0131\u011f\u0131 \u015fark\u0131s\u0131n\u0131n g\u00f6zya\u015f\u0131 ve kahkaha dolu \u00f6yk\u00fcs\u00fc\u2026<\/p>","protected":false},"featured_media":20169,"template":"","meta":{"spay_email":""},"product_cat":[175],"product_tag":[],"item":[437],"acf":[],"_links":{"self":[{"href":"https:\/\/mgvpublications.com\/de\/wp-json\/wp\/v2\/product\/19197"}],"collection":[{"href":"https:\/\/mgvpublications.com\/de\/wp-json\/wp\/v2\/product"}],"about":[{"href":"https:\/\/mgvpublications.com\/de\/wp-json\/wp\/v2\/types\/product"}],"wp:featuredmedia":[{"embeddable":true,"href":"https:\/\/mgvpublications.com\/de\/wp-json\/wp\/v2\/media\/20169"}],"wp:attachment":[{"href":"https:\/\/mgvpublications.com\/de\/wp-json\/wp\/v2\/media?parent=19197"}],"wp:term":[{"taxonomy":"product_cat","embeddable":true,"href":"https:\/\/mgvpublications.com\/de\/wp-json\/wp\/v2\/product_cat?post=19197"},{"taxonomy":"product_tag","embeddable":true,"href":"https:\/\/mgvpublications.com\/de\/wp-json\/wp\/v2\/product_tag?post=19197"},{"taxonomy":"item","embeddable":true,"href":"https:\/\/mgvpublications.com\/de\/wp-json\/wp\/v2\/item?post=19197"}],"curies":[{"name":"wp","href":"https:\/\/api.w.org\/{rel}","templated":true}]}}