{"id":19195,"date":"2021-05-08T15:24:25","date_gmt":"2021-05-08T13:24:25","guid":{"rendered":"https:\/\/mgvpublications.com\/produkt\/mis-gibi-yasamlar\/"},"modified":"2022-03-08T22:53:18","modified_gmt":"2022-03-08T21:53:18","slug":"mis-gibi-yasamlar","status":"publish","type":"product","link":"https:\/\/mgvpublications.com\/de\/mis-gibi-yasamlar\/","title":{"rendered":"M\u0131\u015f Gibi Ya\u015famlar"},"content":{"rendered":"<p>Yay\u0131n Tarihi: 23.07.2020<br \/>ISBN: 9789751410702<br \/>Dil: T\u00dcRK\u00c7E<br \/>Sayfa Say\u0131s\u0131: 352<br \/>Cilt Tipi: Karton Kapak<br \/>Ka\u011f\u0131t Cinsi: Kitap Ka\u011f\u0131d\u0131<br \/>Boyut: 13.5 x 19.5 cm<\/p>","protected":false},"excerpt":{"rendered":"<p>Ne demek \u2018m\u0131\u015f gibi\u2019 ya\u015fam? D\u00fc\u015f\u00fcncelerinin arkas\u0131ndaki niyetin fark\u0131nda olmayan, s\u00f6z\u00fc, g\u00f6z\u00fc, davran\u0131\u015f\u0131 birbirine uymayan insanlar\u0131n ya\u015fam\u0131 demek. &#8220;B\u00f6yle insanlar var m\u0131?&#8221; diye sorarsan\u0131z, \u00e7evrenize bir bak\u0131n! Akl\u0131, d\u00fc\u015f\u00fcncesi \u00e7ocu\u011funa yard\u0131m etmekle dolu oldu\u011fu halde as\u0131k y\u00fczl\u00fc, k\u0131r\u0131c\u0131, ilgisiz anne veya babalar\u0131; \u00f6\u011fretmen oldu\u011funu s\u00f6yleyen ama hi\u00e7 kitap okumayan insanlar\u0131 g\u00f6receksiniz. \u00dcstelik m\u0131\u015f gibi ya\u015fam, insanlar\u0131n bu anlay\u0131\u015fla olu\u015fturdu\u011fu ya da i\u015fletti\u011fi kurumlar yoluyla giderek t\u00fcm topluma yay\u0131l\u0131yor: Vatanda\u015fa yard\u0131m etmek i\u00e7in olu\u015fan b\u00fcrokrasi, k\u00f6stek olmak konusunda uzmanla\u015f\u0131yor; g\u00fcven duymam\u0131z i\u00e7in olu\u015fturulan kurumlar g\u00fcvensizli\u011fin kayna\u011f\u0131 haline geliyor; adaleti sa\u011flamak i\u00e7in yap\u0131lan yasalar adaletsizli\u011fin d\u00fczenini s\u00fcrd\u00fcr\u00fcyor. Kimimizin k\u00f6rle\u015fip fark etmedi\u011fi, kimimizin kan\u0131ksay\u0131p art\u0131k yad\u0131rgamad\u0131\u011f\u0131 m\u0131\u015f gibi bir ya\u015fam ya\u015f\u0131yoruz. Sanki kaderimiz olmu\u015f, ku\u015faktan ku\u015fa\u011fa s\u00fcr\u00fcp gidiyor: Ya\u015f\u0131yormu\u015f gibi g\u00f6r\u00fcn\u00fcp de asl\u0131nda ya\u015famamak&#8230; Ve ya\u015famad\u0131\u011f\u0131n\u0131n fark\u0131nda bile olmamak&#8230; Ancak, fark\u0131nda olan, g\u00f6zlemleyen ve irdeleyen iki ki\u015fi var! Do\u011fan Bey ve Arif Bey sizi sohbete davet ediyorlar.<\/p>","protected":false},"featured_media":19194,"template":"","meta":{"spay_email":""},"product_cat":[175],"product_tag":[],"item":[437],"acf":[],"_links":{"self":[{"href":"https:\/\/mgvpublications.com\/de\/wp-json\/wp\/v2\/product\/19195"}],"collection":[{"href":"https:\/\/mgvpublications.com\/de\/wp-json\/wp\/v2\/product"}],"about":[{"href":"https:\/\/mgvpublications.com\/de\/wp-json\/wp\/v2\/types\/product"}],"wp:featuredmedia":[{"embeddable":true,"href":"https:\/\/mgvpublications.com\/de\/wp-json\/wp\/v2\/media\/19194"}],"wp:attachment":[{"href":"https:\/\/mgvpublications.com\/de\/wp-json\/wp\/v2\/media?parent=19195"}],"wp:term":[{"taxonomy":"product_cat","embeddable":true,"href":"https:\/\/mgvpublications.com\/de\/wp-json\/wp\/v2\/product_cat?post=19195"},{"taxonomy":"product_tag","embeddable":true,"href":"https:\/\/mgvpublications.com\/de\/wp-json\/wp\/v2\/product_tag?post=19195"},{"taxonomy":"item","embeddable":true,"href":"https:\/\/mgvpublications.com\/de\/wp-json\/wp\/v2\/item?post=19195"}],"curies":[{"name":"wp","href":"https:\/\/api.w.org\/{rel}","templated":true}]}}