{"id":19191,"date":"2021-05-08T15:24:24","date_gmt":"2021-05-08T13:24:24","guid":{"rendered":"https:\/\/mgvpublications.com\/produkt\/mis-gibi-yetiskinler-yetiskin-cocuklar\/"},"modified":"2022-03-08T22:53:18","modified_gmt":"2022-03-08T21:53:18","slug":"mis-gibi-yetiskinler-yetiskin-cocuklar","status":"publish","type":"product","link":"https:\/\/mgvpublications.com\/de\/mis-gibi-yetiskinler-yetiskin-cocuklar\/","title":{"rendered":"M\u0131\u015f Gibi&#8217; Yeti\u015fkinler Yeti\u015fkin \u00c7ocuklar"},"content":{"rendered":"<p>Yay\u0131n Tarihi: 26.06.2019<br \/>ISBN: 9789751416391<br \/>Dil: T\u00dcRK\u00c7E<br \/>Sayfa Say\u0131s\u0131: 264<br \/>Cilt Tipi: Karton Kapak<br \/>Ka\u011f\u0131t Cinsi: Kitap Ka\u011f\u0131d\u0131<br \/>Boyut: 13.5 x 20 cm<\/p>","protected":false},"excerpt":{"rendered":"<p>Aile Ortam\u0131 ve \u00c7ocuk Yeti\u015ftirme \u00dczerine Yakup Bey\u2019le S\u00f6yle\u015filer Bu kitap, asl\u0131nda bildi\u011fimiz, ancak \u00fczerinde d\u00fc\u015f\u00fcnme gere\u011fini pek duymad\u0131\u011f\u0131m\u0131z bir \u00f6yk\u00fcy\u00fc anlat\u0131yor. Bu \u00f6yk\u00fcn\u00fcn kahramanlar\u0131n\u0131 tan\u0131d\u0131k\u00e7a \u00e7ocuklu\u011fumuzu, ailemizi, \u00e7evremizdeki insanlar\u0131 ve en \u00f6nemlisi kendimizi de daha iyi anlayaca\u011f\u0131z.<\/p>","protected":false},"featured_media":19190,"template":"","meta":{"spay_email":""},"product_cat":[171],"product_tag":[],"item":[437],"acf":[],"_links":{"self":[{"href":"https:\/\/mgvpublications.com\/de\/wp-json\/wp\/v2\/product\/19191"}],"collection":[{"href":"https:\/\/mgvpublications.com\/de\/wp-json\/wp\/v2\/product"}],"about":[{"href":"https:\/\/mgvpublications.com\/de\/wp-json\/wp\/v2\/types\/product"}],"wp:featuredmedia":[{"embeddable":true,"href":"https:\/\/mgvpublications.com\/de\/wp-json\/wp\/v2\/media\/19190"}],"wp:attachment":[{"href":"https:\/\/mgvpublications.com\/de\/wp-json\/wp\/v2\/media?parent=19191"}],"wp:term":[{"taxonomy":"product_cat","embeddable":true,"href":"https:\/\/mgvpublications.com\/de\/wp-json\/wp\/v2\/product_cat?post=19191"},{"taxonomy":"product_tag","embeddable":true,"href":"https:\/\/mgvpublications.com\/de\/wp-json\/wp\/v2\/product_tag?post=19191"},{"taxonomy":"item","embeddable":true,"href":"https:\/\/mgvpublications.com\/de\/wp-json\/wp\/v2\/item?post=19191"}],"curies":[{"name":"wp","href":"https:\/\/api.w.org\/{rel}","templated":true}]}}