{"id":19187,"date":"2021-05-08T15:24:21","date_gmt":"2021-05-08T13:24:21","guid":{"rendered":"https:\/\/mgvpublications.com\/produkt\/icimizdeki-cocuk\/"},"modified":"2022-04-20T17:25:46","modified_gmt":"2022-04-20T15:25:46","slug":"icimizdeki-cocuk","status":"publish","type":"product","link":"https:\/\/mgvpublications.com\/de\/icimizdeki-cocuk\/","title":{"rendered":"\u0130\u00e7imizdeki \u00c7ocuk"},"content":{"rendered":"<p>Yay\u0131n Tarihi: 25.06.2019<br \/>ISBN: 9789751403643<br \/>Dil: T\u00dcRK\u00c7E<br \/>Sayfa Say\u0131s\u0131: 256<br \/>Cilt Tipi: Karton Kapak<br \/>Ka\u011f\u0131t Cinsi: Kitap Ka\u011f\u0131d\u0131<br \/>Boyut: 13.5 x 19.8 cm<\/p>","protected":false},"excerpt":{"rendered":"<p>Bu kitap, i\u00e7inde yeti\u015fti\u011finiz ailenin ve yak\u0131n \u00e7evrenin sizin i\u00e7 d\u00fcnyan\u0131z\u0131 ve \u015fimdiki duygu, d\u00fc\u015f\u00fcn\u00fc\u015f ve davran\u0131\u015f\u0131n\u0131z\u0131 nas\u0131l etkiledi\u011fini incelemektedir.<\/p>","protected":false},"featured_media":19186,"template":"","meta":{"spay_email":""},"product_cat":[216],"product_tag":[],"item":[437],"acf":[],"_links":{"self":[{"href":"https:\/\/mgvpublications.com\/de\/wp-json\/wp\/v2\/product\/19187"}],"collection":[{"href":"https:\/\/mgvpublications.com\/de\/wp-json\/wp\/v2\/product"}],"about":[{"href":"https:\/\/mgvpublications.com\/de\/wp-json\/wp\/v2\/types\/product"}],"wp:featuredmedia":[{"embeddable":true,"href":"https:\/\/mgvpublications.com\/de\/wp-json\/wp\/v2\/media\/19186"}],"wp:attachment":[{"href":"https:\/\/mgvpublications.com\/de\/wp-json\/wp\/v2\/media?parent=19187"}],"wp:term":[{"taxonomy":"product_cat","embeddable":true,"href":"https:\/\/mgvpublications.com\/de\/wp-json\/wp\/v2\/product_cat?post=19187"},{"taxonomy":"product_tag","embeddable":true,"href":"https:\/\/mgvpublications.com\/de\/wp-json\/wp\/v2\/product_tag?post=19187"},{"taxonomy":"item","embeddable":true,"href":"https:\/\/mgvpublications.com\/de\/wp-json\/wp\/v2\/item?post=19187"}],"curies":[{"name":"wp","href":"https:\/\/api.w.org\/{rel}","templated":true}]}}