{"id":19185,"date":"2021-05-08T15:24:20","date_gmt":"2021-05-08T13:24:20","guid":{"rendered":"https:\/\/mgvpublications.com\/produkt\/korku-kulturu-nicin-mis-gibi-yasiyoruz\/"},"modified":"2022-05-18T15:14:22","modified_gmt":"2022-05-18T13:14:22","slug":"korku-kulturu-nicin-mis-gibi-yasiyoruz","status":"publish","type":"product","link":"https:\/\/mgvpublications.com\/de\/korku-kulturu-nicin-mis-gibi-yasiyoruz\/","title":{"rendered":"Korku K\u00fclt\u00fcr\u00fc Ni\u00e7in &#8216;M\u0131\u015f Gibi&#8217; Ya\u015f\u0131yoruz?"},"content":{"rendered":"<p>Yay\u0131n Tarihi: 17.01.2017<br \/>ISBN: 9789751417619<br \/>Dil: T\u00dcRK\u00c7E<br \/>Sayfa Say\u0131s\u0131: 336<br \/>Cilt Tipi: Karton Kapak<br \/>Ka\u011f\u0131t Cinsi: Kitap Ka\u011f\u0131d\u0131<br \/>Boyut: 13.5 x 19.5 cm<\/p>","protected":false},"excerpt":{"rendered":"<p>Bir toplumda &#8220;korku k\u00fclt\u00fcr\u00fc&#8221; egemense, orada ne \u2018ger\u00e7e\u011fe ko\u015fulsuz sayg\u0131\u2019 vard\u0131r ne de \u2018can\u2019 \u00f6nemsenir. Her \u015feyde oldu\u011fu gibi bilimsel d\u00fc\u015f\u00fcnce de geli\u015femez ve hayatlar ancak \u2018m\u0131\u015f gibi\u2019 ya\u015fan\u0131r. Do\u011fan C\u00fccelo\u011flu, o\u011flu Timur ve \u00f6\u011fretmen Arif\u2019le bir T\u00fcrkiye yolculu\u011funa \u00e7\u0131kt\u0131. Bu yolculukta, &#8220;Ni\u00e7in \u2018m\u0131\u015f gibi\u2019 ya\u015f\u0131yor ve bunu s\u00fcrd\u00fcr\u00fcyoruz?&#8221; sorusuna yan\u0131t arad\u0131 ve \u2018m\u0131\u015f gibi\u2019li\u011fe neden olan durumlar\u0131 irdeledi. C\u00fccelo\u011flu \u015fimdi okurlar\u0131na soruyor: Bizimle yolculu\u011fa var m\u0131s\u0131n\u0131z? Korku k\u00fclt\u00fcr\u00fcnden kurtulmak i\u00e7in \u00fc\u00e7\u00fcm\u00fcz el ele verdik, ayd\u0131nl\u0131\u011fa bir ad\u0131m att\u0131k; bize kat\u0131lmak ister misiniz? Haydi \u00f6yleyse!<\/p>","protected":false},"featured_media":20141,"template":"","meta":{"spay_email":""},"product_cat":[175],"product_tag":[],"item":[437],"acf":[],"_links":{"self":[{"href":"https:\/\/mgvpublications.com\/de\/wp-json\/wp\/v2\/product\/19185"}],"collection":[{"href":"https:\/\/mgvpublications.com\/de\/wp-json\/wp\/v2\/product"}],"about":[{"href":"https:\/\/mgvpublications.com\/de\/wp-json\/wp\/v2\/types\/product"}],"wp:featuredmedia":[{"embeddable":true,"href":"https:\/\/mgvpublications.com\/de\/wp-json\/wp\/v2\/media\/20141"}],"wp:attachment":[{"href":"https:\/\/mgvpublications.com\/de\/wp-json\/wp\/v2\/media?parent=19185"}],"wp:term":[{"taxonomy":"product_cat","embeddable":true,"href":"https:\/\/mgvpublications.com\/de\/wp-json\/wp\/v2\/product_cat?post=19185"},{"taxonomy":"product_tag","embeddable":true,"href":"https:\/\/mgvpublications.com\/de\/wp-json\/wp\/v2\/product_tag?post=19185"},{"taxonomy":"item","embeddable":true,"href":"https:\/\/mgvpublications.com\/de\/wp-json\/wp\/v2\/item?post=19185"}],"curies":[{"name":"wp","href":"https:\/\/api.w.org\/{rel}","templated":true}]}}