{"id":19183,"date":"2021-05-08T15:24:20","date_gmt":"2021-05-08T13:24:20","guid":{"rendered":"https:\/\/mgvpublications.com\/produkt\/onlar-benim-kahramanim\/"},"modified":"2022-03-08T22:53:18","modified_gmt":"2022-03-08T21:53:18","slug":"onlar-benim-kahramanim","status":"publish","type":"product","link":"https:\/\/mgvpublications.com\/de\/onlar-benim-kahramanim\/","title":{"rendered":"Onlar Benim Kahraman\u0131m"},"content":{"rendered":"<p>Yay\u0131n Tarihi: 03.09.2019<br \/>ISBN: 9789751413642<br \/>Dil: T\u00dcRK\u00c7E<br \/>Sayfa Say\u0131s\u0131: 222<br \/>Cilt Tipi: Karton Kapak<br \/>Ka\u011f\u0131t Cinsi: Kitap Ka\u011f\u0131d\u0131<br \/>Boyut: 13.5 x 19.5 cm<\/p>","protected":false},"excerpt":{"rendered":"<p>\u015eik\u00e2yet yar\u0131\u015f\u00e7\u0131s\u0131 olmayan gizli kahramanlar\u0131n \u00f6yk\u00fcs\u00fc\u2026 Abartmayan, al\u00e7akg\u00f6n\u00fcll\u00fc ve ho\u015fg\u00f6r\u00fcl\u00fc insanlar, ki\u015fisel b\u00fct\u00fcnl\u00fck i\u00e7inde ya\u015fama hizmet etmekten mutluluk duyar. \u015eik\u00e2yet yar\u0131\u015f\u00e7\u0131s\u0131 olmayan bu insanlar\u0131 duymay\u0131z ama toplum dengesini onlar sayesinde korur. Onlar, gizli kahramanlard\u0131r. Bu kitap, iki gizli kahraman\u0131n ya\u015fam\u00f6yk\u00fcs\u00fcn\u00fc anlat\u0131yor.<\/p>","protected":false},"featured_media":19182,"template":"","meta":{"spay_email":""},"product_cat":[216],"product_tag":[],"item":[437],"acf":[],"_links":{"self":[{"href":"https:\/\/mgvpublications.com\/de\/wp-json\/wp\/v2\/product\/19183"}],"collection":[{"href":"https:\/\/mgvpublications.com\/de\/wp-json\/wp\/v2\/product"}],"about":[{"href":"https:\/\/mgvpublications.com\/de\/wp-json\/wp\/v2\/types\/product"}],"wp:featuredmedia":[{"embeddable":true,"href":"https:\/\/mgvpublications.com\/de\/wp-json\/wp\/v2\/media\/19182"}],"wp:attachment":[{"href":"https:\/\/mgvpublications.com\/de\/wp-json\/wp\/v2\/media?parent=19183"}],"wp:term":[{"taxonomy":"product_cat","embeddable":true,"href":"https:\/\/mgvpublications.com\/de\/wp-json\/wp\/v2\/product_cat?post=19183"},{"taxonomy":"product_tag","embeddable":true,"href":"https:\/\/mgvpublications.com\/de\/wp-json\/wp\/v2\/product_tag?post=19183"},{"taxonomy":"item","embeddable":true,"href":"https:\/\/mgvpublications.com\/de\/wp-json\/wp\/v2\/item?post=19183"}],"curies":[{"name":"wp","href":"https:\/\/api.w.org\/{rel}","templated":true}]}}