{"id":19181,"date":"2021-05-08T15:24:19","date_gmt":"2021-05-08T13:24:19","guid":{"rendered":"https:\/\/mgvpublications.com\/produkt\/satir-arasi-hikayeler-2\/"},"modified":"2022-03-08T22:53:18","modified_gmt":"2022-03-08T21:53:18","slug":"satir-arasi-hikayeler-2","status":"publish","type":"product","link":"https:\/\/mgvpublications.com\/de\/satir-arasi-hikayeler-2\/","title":{"rendered":"Sat\u0131r Aras\u0131 Hikayeler"},"content":{"rendered":"<p>Yay\u0131n Tarihi: 01.01.2011<br \/>ISBN: 9786055455286<br \/>Dil: T\u00dcRK\u00c7E<br \/>Sayfa Say\u0131s\u0131: 133<br \/>Cilt Tipi: Karton Kapak<br \/>Ka\u011f\u0131t Cinsi: Kitap Ka\u011f\u0131d\u0131<br \/>Boyut: 13.5 x 21 cm<\/p>","protected":false},"excerpt":{"rendered":"<p>Bu kitapta, y\u00fczy\u0131llard\u0131r anlat\u0131lan, her anlat\u0131l\u0131\u015fta yeniden canlanan ve bir hikmete, bir inceli\u011fe can katan hikayelerimizden bir demet bulacaks\u0131n\u0131z. Bu hikayeler \u00f6nemli, \u00c7\u00fcnk\u00fc vezir olman\u0131n adam olmaya yetmedi\u011fini onlardan \u00f6\u011frendik. Kimsenin yapt\u0131\u011f\u0131n\u0131n yan\u0131na kar kalmayaca\u011f\u0131n\u0131, bir b\u00f6ce\u011fin bile sebepsiz yarat\u0131lmad\u0131\u011f\u0131n\u0131, her i\u015fte bir hay\u0131r oldu\u011funu, sevmeyi, sevilmeyi, c\u00f6mertli\u011fi, kahramanl\u0131\u011f\u0131, sayg\u0131y\u0131, adam olmay\u0131, incitmemeyi, hatta kullu\u011fu o hikayelerden \u00f6\u011frendik. Bu miras yar\u0131nlara ta\u015f\u0131nmal\u0131yd\u0131. Kimi kal\u0131n ciltli kitaplar\u0131n sayfalar\u0131 aras\u0131nda saklanm\u0131\u015f, kimi dilden dile as\u0131rlard\u0131r dola\u015fagelen bu hikayeler asla unutulmamal\u0131yd\u0131. Bu muhte\u015fem mirastan mahrum kalmamal\u0131yd\u0131k.<\/p>","protected":false},"featured_media":19180,"template":"","meta":{"spay_email":""},"product_cat":[168],"product_tag":[],"item":[1210],"acf":[],"_links":{"self":[{"href":"https:\/\/mgvpublications.com\/de\/wp-json\/wp\/v2\/product\/19181"}],"collection":[{"href":"https:\/\/mgvpublications.com\/de\/wp-json\/wp\/v2\/product"}],"about":[{"href":"https:\/\/mgvpublications.com\/de\/wp-json\/wp\/v2\/types\/product"}],"wp:featuredmedia":[{"embeddable":true,"href":"https:\/\/mgvpublications.com\/de\/wp-json\/wp\/v2\/media\/19180"}],"wp:attachment":[{"href":"https:\/\/mgvpublications.com\/de\/wp-json\/wp\/v2\/media?parent=19181"}],"wp:term":[{"taxonomy":"product_cat","embeddable":true,"href":"https:\/\/mgvpublications.com\/de\/wp-json\/wp\/v2\/product_cat?post=19181"},{"taxonomy":"product_tag","embeddable":true,"href":"https:\/\/mgvpublications.com\/de\/wp-json\/wp\/v2\/product_tag?post=19181"},{"taxonomy":"item","embeddable":true,"href":"https:\/\/mgvpublications.com\/de\/wp-json\/wp\/v2\/item?post=19181"}],"curies":[{"name":"wp","href":"https:\/\/api.w.org\/{rel}","templated":true}]}}