{"id":19179,"date":"2021-05-08T15:24:19","date_gmt":"2021-05-08T13:24:19","guid":{"rendered":"https:\/\/mgvpublications.com\/produkt\/sermayem-yok-derdimden-baska\/"},"modified":"2022-03-08T22:53:17","modified_gmt":"2022-03-08T21:53:17","slug":"sermayem-yok-derdimden-baska","status":"publish","type":"product","link":"https:\/\/mgvpublications.com\/de\/sermayem-yok-derdimden-baska\/","title":{"rendered":"Sermayem Yok Derdimden Ba\u015fka"},"content":{"rendered":"<p>Yay\u0131n Tarihi: 23.05.2019<br \/>ISBN: 9789752482302<br \/>Dil: T\u00dcRK\u00c7E<br \/>Sayfa Say\u0131s\u0131: 196<br \/>Cilt Tipi: Karton Kapak<br \/>Ka\u011f\u0131t Cinsi: Kitap Ka\u011f\u0131d\u0131<br \/>Boyut: 13.5 x 21 cm<\/p>","protected":false},"excerpt":{"rendered":"<p>Olman\u0131n bilgisi kitaplarda vard\u0131r ama kendisi olanla hemhal olmadan ele ge\u00e7mez. Hal sirayet eder demi\u015fler. Derdin ne ise,ona sahip olanlarla beraber ol ki derman bulas\u0131n. E\u015fk\u0131ya olmak istiyorsan evliya e\u015fi\u011finde t\u00fcketme \u00f6mr\u00fcn\u00fc, velayet derdine d\u00fc\u015fm\u00fc\u015fsen kendi kalbine e\u015fk\u0131yal\u0131k eyleme ! Ki\u015fi sevdi\u011finin kaderinden pay al\u0131rm\u0131\u015f, hemderdini \u00f6yle bir sev ki derman senin olmamaya utans\u0131n !<\/p>","protected":false},"featured_media":19178,"template":"","meta":{"spay_email":""},"product_cat":[168],"product_tag":[],"item":[392],"acf":[],"_links":{"self":[{"href":"https:\/\/mgvpublications.com\/de\/wp-json\/wp\/v2\/product\/19179"}],"collection":[{"href":"https:\/\/mgvpublications.com\/de\/wp-json\/wp\/v2\/product"}],"about":[{"href":"https:\/\/mgvpublications.com\/de\/wp-json\/wp\/v2\/types\/product"}],"wp:featuredmedia":[{"embeddable":true,"href":"https:\/\/mgvpublications.com\/de\/wp-json\/wp\/v2\/media\/19178"}],"wp:attachment":[{"href":"https:\/\/mgvpublications.com\/de\/wp-json\/wp\/v2\/media?parent=19179"}],"wp:term":[{"taxonomy":"product_cat","embeddable":true,"href":"https:\/\/mgvpublications.com\/de\/wp-json\/wp\/v2\/product_cat?post=19179"},{"taxonomy":"product_tag","embeddable":true,"href":"https:\/\/mgvpublications.com\/de\/wp-json\/wp\/v2\/product_tag?post=19179"},{"taxonomy":"item","embeddable":true,"href":"https:\/\/mgvpublications.com\/de\/wp-json\/wp\/v2\/item?post=19179"}],"curies":[{"name":"wp","href":"https:\/\/api.w.org\/{rel}","templated":true}]}}