{"id":19161,"date":"2021-05-08T15:24:12","date_gmt":"2021-05-08T13:24:12","guid":{"rendered":"https:\/\/mgvpublications.com\/produkt\/tasavvuf-kisa-bir-giris\/"},"modified":"2022-03-08T22:53:14","modified_gmt":"2022-03-08T21:53:14","slug":"tasavvuf-kisa-bir-giris","status":"publish","type":"product","link":"https:\/\/mgvpublications.com\/de\/tasavvuf-kisa-bir-giris\/","title":{"rendered":"Tasavvuf K\u0131sa Bir Giri\u015f"},"content":{"rendered":"<p>\u00c7evirmen: Dr. Turan Ko\u00e7<br \/>Yay\u0131n Tarihi: 15.01.2019<br \/>ISBN: 9789753555012<br \/>Dil: T\u00dcRK\u00c7E<br \/>Sayfa Say\u0131s\u0131: 320<br \/>Cilt Tipi: Karton Kapak<br \/>Ka\u011f\u0131t Cinsi: Kitap Ka\u011f\u0131d\u0131<br \/>Boyut: 13.5 x 21 cm<\/p>","protected":false},"excerpt":{"rendered":"<p>Chittick&#8217;in bu eseri Tasavvuf&#8217;un ne oldu\u011funu tan\u0131tman\u0131n yan\u0131nda onu tatt\u0131r\u0131c\u0131 olmay\u0131 da hedef alan bir \u00e7al\u0131\u015fmad\u0131r. Eser, Tasavvuf ger\u00e7e\u011finin ne oldu\u011funu g\u00f6z \u00f6n\u00fcne sermek i\u00e7in, onun Kur&#8217;an ve Hadis&#8217;te yerini bulan dayanaklar\u0131yla birlikte tarihsel s\u00fcre\u00e7 i\u00e7indeki tezah\u00fcrlerini sahih Tasavvuf metinlerinden bol bol al\u0131nt\u0131lar yaparak ortaya koymaya \u00e7al\u0131\u015f\u0131r. Bu bak\u0131mdan, bu kitap bir tahlil ve de\u011ferlendirme olmaktan \u00e7ok bir takdim, bir sunu\u015ftur. Hatta, daha da ileride, bu eser \u0130bn Arabi okulu gelene\u011fi i\u00e7inde yeti\u015fmi\u015f musa\u0131r bir Sufi&#8217;nin kaleminden \u00e7\u0131km\u0131\u015f bir Tasavvuf metnidir. Bu durum eserin konumunu daha da ayr\u0131cal\u0131kl\u0131 k\u0131lmaktad\u0131r. Kitab\u0131n ba\u015fka bir \u00f6zelli\u011fi de, belli bir e\u011fitim d\u00fczeyinde olan herkesin rahat\u00e7a anlayabilece\u011fi bir dille yaz\u0131lm\u0131\u015f olmas\u0131d\u0131r. Kitapta, s\u0131k\u0131ca gelebilecek \u00e7o\u011fu teknik terim ve ayr\u0131nt\u0131ya ka\u00e7abilecek irdelemelerden b\u00fcy\u00fck \u00f6l\u00e7\u00fcde ka\u00e7\u0131n\u0131lm\u0131\u015ft\u0131r. Bu y\u00f6n\u00fcyle kitab\u0131n hem konunun uzmanlar\u0131na hem de tasavvufla ilgilenen genel okuyucuya ayn\u0131 anda hitap etit\u011fi s\u00f6ylenebilir.<\/p>","protected":false},"featured_media":19160,"template":"","meta":{"spay_email":""},"product_cat":[174],"product_tag":[],"item":[689],"acf":[],"_links":{"self":[{"href":"https:\/\/mgvpublications.com\/de\/wp-json\/wp\/v2\/product\/19161"}],"collection":[{"href":"https:\/\/mgvpublications.com\/de\/wp-json\/wp\/v2\/product"}],"about":[{"href":"https:\/\/mgvpublications.com\/de\/wp-json\/wp\/v2\/types\/product"}],"wp:featuredmedia":[{"embeddable":true,"href":"https:\/\/mgvpublications.com\/de\/wp-json\/wp\/v2\/media\/19160"}],"wp:attachment":[{"href":"https:\/\/mgvpublications.com\/de\/wp-json\/wp\/v2\/media?parent=19161"}],"wp:term":[{"taxonomy":"product_cat","embeddable":true,"href":"https:\/\/mgvpublications.com\/de\/wp-json\/wp\/v2\/product_cat?post=19161"},{"taxonomy":"product_tag","embeddable":true,"href":"https:\/\/mgvpublications.com\/de\/wp-json\/wp\/v2\/product_tag?post=19161"},{"taxonomy":"item","embeddable":true,"href":"https:\/\/mgvpublications.com\/de\/wp-json\/wp\/v2\/item?post=19161"}],"curies":[{"name":"wp","href":"https:\/\/api.w.org\/{rel}","templated":true}]}}