{"id":19159,"date":"2021-05-08T15:24:11","date_gmt":"2021-05-08T13:24:11","guid":{"rendered":"https:\/\/mgvpublications.com\/produkt\/elif-annesine-yardim-ediyor-ilk-okuma-kitabim\/"},"modified":"2022-03-08T22:53:14","modified_gmt":"2022-03-08T21:53:14","slug":"elif-annesine-yardim-ediyor-ilk-okuma-kitabim","status":"publish","type":"product","link":"https:\/\/mgvpublications.com\/de\/elif-annesine-yardim-ediyor-ilk-okuma-kitabim\/","title":{"rendered":"Elif Annesine Yard\u0131m Ediyor \/ \u0130lk Okuma Kitab\u0131m"},"content":{"rendered":"<p>\u00c7evirmen: Mustafa T\u00fczel<br \/>Yay\u0131n Tarihi: 27.05.2019<br \/>Orijinal Ad\u0131: Conni hilft Mama<br \/>ISBN: 9786053325215<br \/>Dil: T\u00dcRK\u00c7E<br \/>Sayfa Say\u0131s\u0131: 24<br \/>Cilt Tipi: Karton Kapak<br \/>Ka\u011f\u0131t Cinsi: Ku\u015fe Ka\u011f\u0131t<br \/>Boyut: 22 x 22 cm<\/p>","protected":false},"excerpt":{"rendered":"<p>Elif\u2019in annesine ne kadar d\u00fc\u015fk\u00fcn oldu\u011funu bilmeyen yoktu. Daha anaokulunda oldu\u011fu i\u00e7in her zaman annesine ihtiya\u00e7 duyuyordu. Ancak bir g\u00fcn al\u0131\u015fveri\u015ften d\u00f6nerken annesi ayak bile\u011fini incitince i\u015fler kar\u0131\u015ft\u0131. Art\u0131k annesinin yard\u0131ma ihtiyac\u0131 vard\u0131. Acaba Elif bu zor durumun \u00fcstesinden gelebilecek miydi?<\/p>","protected":false},"featured_media":21814,"template":"","meta":{"spay_email":""},"product_cat":[172],"product_tag":[],"item":[336],"acf":[],"_links":{"self":[{"href":"https:\/\/mgvpublications.com\/de\/wp-json\/wp\/v2\/product\/19159"}],"collection":[{"href":"https:\/\/mgvpublications.com\/de\/wp-json\/wp\/v2\/product"}],"about":[{"href":"https:\/\/mgvpublications.com\/de\/wp-json\/wp\/v2\/types\/product"}],"wp:featuredmedia":[{"embeddable":true,"href":"https:\/\/mgvpublications.com\/de\/wp-json\/wp\/v2\/media\/21814"}],"wp:attachment":[{"href":"https:\/\/mgvpublications.com\/de\/wp-json\/wp\/v2\/media?parent=19159"}],"wp:term":[{"taxonomy":"product_cat","embeddable":true,"href":"https:\/\/mgvpublications.com\/de\/wp-json\/wp\/v2\/product_cat?post=19159"},{"taxonomy":"product_tag","embeddable":true,"href":"https:\/\/mgvpublications.com\/de\/wp-json\/wp\/v2\/product_tag?post=19159"},{"taxonomy":"item","embeddable":true,"href":"https:\/\/mgvpublications.com\/de\/wp-json\/wp\/v2\/item?post=19159"}],"curies":[{"name":"wp","href":"https:\/\/api.w.org\/{rel}","templated":true}]}}