{"id":19155,"date":"2021-05-08T15:24:10","date_gmt":"2021-05-08T13:24:10","guid":{"rendered":"https:\/\/mgvpublications.com\/produkt\/yaratici-ofke\/"},"modified":"2022-03-08T22:53:14","modified_gmt":"2022-03-08T21:53:14","slug":"yaratici-ofke","status":"publish","type":"product","link":"https:\/\/mgvpublications.com\/de\/yaratici-ofke\/","title":{"rendered":"Yarat\u0131c\u0131 \u00d6fke"},"content":{"rendered":"<p>Yay\u0131n Tarihi: 29.03.2021<br \/>ISBN: 9786257746359<br \/>Dil: T\u00dcRK\u00c7E<br \/>Sayfa Say\u0131s\u0131: 348<br \/>Cilt Tipi: Karton Kapak<br \/>Ka\u011f\u0131t Cinsi: Kitap Ka\u011f\u0131d\u0131<br \/>Boyut: 13.5 x 21 cm<\/p>","protected":false},"excerpt":{"rendered":"<p>Yarat\u0131c\u0131 \u00f6fke: D\u00fc\u015f\u00fcn\u00fcrlerin i\u00e7indeki esrarl\u0131 ve ate\u015ften bir yumak; d\u00fc\u015f\u00fc-n\u00fcrlerin karanl\u0131\u011f\u0131 yok eden ve bo\u011fan \u00f6fkesidir. Bir vicdan\u0131n vicdan\u0131, k\u00e2mil bir iman\u0131n ve asla korkmayan; ulvi d\u00fc\u015f\u00fcncelerin serdarlar\u0131d\u0131rlar! Ve bu \u015fiddetin \u015fiddeti \u00f6fkeleri olmasayd\u0131, d\u00fc\u015f\u00fcnce en metafizik yani en yak\u0131c\u0131, en kristal di\u011fer bir ifadeyle insanlar\u0131n ruhlar\u0131n\u0131, r\u00fcya ufuklar\u0131n\u0131 asla gebe b\u0131rakamazd\u0131&#8230; Bir insan\u0131n, bir ailenin inanc\u0131n\u0131 kaybetmesi \u015f\u00fcphesiz k\u00f6t\u00fc bir y\u0131k\u0131m, ama bir milletin b\u00fct\u00fcn fertlerinin inan\u00e7lar\u0131, kurucu ve ta\u00e7 mefhumlar\u0131 elinden al\u0131n\u0131p melezle\u015ftirilmesi, b\u00fct\u00fcn\u00fcyle o milletin intihar\u0131 demektir! H\u00e2kim olmad\u0131\u011f\u0131n\u0131z her d\u00fc\u015f\u00fcnce, her mefhum size h\u00e2kim olup; size h\u00fckmeder ve size diz \u00e7\u00f6kt\u00fcr\u00fcr! Di\u011fer bir ifadeyle insan\u0131 g\u00f6z\u00fc ba\u011fl\u0131 k\u00f6lesi yapar.<\/p>","protected":false},"featured_media":19154,"template":"","meta":{"spay_email":""},"product_cat":[168],"product_tag":[],"item":[1733],"acf":[],"_links":{"self":[{"href":"https:\/\/mgvpublications.com\/de\/wp-json\/wp\/v2\/product\/19155"}],"collection":[{"href":"https:\/\/mgvpublications.com\/de\/wp-json\/wp\/v2\/product"}],"about":[{"href":"https:\/\/mgvpublications.com\/de\/wp-json\/wp\/v2\/types\/product"}],"wp:featuredmedia":[{"embeddable":true,"href":"https:\/\/mgvpublications.com\/de\/wp-json\/wp\/v2\/media\/19154"}],"wp:attachment":[{"href":"https:\/\/mgvpublications.com\/de\/wp-json\/wp\/v2\/media?parent=19155"}],"wp:term":[{"taxonomy":"product_cat","embeddable":true,"href":"https:\/\/mgvpublications.com\/de\/wp-json\/wp\/v2\/product_cat?post=19155"},{"taxonomy":"product_tag","embeddable":true,"href":"https:\/\/mgvpublications.com\/de\/wp-json\/wp\/v2\/product_tag?post=19155"},{"taxonomy":"item","embeddable":true,"href":"https:\/\/mgvpublications.com\/de\/wp-json\/wp\/v2\/item?post=19155"}],"curies":[{"name":"wp","href":"https:\/\/api.w.org\/{rel}","templated":true}]}}