{"id":19153,"date":"2021-05-08T15:24:10","date_gmt":"2021-05-08T13:24:10","guid":{"rendered":"https:\/\/mgvpublications.com\/produkt\/o-ve-ben-kod6\/"},"modified":"2022-04-07T14:52:35","modified_gmt":"2022-04-07T12:52:35","slug":"o-ve-ben-kod6","status":"publish","type":"product","link":"https:\/\/mgvpublications.com\/de\/o-ve-ben-kod6\/","title":{"rendered":"O Ve Ben (kod6)"},"content":{"rendered":"<p>Yay\u0131n Tarihi: 01.02.2013<br \/>ISBN: 9789758180240<br \/>Dil: T\u00dcRK\u00c7E<br \/>Sayfa Say\u0131s\u0131: 264<br \/>Cilt Tipi: Karton Kapak<br \/>Ka\u011f\u0131t Cinsi: Kitap Ka\u011f\u0131d\u0131<br \/>Boyut: 12.5 x 19.5 cm<\/p>","protected":false},"excerpt":{"rendered":"<p>Hayat\u0131n\u0131, Abd\u00fclhak\u00eem Arvas\u00ee Hazretleri&#8217;ni &#8220;Tan\u0131y\u0131ncaya Kadar&#8221; ve &#8220;Tan\u0131d\u0131ktan Sonra&#8221; diye iki ana b\u00f6l\u00fcme ay\u0131ran Necip Faz\u0131l, Efendisine do\u011fru kendisini cezbeden h\u00e2diseleri de m\u00e2n\u00e2land\u0131rd\u0131\u011f\u0131 otobiyografik eseri &#8220;O Ve Ben&#8221;i 1975&#8217;de \u015f\u00f6yle takdim etmi\u015ftir: &#8220;Bu eser, d\u00fcnyaya geli\u015fimden bug\u00fcne kadar en husus\u00ee renkleri, \u00e7izgileri ve sesleriyle hayat\u0131m\u0131n hik\u00e2yesi ve as\u0131l O&#8217;nu tan\u0131d\u0131ktan sonra m\u00e2nas\u0131n\u0131 anlamaya ba\u015flad\u0131\u011f\u0131m v\u00fccut hikmetinin bende tecelli eden yak\u0131c\u0131 ifadesidir. Bu bak\u0131mdan, kendilerini g\u00f6r\u00fcnceye kadar malik olabildi\u011fim birbu\u00e7uk esere nisbetle bug\u00fcn 60 cildi a\u015fan ve hepsini birden o nura bor\u00e7lu bildi\u011fim eserler aras\u0131nda, \u015fimdikini, ba\u015f k\u00f6\u015feye oturtulmas\u0131 l\u00e2z\u0131m ve en mahrem i\u00e7 ve d\u0131\u015f iklimlere do\u011fru bir belirti\u015f olarak takdim ederim.&#8221; Kitap, 1965 senesinde &#8220;B\u00fcy\u00fck Kap\u0131&#8221; ismiyle yay\u0131nlanm\u0131\u015ft\u0131r.<\/p>","protected":false},"featured_media":19152,"template":"","meta":{"spay_email":""},"product_cat":[168],"product_tag":[],"item":[383],"acf":[],"_links":{"self":[{"href":"https:\/\/mgvpublications.com\/de\/wp-json\/wp\/v2\/product\/19153"}],"collection":[{"href":"https:\/\/mgvpublications.com\/de\/wp-json\/wp\/v2\/product"}],"about":[{"href":"https:\/\/mgvpublications.com\/de\/wp-json\/wp\/v2\/types\/product"}],"wp:featuredmedia":[{"embeddable":true,"href":"https:\/\/mgvpublications.com\/de\/wp-json\/wp\/v2\/media\/19152"}],"wp:attachment":[{"href":"https:\/\/mgvpublications.com\/de\/wp-json\/wp\/v2\/media?parent=19153"}],"wp:term":[{"taxonomy":"product_cat","embeddable":true,"href":"https:\/\/mgvpublications.com\/de\/wp-json\/wp\/v2\/product_cat?post=19153"},{"taxonomy":"product_tag","embeddable":true,"href":"https:\/\/mgvpublications.com\/de\/wp-json\/wp\/v2\/product_tag?post=19153"},{"taxonomy":"item","embeddable":true,"href":"https:\/\/mgvpublications.com\/de\/wp-json\/wp\/v2\/item?post=19153"}],"curies":[{"name":"wp","href":"https:\/\/api.w.org\/{rel}","templated":true}]}}