{"id":19149,"date":"2021-05-08T15:24:07","date_gmt":"2021-05-08T13:24:07","guid":{"rendered":"https:\/\/mgvpublications.com\/produkt\/rubi-kaygilaniyor-benim-duygular-kitabim\/"},"modified":"2022-03-08T22:53:10","modified_gmt":"2022-03-08T21:53:10","slug":"rubi-kaygilaniyor-benim-duygular-kitabim","status":"publish","type":"product","link":"https:\/\/mgvpublications.com\/de\/rubi-kaygilaniyor-benim-duygular-kitabim\/","title":{"rendered":"Rubi Kayg\u0131lan\u0131yor \/ Benim Duygular Kitab\u0131m"},"content":{"rendered":"<p>\u00c7evirmen: Burcu Ural Kopan<br \/>Yay\u0131n Tarihi: 16.03.2021<br \/>ISBN: 9786059586283<br \/>Dil: T\u00dcRK\u00c7E<br \/>Sayfa Say\u0131s\u0131: 32<br \/>Cilt Tipi: Karton Kapak<br \/>Ka\u011f\u0131t Cinsi: 1. Hm. Ka\u011f\u0131t<br \/>\u00c7izer: Tom Percival<\/p>","protected":false},"excerpt":{"rendered":"<p>Bug\u00fcne kadar 21 dile \u00e7evrilen Tom Percival&#8217;\u0131n &#8220;Benim Duygular Kitab\u0131m&#8221; dizisi MARSIK K\u0130TAP etiketiyle T\u00fcrk\u00e7e&#8217;de! Dizinin yay\u0131mlanan ilk kitab\u0131: Ravi K\u00fckr\u00fcyor. Bu ay da\u011f\u0131t\u0131mdaki kitab\u0131 ise Rubi Kayg\u0131lan\u0131yor. Rubi her zaman mutlu bir \u00e7ocuktu. Ama bir g\u00fcn kayg\u0131yla tan\u0131\u015ft\u0131. Tom Percival&#8217;\u0131n kitaplar\u0131 \u00e7ocuklar\u0131n d\u00fc\u015fsel ve duygusal geli\u015fimleri a\u00e7\u0131s\u0131ndan \u00f6nemlidir. \u00c7ocuklar\u0131n\u0131zla duygular\u0131 anlamak ve kendini tan\u0131mak \u00fczerine konu\u015furken bu kitaplardan yararlanabilirsiniz<\/p>","protected":false},"featured_media":19148,"template":"","meta":{"spay_email":""},"product_cat":[172],"product_tag":[],"item":[1746],"acf":[],"_links":{"self":[{"href":"https:\/\/mgvpublications.com\/de\/wp-json\/wp\/v2\/product\/19149"}],"collection":[{"href":"https:\/\/mgvpublications.com\/de\/wp-json\/wp\/v2\/product"}],"about":[{"href":"https:\/\/mgvpublications.com\/de\/wp-json\/wp\/v2\/types\/product"}],"wp:featuredmedia":[{"embeddable":true,"href":"https:\/\/mgvpublications.com\/de\/wp-json\/wp\/v2\/media\/19148"}],"wp:attachment":[{"href":"https:\/\/mgvpublications.com\/de\/wp-json\/wp\/v2\/media?parent=19149"}],"wp:term":[{"taxonomy":"product_cat","embeddable":true,"href":"https:\/\/mgvpublications.com\/de\/wp-json\/wp\/v2\/product_cat?post=19149"},{"taxonomy":"product_tag","embeddable":true,"href":"https:\/\/mgvpublications.com\/de\/wp-json\/wp\/v2\/product_tag?post=19149"},{"taxonomy":"item","embeddable":true,"href":"https:\/\/mgvpublications.com\/de\/wp-json\/wp\/v2\/item?post=19149"}],"curies":[{"name":"wp","href":"https:\/\/api.w.org\/{rel}","templated":true}]}}