{"id":19147,"date":"2021-05-08T15:24:06","date_gmt":"2021-05-08T13:24:06","guid":{"rendered":"https:\/\/mgvpublications.com\/produkt\/son-elci-ithal-kagit-ciltsiz\/"},"modified":"2022-03-08T22:53:10","modified_gmt":"2022-03-08T21:53:10","slug":"son-elci-ithal-kagit-ciltsiz","status":"publish","type":"product","link":"https:\/\/mgvpublications.com\/de\/son-elci-ithal-kagit-ciltsiz\/","title":{"rendered":"Son El\u00e7i (\u0130thal Ka\u011f\u0131t Ciltsiz)"},"content":{"rendered":"<p>Yay\u0131n Tarihi: 28.06.2016<br \/>ISBN: 9786054913879<br \/>Dil: T\u00dcRK\u00c7E<br \/>Sayfa Say\u0131s\u0131: 608<br \/>Cilt Tipi: Karton Kapak<br \/>Ka\u011f\u0131t Cinsi: Kitap Ka\u011f\u0131d\u0131<br \/>Boyut: 16 x 24 cm<\/p>","protected":false},"excerpt":{"rendered":"<p>15 asra yak\u0131n bir zamandan beri nice alimler, arifler, a\u015f\u0131klar, \u015fairler Resulullah (sav)\u2019i anlat\u0131p durdular. S\u00f6zler onunla anlam\u0131n\u0131 buldu. Yaz\u0131lanlar onunla de\u011fer kazand\u0131. \u015e\u00fcphesiz O\u2019nu en do\u011fru \u015fekilde Rabbimiz anlatt\u0131 insal\u0131\u011fa kelam\u0131nda\u2026 O\u2019nun i\u00e7in \u201c\u015e\u00fcphesiz biz seni alemlere rahmet olarak g\u00f6nderdik\u201d (Enbiya, 107) buyurdu. Bu \u00e7al\u0131\u015fma Peygamber Efendimizin hayat\u0131n\u0131n do\u011fru bir \u015fekilde anla\u015f\u0131lmas\u0131na yard\u0131mc\u0131 olmak i\u00e7in yaz\u0131ld\u0131. Bu de\u011ferlendirmeleri yaparken sosyolojinin, psikolojinin, pedagojinin verilerinde de faydalan\u0131ld\u0131.<\/p>","protected":false},"featured_media":19146,"template":"","meta":{"spay_email":""},"product_cat":[174],"product_tag":[],"item":[1321],"acf":[],"_links":{"self":[{"href":"https:\/\/mgvpublications.com\/de\/wp-json\/wp\/v2\/product\/19147"}],"collection":[{"href":"https:\/\/mgvpublications.com\/de\/wp-json\/wp\/v2\/product"}],"about":[{"href":"https:\/\/mgvpublications.com\/de\/wp-json\/wp\/v2\/types\/product"}],"wp:featuredmedia":[{"embeddable":true,"href":"https:\/\/mgvpublications.com\/de\/wp-json\/wp\/v2\/media\/19146"}],"wp:attachment":[{"href":"https:\/\/mgvpublications.com\/de\/wp-json\/wp\/v2\/media?parent=19147"}],"wp:term":[{"taxonomy":"product_cat","embeddable":true,"href":"https:\/\/mgvpublications.com\/de\/wp-json\/wp\/v2\/product_cat?post=19147"},{"taxonomy":"product_tag","embeddable":true,"href":"https:\/\/mgvpublications.com\/de\/wp-json\/wp\/v2\/product_tag?post=19147"},{"taxonomy":"item","embeddable":true,"href":"https:\/\/mgvpublications.com\/de\/wp-json\/wp\/v2\/item?post=19147"}],"curies":[{"name":"wp","href":"https:\/\/api.w.org\/{rel}","templated":true}]}}