{"id":19145,"date":"2021-05-08T15:24:06","date_gmt":"2021-05-08T13:24:06","guid":{"rendered":"https:\/\/mgvpublications.com\/produkt\/lugat-365-bazi-kelimeler-cok-guzel\/"},"modified":"2022-03-08T22:53:09","modified_gmt":"2022-03-08T21:53:09","slug":"lugat-365-bazi-kelimeler-cok-guzel","status":"publish","type":"product","link":"https:\/\/mgvpublications.com\/de\/lugat-365-bazi-kelimeler-cok-guzel\/","title":{"rendered":"Lugat 365 Baz\u0131 Kelimeler \u00c7ok G\u00fczel"},"content":{"rendered":"<p>Yay\u0131n Tarihi: 08.07.2019<br \/>ISBN: 9789750730030<br \/>Dil: T\u00dcRK\u00c7E<br \/>Sayfa Say\u0131s\u0131: 304<br \/>Cilt Tipi: Ciltli<br \/>Ka\u011f\u0131t Cinsi: Kitap Ka\u011f\u0131d\u0131<br \/>Boyut: 13.5 x 19.5 cm<\/p>","protected":false},"excerpt":{"rendered":"<p>Baz\u0131 Kelimeler \u00c7ok G\u00fczel&#8230; Lugat 365 projesi, 2014 y\u0131l\u0131n\u0131n sonlar\u0131na do\u011fru, Banu-Onur Ertu\u011frul \u00e7iftinin akl\u0131na d\u00fc\u015fer. &#8220;Hissikablelvuku&#8221; gibi, &#8220;m\u00fc\u015fk\u00fclpesent&#8221; gibi baz\u0131 kelimeler, hem s\u00f6yleni\u015fleri, hem de kapsad\u0131klar\u0131 anlam alanlar\u0131, dolu dolu ge\u00e7mi\u015fleri ile ne g\u00fczeldirler. Kollar\u0131 s\u0131var, 2015 y\u0131l\u0131 boyunca her g\u00fcn be\u011fendikleri bir kelimeyi twitter \u00fczerinden payla\u015fmaya, eski kelimeleri unutmu\u015f ya da hi\u00e7 duymam\u0131\u015f g\u00fcn\u00fcm\u00fcz toplumunun dikkatine sunmaya ba\u015flarlar&#8230; \u00d6yle ki, zamanla payla\u015f\u0131lan kelimeler o g\u00fcn\u00fcn g\u00fcncel olaylar\u0131na, duygular\u0131na g\u00f6ndermeler i\u00e7ermeye, adeta &#8220;ya\u015famaya&#8221; ba\u015flar.. Takip\u00e7ileri k\u0131sa zamanda y\u00fcz binleri bulur&#8230; Lugat365 payla\u015f\u0131mlar\u0131 2015 y\u0131l\u0131 sonu itibariyle sona erecek. Ama yay\u0131mlad\u0131\u011f\u0131m\u0131z kitap, o kelimeleri bir araya getirerek \u00f6nemli bir kaynak ve ba\u015fucu s\u00f6zl\u00fc\u011f\u00fc olacak. Kendine \u00f6zel tasar\u0131m\u0131 ve sunumuyla&#8230;<\/p>","protected":false},"featured_media":22596,"template":"","meta":{"spay_email":""},"product_cat":[180],"product_tag":[],"item":[369],"acf":[],"_links":{"self":[{"href":"https:\/\/mgvpublications.com\/de\/wp-json\/wp\/v2\/product\/19145"}],"collection":[{"href":"https:\/\/mgvpublications.com\/de\/wp-json\/wp\/v2\/product"}],"about":[{"href":"https:\/\/mgvpublications.com\/de\/wp-json\/wp\/v2\/types\/product"}],"wp:featuredmedia":[{"embeddable":true,"href":"https:\/\/mgvpublications.com\/de\/wp-json\/wp\/v2\/media\/22596"}],"wp:attachment":[{"href":"https:\/\/mgvpublications.com\/de\/wp-json\/wp\/v2\/media?parent=19145"}],"wp:term":[{"taxonomy":"product_cat","embeddable":true,"href":"https:\/\/mgvpublications.com\/de\/wp-json\/wp\/v2\/product_cat?post=19145"},{"taxonomy":"product_tag","embeddable":true,"href":"https:\/\/mgvpublications.com\/de\/wp-json\/wp\/v2\/product_tag?post=19145"},{"taxonomy":"item","embeddable":true,"href":"https:\/\/mgvpublications.com\/de\/wp-json\/wp\/v2\/item?post=19145"}],"curies":[{"name":"wp","href":"https:\/\/api.w.org\/{rel}","templated":true}]}}