{"id":19143,"date":"2021-05-08T15:24:05","date_gmt":"2021-05-08T13:24:05","guid":{"rendered":"https:\/\/mgvpublications.com\/produkt\/elif-bisiklete-binmeyi-ogreniyor\/"},"modified":"2022-04-08T06:23:28","modified_gmt":"2022-04-08T04:23:28","slug":"elif-bisiklete-binmeyi-ogreniyor","status":"publish","type":"product","link":"https:\/\/mgvpublications.com\/de\/elif-bisiklete-binmeyi-ogreniyor\/","title":{"rendered":"Elif Bisiklete Binmeyi \u00d6\u011freniyor"},"content":{"rendered":"<p>\u00c7evirmen: Necdet Neydim<br \/>Yay\u0131n Tarihi: 27.05.2019<br \/>ISBN: 9786053601432<br \/>Dil: T\u00dcRK\u00c7E<br \/>Sayfa Say\u0131s\u0131: 24<br \/>Cilt Tipi: Karton Kapak<br \/>Ka\u011f\u0131t Cinsi: Ku\u015fe Ka\u011f\u0131t<br \/>Boyut: 22 x 22 cm<\/p>","protected":false},"excerpt":{"rendered":"<p>Elif arkada\u015f\u0131 Sena\u2019n\u0131n bisikletine \u00e7ok \u00f6zeniyordu. Art\u0131k b\u00fcy\u00fcm\u00fc\u015ft\u00fc ve \u00fc\u00e7 tekerlekli bisikleti onun i\u00e7in \u00e7ok k\u00fc\u00e7\u00fckt\u00fc. Ger\u00e7ek bir bisiklete binmek istiyordu. Sonunda ailesi ona iki tekerlekli bir bisiklet ald\u0131. Ama bir sorun vard\u0131. Elif\u2019in \u015fimdi de bisiklete binmeyi \u00f6\u011frenmesi gerekiyordu<\/p>","protected":false},"featured_media":23239,"template":"","meta":{"spay_email":""},"product_cat":[172],"product_tag":[],"item":[336],"acf":[],"_links":{"self":[{"href":"https:\/\/mgvpublications.com\/de\/wp-json\/wp\/v2\/product\/19143"}],"collection":[{"href":"https:\/\/mgvpublications.com\/de\/wp-json\/wp\/v2\/product"}],"about":[{"href":"https:\/\/mgvpublications.com\/de\/wp-json\/wp\/v2\/types\/product"}],"wp:featuredmedia":[{"embeddable":true,"href":"https:\/\/mgvpublications.com\/de\/wp-json\/wp\/v2\/media\/23239"}],"wp:attachment":[{"href":"https:\/\/mgvpublications.com\/de\/wp-json\/wp\/v2\/media?parent=19143"}],"wp:term":[{"taxonomy":"product_cat","embeddable":true,"href":"https:\/\/mgvpublications.com\/de\/wp-json\/wp\/v2\/product_cat?post=19143"},{"taxonomy":"product_tag","embeddable":true,"href":"https:\/\/mgvpublications.com\/de\/wp-json\/wp\/v2\/product_tag?post=19143"},{"taxonomy":"item","embeddable":true,"href":"https:\/\/mgvpublications.com\/de\/wp-json\/wp\/v2\/item?post=19143"}],"curies":[{"name":"wp","href":"https:\/\/api.w.org\/{rel}","templated":true}]}}