{"id":19141,"date":"2021-05-08T15:24:05","date_gmt":"2021-05-08T13:24:05","guid":{"rendered":"https:\/\/mgvpublications.com\/produkt\/arkadasim-yarisci-dunyayi-ogreniyorum\/"},"modified":"2022-06-16T15:34:20","modified_gmt":"2022-06-16T13:34:20","slug":"arkadasim-yarisci-dunyayi-ogreniyorum","status":"publish","type":"product","link":"https:\/\/mgvpublications.com\/de\/arkadasim-yarisci-dunyayi-ogreniyorum\/","title":{"rendered":"Arkada\u015f\u0131m Yar\u0131\u015f\u00e7\u0131 &#8211; D\u00fcnyay\u0131 \u00d6\u011freniyorum"},"content":{"rendered":"<p>\u00c7evirmen: Ay\u00e7a Sabuncuo\u011flu<br \/>Yay\u0131n Tarihi: 04.01.2019<br \/>ISBN: 9786053609131<br \/>Dil: T\u00dcRK\u00c7E<br \/>Sayfa Say\u0131s\u0131: 24<br \/>Cilt Tipi: Karton Kapak<br \/>Ka\u011f\u0131t Cinsi: Kitap Ka\u011f\u0131d\u0131<br \/>Boyut: 22 x 22 cm<\/p>","protected":false},"excerpt":{"rendered":"<p>Araba yar\u0131slar\u0131 en pop\u00fcler spor kars\u0131lasmalar\u0131 aras\u0131nda yer al\u0131r. Formula 1 ve Nascar gibi yar\u0131smalar\u0131 d\u00fcnyan\u0131n d\u00f6rt bir yan\u0131ndan milyonlarca seyirci takip eder. Bu yar\u0131smalarda kullan\u0131lan otomobiller otomotiv teknolojisinin zirvesi olarak kabul edilir. Otomobilleri kullanan sporcular ise film y\u0131ld\u0131zlar\u0131 kadar \u00fcnl\u00fcd\u00fcr. Hadi gidip yar\u0131slarda neler oldugunu g\u00f6relim.<\/p>","protected":false},"featured_media":19140,"template":"","meta":{"spay_email":""},"product_cat":[172],"product_tag":[],"item":[336],"acf":[],"_links":{"self":[{"href":"https:\/\/mgvpublications.com\/de\/wp-json\/wp\/v2\/product\/19141"}],"collection":[{"href":"https:\/\/mgvpublications.com\/de\/wp-json\/wp\/v2\/product"}],"about":[{"href":"https:\/\/mgvpublications.com\/de\/wp-json\/wp\/v2\/types\/product"}],"wp:featuredmedia":[{"embeddable":true,"href":"https:\/\/mgvpublications.com\/de\/wp-json\/wp\/v2\/media\/19140"}],"wp:attachment":[{"href":"https:\/\/mgvpublications.com\/de\/wp-json\/wp\/v2\/media?parent=19141"}],"wp:term":[{"taxonomy":"product_cat","embeddable":true,"href":"https:\/\/mgvpublications.com\/de\/wp-json\/wp\/v2\/product_cat?post=19141"},{"taxonomy":"product_tag","embeddable":true,"href":"https:\/\/mgvpublications.com\/de\/wp-json\/wp\/v2\/product_tag?post=19141"},{"taxonomy":"item","embeddable":true,"href":"https:\/\/mgvpublications.com\/de\/wp-json\/wp\/v2\/item?post=19141"}],"curies":[{"name":"wp","href":"https:\/\/api.w.org\/{rel}","templated":true}]}}