{"id":19139,"date":"2021-05-08T15:24:04","date_gmt":"2021-05-08T13:24:04","guid":{"rendered":"https:\/\/mgvpublications.com\/produkt\/durr-ve-sadef-hz-muhammedin-sas-ilk-yedi-yili\/"},"modified":"2022-03-08T22:53:09","modified_gmt":"2022-03-08T21:53:09","slug":"durr-ve-sadef-hz-muhammedin-sas-ilk-yedi-yili","status":"publish","type":"product","link":"https:\/\/mgvpublications.com\/de\/durr-ve-sadef-hz-muhammedin-sas-ilk-yedi-yili\/","title":{"rendered":"D\u00fcrr ve Sadef Hz. Muhammed\u2019in (sas) \u0130lk Yedi Y\u0131l\u0131"},"content":{"rendered":"<p>Yay\u0131n Tarihi: 25.03.2021<br \/>ISBN: 9786257274074<br \/>Dil: T\u00dcRK\u00c7E<br \/>Sayfa Say\u0131s\u0131: 360<br \/>Cilt Tipi: Karton Kapak<br \/>Ka\u011f\u0131t Cinsi: Kitap Ka\u011f\u0131d\u0131<br \/>Boyut: 13.5 x 21 cm<\/p>","protected":false},"excerpt":{"rendered":"<p>Peygamberimiz sallallah\u00fc aleyhi ve sellem inci tanesiydi. Annesi Sadef. D\u00fcrr ve Sadef\u2019in, Esma\u00fc\u2019l H\u00fcsna ile \u00e7er\u00e7evelenmi\u015fti emsalsiz hayatlar\u0131. Rahman\u2019\u0131n nazar\u0131 \u00fczerlerindeydi. O\u2019nun g\u00f6zetimindeydiler. Hi\u00e7bir o\u011ful annesini O\u2019nun kadar sevmedi. Ve hi\u00e7bir anne, \u00c2mine Hatun kadar, hayat yolunu kalpteki ate\u015ften ta\u015flara basarak y\u00fcr\u00fcmedi\u2026 D\u00fcrr ve Sadef, anne karn\u0131ndayken bile olaylar\u0131n gidi\u015fat\u0131n\u0131 de\u011fi\u015ftiren can\u0131m\u0131z ve c\u00e2n\u00e2n\u0131m\u0131z Sevgili Resul\u2019\u00fcm\u00fcz\u00fcn ve muhterem annesinin roman\u0131d\u0131r.<\/p>","protected":false},"featured_media":19138,"template":"","meta":{"spay_email":""},"product_cat":[168],"product_tag":[],"item":[426],"acf":[],"_links":{"self":[{"href":"https:\/\/mgvpublications.com\/de\/wp-json\/wp\/v2\/product\/19139"}],"collection":[{"href":"https:\/\/mgvpublications.com\/de\/wp-json\/wp\/v2\/product"}],"about":[{"href":"https:\/\/mgvpublications.com\/de\/wp-json\/wp\/v2\/types\/product"}],"wp:featuredmedia":[{"embeddable":true,"href":"https:\/\/mgvpublications.com\/de\/wp-json\/wp\/v2\/media\/19138"}],"wp:attachment":[{"href":"https:\/\/mgvpublications.com\/de\/wp-json\/wp\/v2\/media?parent=19139"}],"wp:term":[{"taxonomy":"product_cat","embeddable":true,"href":"https:\/\/mgvpublications.com\/de\/wp-json\/wp\/v2\/product_cat?post=19139"},{"taxonomy":"product_tag","embeddable":true,"href":"https:\/\/mgvpublications.com\/de\/wp-json\/wp\/v2\/product_tag?post=19139"},{"taxonomy":"item","embeddable":true,"href":"https:\/\/mgvpublications.com\/de\/wp-json\/wp\/v2\/item?post=19139"}],"curies":[{"name":"wp","href":"https:\/\/api.w.org\/{rel}","templated":true}]}}