{"id":19133,"date":"2021-05-08T15:24:03","date_gmt":"2021-05-08T13:24:03","guid":{"rendered":"https:\/\/mgvpublications.com\/produkt\/otag-3-sultan-alparslan\/"},"modified":"2022-03-08T22:53:09","modified_gmt":"2022-03-08T21:53:09","slug":"otag-3-sultan-alparslan","status":"publish","type":"product","link":"https:\/\/mgvpublications.com\/de\/otag-3-sultan-alparslan\/","title":{"rendered":"Ota\u011f 3 \/ Sultan Alparslan"},"content":{"rendered":"<p>Yay\u0131n Tarihi: 06.05.2019<br \/>ISBN: 9786050829907<br \/>Dil: T\u00dcRK\u00c7E<br \/>Sayfa Say\u0131s\u0131: 272<br \/>Cilt Tipi: Karton Kapak<br \/>Ka\u011f\u0131t Cinsi: Kitap Ka\u011f\u0131d\u0131<br \/>Boyut: 13.5 x 21 cm<\/p>","protected":false},"excerpt":{"rendered":"<p>\u201cEy Alla\u0302h\u2019\u0131m, sana mu\u0308vekkil oldum ve bu cihatla sana yaklas\u0327t\u0131m, senin kat\u0131nda secdeye kapan\u0131yor ve yalvar\u0131yorum. Bu so\u0308zlerim, gerc\u0327ek duygular\u0131m\u0131 ifade etmiyorsa beni yan\u0131mdaki yard\u0131mc\u0131lar\u0131m\u0131 ve askerlerimi yok et! Eg\u0306er ic\u0327tenlig\u0306imi kabul ediyorsan du\u0308s\u0327manlara kars\u0327\u0131 bu cihatta bana yard\u0131m et ve beni muzaffer bir sultan k\u0131l!\u201d Sultan Muhammed Alparslan Ahmet \u015eim\u015firgil, Osmanl\u0131 \u0130mparatorlu\u011fu\u2019nun b\u00fct\u00fcn safhalar\u0131n\u0131 anlatt\u0131\u011f\u0131 KAYI serisinden sonra, \u015fimdi de OTA\u011e serisi ile eski T\u00fcrklerin tarihini anlatmaya devam ediyor. Orta Asya\u2019n\u0131n derinliklerindeki T\u00fcrk imgesi, ezber bozan bilgiler \u0131\u015f\u0131\u011f\u0131nda bir kez daha parl\u0131yor. \u015eim\u015firgil, serinin OTA\u011e III- Horasan\u2019dan Anadolu\u2019ya Sel\u00e7uklular\/Sultan Alparslan ad\u0131n\u0131 verdi\u011fi \u00fc\u00e7\u00fcnc\u00fc kitab\u0131nda Cend\u2019den at\u0131lan Sel\u00e7uklu okunun Malazgirt\u2019te Sultan Alparslan komutas\u0131ndaki orduyla Anadolu\u2019ya d\u00fc\u015ferek bu topraklar\u0131 nas\u0131l yurt edindiklerini t\u00fcm y\u00f6nleriyle anlat\u0131yor. \u2022 Anadolu kap\u0131s\u0131n\u0131 T\u00fcrklere a\u00e7an Sel\u00e7uklular kimlerdi? \u2022 Yeni bir vatan\u0131n kap\u0131lar\u0131 nas\u0131l a\u00e7\u0131ld\u0131? \u2022 Dukak ve Sel\u00e7uk konusunda ezber bozan bilgiler! \u2022 B\u00fcy\u00fck Sel\u00e7uklu Devleti\u2019nin temellerini atan Dandanakan Sava\u015f\u0131\u2019nda neler ya\u015fand\u0131? \u2022 Amid\u00fclm\u00fclk K\u00fcnd\u00fcr\u00ee ve Sel\u00e7uklu saray\u0131nda dini \u00e7at\u0131\u015fmalar! \u2022 Sel\u00e7uklu devlet te\u015fkilat\u0131n\u0131n temellerini atan \u00fcnl\u00fc vezir Niz\u00e2m\u00fclm\u00fclk kimdir? \u2022 Muhammed Alparslan\u2019\u0131 sultan yapan b\u00fcy\u00fck sava\u015f! \u2022 Romanos Diogenes ve T\u00fcrkler \u00fczerine seferleri! \u2022 Malazgirt Sava\u015f\u0131\u2019n\u0131 meydana getiren sebepler nelerdi? \u2022 \u0130mparator Romanos Diogenes\u2019in hazin sonu! \u2022 Yi\u011fitli\u011fi, mertli\u011fi, \u0130slam\u2019a ba\u011fl\u0131l\u0131\u011f\u0131 ve siyas\u00ee\/asker\u00ee dehas\u0131yla T\u00fcrk co\u011frafyas\u0131na damgas\u0131n\u0131 vuran Sultan Alparslan nas\u0131l vefat etti, vasiyeti neydi? T\u00fcm bu sorular\u0131n cevaplar\u0131yla birlikte T\u00fcrklerin efsanevi komutan\u0131 Sultan Alparslan ve Malazgirt Sava\u015f\u0131\u2019n\u0131 Ahmet \u015eim\u015firgil\u2019in kaleminden roman tad\u0131nda okuyacaks\u0131n\u0131z!<\/p>","protected":false},"featured_media":19132,"template":"","meta":{"spay_email":""},"product_cat":[170],"product_tag":[],"item":[360],"acf":[],"_links":{"self":[{"href":"https:\/\/mgvpublications.com\/de\/wp-json\/wp\/v2\/product\/19133"}],"collection":[{"href":"https:\/\/mgvpublications.com\/de\/wp-json\/wp\/v2\/product"}],"about":[{"href":"https:\/\/mgvpublications.com\/de\/wp-json\/wp\/v2\/types\/product"}],"wp:featuredmedia":[{"embeddable":true,"href":"https:\/\/mgvpublications.com\/de\/wp-json\/wp\/v2\/media\/19132"}],"wp:attachment":[{"href":"https:\/\/mgvpublications.com\/de\/wp-json\/wp\/v2\/media?parent=19133"}],"wp:term":[{"taxonomy":"product_cat","embeddable":true,"href":"https:\/\/mgvpublications.com\/de\/wp-json\/wp\/v2\/product_cat?post=19133"},{"taxonomy":"product_tag","embeddable":true,"href":"https:\/\/mgvpublications.com\/de\/wp-json\/wp\/v2\/product_tag?post=19133"},{"taxonomy":"item","embeddable":true,"href":"https:\/\/mgvpublications.com\/de\/wp-json\/wp\/v2\/item?post=19133"}],"curies":[{"name":"wp","href":"https:\/\/api.w.org\/{rel}","templated":true}]}}