{"id":19129,"date":"2021-05-08T15:24:00","date_gmt":"2021-05-08T13:24:00","guid":{"rendered":"https:\/\/mgvpublications.com\/produkt\/kayi-v-osmanli-tarihi-kudret-ve-azamet-yillari\/"},"modified":"2022-03-08T22:53:07","modified_gmt":"2022-03-08T21:53:07","slug":"kayi-v-osmanli-tarihi-kudret-ve-azamet-yillari","status":"publish","type":"product","link":"https:\/\/mgvpublications.com\/de\/kayi-v-osmanli-tarihi-kudret-ve-azamet-yillari\/","title":{"rendered":"Kay\u0131 -V Osmanl\u0131 Tarihi \/ Kudret ve Azamet Y\u0131llar\u0131"},"content":{"rendered":"<p>Yay\u0131n Tarihi: 13.11.2018<br \/>ISBN: 9786050813012<br \/>Dil: T\u00dcRK\u00c7E<br \/>Sayfa Say\u0131s\u0131: 344<br \/>Cilt Tipi: Karton Kapak<br \/>Ka\u011f\u0131t Cinsi: Kitap Ka\u011f\u0131d\u0131<br \/>Boyut: 13.5 x 21 cm<\/p>","protected":false},"excerpt":{"rendered":"<p>Pa\u015fa! Pa\u015fa! Sen bu Devlet-i Aliyye\u2019yi hen\u00fcz tan\u0131mam\u0131\u015fs\u0131n. Allah a\u015fk\u0131na \u015funa inan. Bu devlet \u00f6yle bir devlettir ki e\u011fer isterse o donanman\u0131n b\u00fct\u00fcn demirlerini g\u00fcm\u00fc\u015ften, halatlar\u0131n\u0131 ibri\u015fimden ve yelkenlerini atlastan yapmakta asla g\u00fc\u00e7l\u00fck \u00e7ekmez. Hangi geminin gerekli alet ve yelkenini yeti\u015ftiremezsem gel bu minval \u00fczere benden iste. Sokollu Mehmed Pa\u015fa Tarih programlar\u0131, konferanslar\u0131 ve eserlerindeki kendine has anlat\u0131m tarz\u0131, \u00fcslubu ve farkl\u0131 bak\u0131\u015f a\u00e7\u0131lar\u0131 ile Osmanl\u0131 Tarihi\u2019ni herkese sevdiren Prof. Dr. Ahmet \u015eim\u015firgil, KAYI serisinin be\u015finci kitab\u0131 KAYI V: Kudret ve Azamet Y\u0131llar\u0131 ile Osmanl\u0131 \u0130mparatorlu\u011fu yazmaya devam ediyor. Elinizdeki eser, Kanuni Sultan S\u00fcleyman devrinin kapanmas\u0131 ile ba\u015flamakta; II. Selim, III. Murad, III. Mehmed\u2019le devam ederek Sultan I. Ahmed devriyle nihayete ermektedir. \u00c7al\u0131\u015fmada \u00f6ncelikle Osmanl\u0131 Devleti\u2019nde as\u0131rlard\u0131r devam eden siyasi gelene\u011fin b\u00fcy\u00fck de\u011fi\u015fimine \u015fahitlik edeceksiniz. Kanuni d\u00f6neminde Enderun\u2019da yeti\u015ferek devletin b\u00fct\u00fcn kademelerinde g\u00f6rev al\u0131p sadarete kadar y\u00fckselen ve son iki y\u0131l\u0131nda bu g\u00f6revde bulunan b\u00fcy\u00fck devlet adam\u0131 Sokollu Mehmed Pa\u015fa\u2019n\u0131n yeni siyasi de\u011fi\u015fimin en b\u00fcy\u00fck mimar\u0131 oldu\u011fu g\u00f6r\u00fclecektir. Art\u0131k seferlerde padi\u015fahlar de\u011fil, g\u00fc\u00e7l\u00fc serdarlar g\u00f6r\u00fclmeye ba\u015flanacakt\u0131r. Ayn\u0131 zamanda yirmi be\u015f y\u0131l fas\u0131las\u0131z devam eden sava\u015flar, b\u00fct\u00fcn d\u00fcnyada g\u00f6r\u00fclmeye ba\u015flayan ekonomik zorluklar, paran\u0131n de\u011ferinin d\u00fc\u015fmesi, t\u0131mar sistemindeki aksamalar vs. b\u00fcy\u00fck Cel\u00e2l\u00ee fetretini beraberinde getirecektir. K\u0131br\u0131s\u2019\u0131n Fethi, \u0130nebaht\u0131 ma\u011flubiyeti, \u015eeyh\u00fclislam Ebussuud Efendi\u2019nin vefat\u0131, Selimiye Camii\u2019nin in\u015fas\u0131, \u0130stanbul Rasathanesi\u2019nin kurulmas\u0131, Estergon\u2019un fethi, Kanije\u2019nin fethi, Cel\u00e2l\u00ee \u0130syanlar\u0131, Zitvatoruk Antla\u015fmas\u0131, Sultanahmet Camii\u2019nin a\u00e7\u0131lmas\u0131, padi\u015fahlar\u0131n ilim ve tasavvuf erbab\u0131 ile m\u00fcnasebetleri \u00f6zellikle I. Ahmed ile Aziz Mahmud H\u00fcd\u00e2y\u00ee Hazretleri\u2019nin muhabbeti; bu eserde \u00f6ne \u00e7\u0131kan bir\u00e7ok ba\u015fl\u0131ktan sadece birka\u00e7\u0131\u2026 Yine doyumsuz bir tarih ziyafeti sizleri bekliyor.<\/p>","protected":false},"featured_media":19128,"template":"","meta":{"spay_email":""},"product_cat":[170],"product_tag":[],"item":[360],"acf":[],"_links":{"self":[{"href":"https:\/\/mgvpublications.com\/de\/wp-json\/wp\/v2\/product\/19129"}],"collection":[{"href":"https:\/\/mgvpublications.com\/de\/wp-json\/wp\/v2\/product"}],"about":[{"href":"https:\/\/mgvpublications.com\/de\/wp-json\/wp\/v2\/types\/product"}],"wp:featuredmedia":[{"embeddable":true,"href":"https:\/\/mgvpublications.com\/de\/wp-json\/wp\/v2\/media\/19128"}],"wp:attachment":[{"href":"https:\/\/mgvpublications.com\/de\/wp-json\/wp\/v2\/media?parent=19129"}],"wp:term":[{"taxonomy":"product_cat","embeddable":true,"href":"https:\/\/mgvpublications.com\/de\/wp-json\/wp\/v2\/product_cat?post=19129"},{"taxonomy":"product_tag","embeddable":true,"href":"https:\/\/mgvpublications.com\/de\/wp-json\/wp\/v2\/product_tag?post=19129"},{"taxonomy":"item","embeddable":true,"href":"https:\/\/mgvpublications.com\/de\/wp-json\/wp\/v2\/item?post=19129"}],"curies":[{"name":"wp","href":"https:\/\/api.w.org\/{rel}","templated":true}]}}