{"id":19127,"date":"2021-05-08T15:23:59","date_gmt":"2021-05-08T13:23:59","guid":{"rendered":"https:\/\/mgvpublications.com\/produkt\/gogu-yere-indirelim\/"},"modified":"2022-03-08T22:53:07","modified_gmt":"2022-03-08T21:53:07","slug":"gogu-yere-indirelim","status":"publish","type":"product","link":"https:\/\/mgvpublications.com\/de\/gogu-yere-indirelim\/","title":{"rendered":"G\u00f6\u011f\u00fc Yere \u0130ndirelim"},"content":{"rendered":"<p>Yay\u0131n Tarihi: 14.10.2019<br \/>ISBN: 9786050823905<br \/>Dil: T\u00dcRK\u00c7E<br \/>Sayfa Say\u0131s\u0131: 152<br \/>Cilt Tipi: Karton Kapak<br \/>Ka\u011f\u0131t Cinsi: Kitap Ka\u011f\u0131d\u0131<br \/>Boyut: 13.5 x 20.5 cm<br \/>Di\u011fer \u00d6zellik: 10  Ya\u015f<\/p>","protected":false},"excerpt":{"rendered":"<p>\u201cBuradaki i\u015fim bitti. Y\u0131k\u0131lacak yeni duvarlar bulabilmek i\u00e7in art\u0131k uzaklara u\u00e7mal\u0131y\u0131m.\u201d Durmadan ba\u015f\u0131n\u0131 belaya sokan Deniz, ailesinin de iste\u011fiyle bir \u00d6\u011frenci De\u011fi\u015fim Program\u0131&#8217;na kat\u0131l\u0131r. Fakat bir yanl\u0131\u015fl\u0131k sonucu kendisini Afrika\u2019da bir kabilede bulur\u2026 Peki ya Deniz kabile ya\u015fant\u0131s\u0131na uyum sa\u011flayabilecek midir? Bu yolculu\u011fun sonunda ger\u00e7ekten bir de\u011fi\u015fim ya\u015fayacak m\u0131d\u0131r? Yoksa babas\u0131n\u0131n anlatt\u0131\u011f\u0131 masalda ge\u00e7en, y\u00fckseklerde kanat \u00e7\u0131rparak denizin ortas\u0131ndaki duvar\u0131 g\u00f6r\u00fcnmez k\u0131lan alaca ku\u015f, Deniz\u2019in ya\u015fam\u0131na da m\u0131 konacakt\u0131r? Bu yolculukla birlikte dostlu\u011fun, karde\u015fli\u011fin, birlikte ya\u015faman\u0131n ve payla\u015fman\u0131n \u00f6nemini kavrayacak Deniz, bizi de g\u00f6kku\u015fa\u011f\u0131n\u0131n ard\u0131na; umuda ve sevgiye g\u00f6t\u00fcrecek&#8230;<\/p>","protected":false},"featured_media":19126,"template":"","meta":{"spay_email":""},"product_cat":[172],"product_tag":[],"item":[360],"acf":[],"_links":{"self":[{"href":"https:\/\/mgvpublications.com\/de\/wp-json\/wp\/v2\/product\/19127"}],"collection":[{"href":"https:\/\/mgvpublications.com\/de\/wp-json\/wp\/v2\/product"}],"about":[{"href":"https:\/\/mgvpublications.com\/de\/wp-json\/wp\/v2\/types\/product"}],"wp:featuredmedia":[{"embeddable":true,"href":"https:\/\/mgvpublications.com\/de\/wp-json\/wp\/v2\/media\/19126"}],"wp:attachment":[{"href":"https:\/\/mgvpublications.com\/de\/wp-json\/wp\/v2\/media?parent=19127"}],"wp:term":[{"taxonomy":"product_cat","embeddable":true,"href":"https:\/\/mgvpublications.com\/de\/wp-json\/wp\/v2\/product_cat?post=19127"},{"taxonomy":"product_tag","embeddable":true,"href":"https:\/\/mgvpublications.com\/de\/wp-json\/wp\/v2\/product_tag?post=19127"},{"taxonomy":"item","embeddable":true,"href":"https:\/\/mgvpublications.com\/de\/wp-json\/wp\/v2\/item?post=19127"}],"curies":[{"name":"wp","href":"https:\/\/api.w.org\/{rel}","templated":true}]}}