{"id":19125,"date":"2021-05-08T15:23:59","date_gmt":"2021-05-08T13:23:59","guid":{"rendered":"https:\/\/mgvpublications.com\/produkt\/stratejik-dusunme-islam-toplumunun-yeniden-dogusu-5\/"},"modified":"2022-03-08T22:53:07","modified_gmt":"2022-03-08T21:53:07","slug":"stratejik-dusunme-islam-toplumunun-yeniden-dogusu-5","status":"publish","type":"product","link":"https:\/\/mgvpublications.com\/de\/stratejik-dusunme-islam-toplumunun-yeniden-dogusu-5\/","title":{"rendered":"Stratejik D\u00fc\u015f\u00fcnme \/ \u0130slam Toplumu&#8217;nun Yeniden Do\u011fu\u015fu -5"},"content":{"rendered":"<p>Yay\u0131n Tarihi: 11.03.2014<br \/>ISBN: 9786055793586<br \/>Dil: T\u00dcRK\u00c7E<br \/>Sayfa Say\u0131s\u0131: 248<br \/>Cilt Tipi: Karton Kapak<br \/>Ka\u011f\u0131t Cinsi: Kitap Ka\u011f\u0131d\u0131<br \/>Boyut: 13.5 x 19 cm<\/p>","protected":false},"excerpt":{"rendered":"<p>D\u00fcnya \u00e7ap\u0131nda b\u00fcy\u00fck de\u011fi\u015fikliklerin yank\u0131lar\u0131 kulaklar\u0131 sa\u011f\u0131r etti\u011fi, de\u011fi\u015fim \u00e7a\u011fr\u0131lar\u0131n\u0131n her noktadan dillendirildi\u011fi tarihi bir d\u00f6neme\u00e7te \u0130slam toplumlar\u0131 maruz kald\u0131\u011f\u0131 askeri ve k\u00fclt\u00fcrel tehditler kar\u015f\u0131s\u0131nda hak i\u00e7in g\u00f6\u011fs\u00fcn\u00fc siper ederek k\u00fcllerinden yeniden dirilmenin aray\u0131\u015f\u0131 i\u00e7indedir. \u0130lk bak\u0131\u015fta sahnede \u00fcmitlenmek i\u00e7in yeterli performans g\u00f6r\u00fcnm\u00fcyorsa da toplumlar\u0131n tarihi ser\u00fcveni hakk\u0131nda bilgi sahibi olanlar her kalk\u0131nman\u0131n uzun ve karanl\u0131k bir gecenin ard\u0131ndan geldi\u011fini bilirler. T\u00fcm toplumlarda oldu\u011fu gibi \u0130slam Toplumu da art\u0131k ger\u00e7ek bir kalk\u0131nma s\u00fcreci i\u00e7ine girmi\u015ftir. Biraz zaman alsa da \u0130slam\u2019\u0131n, kendisini yeniden d\u00fcnya siyasi sahnesine g\u00fc\u00e7l\u00fc bir \u015fekilde \u00e7\u0131kartacak g\u00fc\u00e7 ve olanaklara sahip oldu\u011fundan asla \u015f\u00fcphe yoktur\u2026 \u0130\u015fte bizim b\u00fct\u00fcn emelimiz ve umudumuz da budur. \u0130slam Toplumunun Yeniden do\u011fu\u015fu i\u00e7in bizler, zihinlerde birikmi\u015f soru i\u015faretlerini cevapland\u0131rmak, bu alanda olu\u015fmu\u015f beklentileri kar\u015f\u0131lamak i\u00e7in ve \u00fcmit \u0131\u015f\u0131\u011f\u0131 olmas\u0131 d\u00fc\u015f\u00fcncesi ile bu elinizdeki \u201cToplumsal Dirili\u015f Serisi\u201dni sizinle payla\u015f\u0131yoruz.<\/p>","protected":false},"featured_media":19124,"template":"","meta":{"spay_email":""},"product_cat":[174],"product_tag":[],"item":[1356],"acf":[],"_links":{"self":[{"href":"https:\/\/mgvpublications.com\/de\/wp-json\/wp\/v2\/product\/19125"}],"collection":[{"href":"https:\/\/mgvpublications.com\/de\/wp-json\/wp\/v2\/product"}],"about":[{"href":"https:\/\/mgvpublications.com\/de\/wp-json\/wp\/v2\/types\/product"}],"wp:featuredmedia":[{"embeddable":true,"href":"https:\/\/mgvpublications.com\/de\/wp-json\/wp\/v2\/media\/19124"}],"wp:attachment":[{"href":"https:\/\/mgvpublications.com\/de\/wp-json\/wp\/v2\/media?parent=19125"}],"wp:term":[{"taxonomy":"product_cat","embeddable":true,"href":"https:\/\/mgvpublications.com\/de\/wp-json\/wp\/v2\/product_cat?post=19125"},{"taxonomy":"product_tag","embeddable":true,"href":"https:\/\/mgvpublications.com\/de\/wp-json\/wp\/v2\/product_tag?post=19125"},{"taxonomy":"item","embeddable":true,"href":"https:\/\/mgvpublications.com\/de\/wp-json\/wp\/v2\/item?post=19125"}],"curies":[{"name":"wp","href":"https:\/\/api.w.org\/{rel}","templated":true}]}}