{"id":19123,"date":"2021-05-08T15:23:58","date_gmt":"2021-05-08T13:23:58","guid":{"rendered":"https:\/\/mgvpublications.com\/produkt\/iyilik\/"},"modified":"2022-04-08T06:20:33","modified_gmt":"2022-04-08T04:20:33","slug":"iyilik","status":"publish","type":"product","link":"https:\/\/mgvpublications.com\/de\/iyilik\/","title":{"rendered":"\u0130yilik"},"content":{"rendered":"<p>\u00c7evirmen: Meltem Ayd\u0131n<br \/>Yay\u0131n Tarihi: 05.04.2022<br \/>Orijinal Ad\u0131: Kind<br \/>ISBN: 9786257999830<br \/>Dil: T\u00dcRK\u00c7E<br \/>Sayfa Say\u0131s\u0131: 48<br \/>Cilt Tipi: Karton Kapak<br \/>Ka\u011f\u0131t Cinsi: Ku\u015fe Ka\u011f\u0131t<br \/>Boyut: 22.5 x 28 cm<\/p>","protected":false},"excerpt":{"rendered":"<p>Axel Scheffler\u2019in \u00d6ns\u00f6z\u00fc ve 38 \u00e7izerin resimleriyle Herkesin iyi ve nazik oldu\u011fu bir d\u00fcnya hayal edin. Bunu nas\u0131l ger\u00e7ekle\u015ftirebiliriz? \u0130yimser d\u00fc\u015f\u00fcncelerle dolu olan bu kitap, ne kadar k\u00fc\u00e7\u00fck ya da \u00e7ekingen olursak olal\u0131m, d\u00fcnyay\u0131 daha iyi bir yere \u00e7evirebilece\u011fimizi g\u00f6steriyor.<\/p>","protected":false},"featured_media":23179,"template":"","meta":{"spay_email":""},"product_cat":[172],"product_tag":[],"item":[336],"acf":[],"_links":{"self":[{"href":"https:\/\/mgvpublications.com\/de\/wp-json\/wp\/v2\/product\/19123"}],"collection":[{"href":"https:\/\/mgvpublications.com\/de\/wp-json\/wp\/v2\/product"}],"about":[{"href":"https:\/\/mgvpublications.com\/de\/wp-json\/wp\/v2\/types\/product"}],"wp:featuredmedia":[{"embeddable":true,"href":"https:\/\/mgvpublications.com\/de\/wp-json\/wp\/v2\/media\/23179"}],"wp:attachment":[{"href":"https:\/\/mgvpublications.com\/de\/wp-json\/wp\/v2\/media?parent=19123"}],"wp:term":[{"taxonomy":"product_cat","embeddable":true,"href":"https:\/\/mgvpublications.com\/de\/wp-json\/wp\/v2\/product_cat?post=19123"},{"taxonomy":"product_tag","embeddable":true,"href":"https:\/\/mgvpublications.com\/de\/wp-json\/wp\/v2\/product_tag?post=19123"},{"taxonomy":"item","embeddable":true,"href":"https:\/\/mgvpublications.com\/de\/wp-json\/wp\/v2\/item?post=19123"}],"curies":[{"name":"wp","href":"https:\/\/api.w.org\/{rel}","templated":true}]}}