{"id":19113,"date":"2021-05-08T15:23:55","date_gmt":"2021-05-08T13:23:55","guid":{"rendered":"https:\/\/mgvpublications.com\/produkt\/iknanin-psikolojisi\/"},"modified":"2022-03-08T22:53:05","modified_gmt":"2022-03-08T21:53:05","slug":"iknanin-psikolojisi","status":"publish","type":"product","link":"https:\/\/mgvpublications.com\/de\/iknanin-psikolojisi\/","title":{"rendered":"\u0130knan\u0131n Psikolojisi"},"content":{"rendered":"<p>\u00c7evirmen: Fevzi Yal\u0131m<br \/>Yay\u0131n Tarihi: 17.06.2020<br \/>Orijinal Ad\u0131: The Psychology of Persuasion<br \/>ISBN: 9789944383646<br \/>Dil: T\u00dcRK\u00c7E<br \/>Sayfa Say\u0131s\u0131: 368<br \/>Cilt Tipi: Karton Kapak<br \/>Ka\u011f\u0131t Cinsi: 2. Hm. Ka\u011f\u0131t<br \/>Boyut: 14.5 x 21.5 cm<\/p>","protected":false},"excerpt":{"rendered":"<p>\u0130knan\u0131n Psikolojisi, ya\u015fam\u0131n her alan\u0131nda ikna olma ve ikna etme s\u00fcrecinin i\u00e7y\u00fcz\u00fcn\u00fc anlatan bir ba\u015fvuru kitab\u0131. Prof. Robert B. Cialdini&#8217;nin, laboratuvar deneyleri ve ya\u015fam deneyimlerinden yola \u00e7\u0131karak yazd\u0131\u011f\u0131 kitap, t\u00fcm d\u00fcnyada 250 bin okura ula\u015ft\u0131. Cialdini, i\u015f hayat\u0131nda, ticarette, pazarlamada, g\u00fcnl\u00fck ya\u015famda ve a\u015fkta ikna beceresine sahip olabilme yollar\u0131n\u0131 anla\u015f\u0131l\u0131r bir dille anlat\u0131yor. &#8230; \u0130knan\u0131n Psikolojisi&#8217;ni almaya h\u00e2l\u00e2 ikna olmam\u0131\u015f olabilirsiniz. Sizi sat\u0131n almaya ikna edecek her \u015fey bu kitab\u0131n i\u00e7inde \u00e7\u00fcnk\u00fc.<\/p>","protected":false},"featured_media":21454,"template":"","meta":{"spay_email":""},"product_cat":[169],"product_tag":[],"item":[1370],"acf":[],"_links":{"self":[{"href":"https:\/\/mgvpublications.com\/de\/wp-json\/wp\/v2\/product\/19113"}],"collection":[{"href":"https:\/\/mgvpublications.com\/de\/wp-json\/wp\/v2\/product"}],"about":[{"href":"https:\/\/mgvpublications.com\/de\/wp-json\/wp\/v2\/types\/product"}],"wp:featuredmedia":[{"embeddable":true,"href":"https:\/\/mgvpublications.com\/de\/wp-json\/wp\/v2\/media\/21454"}],"wp:attachment":[{"href":"https:\/\/mgvpublications.com\/de\/wp-json\/wp\/v2\/media?parent=19113"}],"wp:term":[{"taxonomy":"product_cat","embeddable":true,"href":"https:\/\/mgvpublications.com\/de\/wp-json\/wp\/v2\/product_cat?post=19113"},{"taxonomy":"product_tag","embeddable":true,"href":"https:\/\/mgvpublications.com\/de\/wp-json\/wp\/v2\/product_tag?post=19113"},{"taxonomy":"item","embeddable":true,"href":"https:\/\/mgvpublications.com\/de\/wp-json\/wp\/v2\/item?post=19113"}],"curies":[{"name":"wp","href":"https:\/\/api.w.org\/{rel}","templated":true}]}}