{"id":19109,"date":"2021-05-08T15:23:52","date_gmt":"2021-05-08T13:23:52","guid":{"rendered":"https:\/\/mgvpublications.com\/produkt\/ruh-bakimi\/"},"modified":"2022-06-29T11:39:41","modified_gmt":"2022-06-29T09:39:41","slug":"ruh-bakimi","status":"publish","type":"product","link":"https:\/\/mgvpublications.com\/de\/ruh-bakimi\/","title":{"rendered":"Ruh Bak\u0131m\u0131"},"content":{"rendered":"<p>Yay\u0131n Tarihi: 18.10.2019<br \/>ISBN: 9786053261360<br \/>Dil: T\u00dcRK\u00c7E<br \/>Sayfa Say\u0131s\u0131: 175<br \/>Cilt Tipi: Karton Kapak<br \/>Ka\u011f\u0131t Cinsi: Kitap Ka\u011f\u0131d\u0131<br \/>Boyut: 13.5 x 21 cm<\/p>","protected":false},"excerpt":{"rendered":"<p>\u201cCilt bak\u0131m\u0131\u201dn\u0131n koskoca bir sekt\u00f6re d\u00f6n\u00fc\u015ft\u00fc\u011f\u00fc, u\u011fruna on milyarlarca dolar\u0131n, nice eme\u011fin ve zaman\u0131n harcand\u0131\u011f\u0131 bir \u201cg\u00f6r\u00fcnt\u00fc\u201d d\u00fcnyas\u0131n\u0131n unutulan ger\u00e7e\u011fidir ruh bak\u0131m\u0131. Oysa mideler g\u0131da, ciltler bak\u0131m istedi\u011fi gibi, ruhun da bak\u0131ma, \u00f6zene ve beslenmeye ihtiyac\u0131 vard\u0131r. Gelin g\u00f6r\u00fcn ki, \u201cmadde\u201dye odaklanm\u0131\u015fsa g\u00f6zler, \u201cm\u00e2n\u00e2\u201d unutulur. Cilde ve bedene yo\u011funla\u015fm\u0131\u015fsa nazarlar, ruhlar bak\u0131ms\u0131z kal\u0131r. Bu kitap, i\u015fte bu ger\u00e7ekten hareketle geli\u015fen denemeleri i\u00e7ermektedir. Modern \u201cya\u015fant\u0131\u201dlar\u0131 ele\u015ftirel bir g\u00f6zle de\u011ferlendirirken, bizi yitip gitmesini istemedi\u011fimiz \u201c\u00f6z\u201d\u00fcm\u00fcze \u00e7a\u011f\u0131rmakta ve bir ruh bak\u0131m\u0131na davet etmekte. Ruh Bak\u0131m\u0131, sars\u0131c\u0131 ve uyar\u0131c\u0131 bir kitap. Ama bir o kadar da \u015fefkatli ve onar\u0131c\u0131&#8230;<\/p>","protected":false},"featured_media":21440,"template":"","meta":{"spay_email":""},"product_cat":[175],"product_tag":[],"item":[689],"acf":[],"_links":{"self":[{"href":"https:\/\/mgvpublications.com\/de\/wp-json\/wp\/v2\/product\/19109"}],"collection":[{"href":"https:\/\/mgvpublications.com\/de\/wp-json\/wp\/v2\/product"}],"about":[{"href":"https:\/\/mgvpublications.com\/de\/wp-json\/wp\/v2\/types\/product"}],"wp:featuredmedia":[{"embeddable":true,"href":"https:\/\/mgvpublications.com\/de\/wp-json\/wp\/v2\/media\/21440"}],"wp:attachment":[{"href":"https:\/\/mgvpublications.com\/de\/wp-json\/wp\/v2\/media?parent=19109"}],"wp:term":[{"taxonomy":"product_cat","embeddable":true,"href":"https:\/\/mgvpublications.com\/de\/wp-json\/wp\/v2\/product_cat?post=19109"},{"taxonomy":"product_tag","embeddable":true,"href":"https:\/\/mgvpublications.com\/de\/wp-json\/wp\/v2\/product_tag?post=19109"},{"taxonomy":"item","embeddable":true,"href":"https:\/\/mgvpublications.com\/de\/wp-json\/wp\/v2\/item?post=19109"}],"curies":[{"name":"wp","href":"https:\/\/api.w.org\/{rel}","templated":true}]}}