{"id":19105,"date":"2021-05-08T15:23:51","date_gmt":"2021-05-08T13:23:51","guid":{"rendered":"https:\/\/mgvpublications.com\/produkt\/annenin-ruh-halleri\/"},"modified":"2022-12-13T23:07:32","modified_gmt":"2022-12-13T22:07:32","slug":"annenin-ruh-halleri","status":"publish","type":"product","link":"https:\/\/mgvpublications.com\/de\/annenin-ruh-halleri\/","title":{"rendered":"Annenin Ruh Halleri"},"content":{"rendered":"<p>Yay\u0131n Tarihi: 14.05.2015<br \/>\nISBN: 9786059841078<br \/>\nDil: T\u00dcRK\u00c7E<br \/>\nSayfa Say\u0131s\u0131: 256<br \/>\nCilt Tipi: Karton Kapak<br \/>\nKa\u011f\u0131t Cinsi: Kitap Ka\u011f\u0131d\u0131<br \/>\nBoyut: 13.5 x 19.5 cm<\/p>","protected":false},"excerpt":{"rendered":"<p>Annelik\u2026 Her kad\u0131n\u0131n tatmak istedi\u011fi \u2018g\u00fczel\u2019 duygu\u2026 Kad\u0131n\u0131 \u2018kad\u0131n\u2019 yapan olgu\u2026 Yaradan\u2019\u0131n kad\u0131nlara \u2018\u00f6zel\u2019 l\u00fctfu\u2026 Kad\u0131na Cennet kap\u0131s\u0131n\u0131 a\u00e7an anahtar! Annelik kutsal olmas\u0131na kutsal ama, g\u00fcn\u00fcm\u00fczde anneler \u00e7ok da mutlu de\u011fil! Kimisi e\u015fleri, \u00e7ocuklar\u0131 taraf\u0131ndan anla\u015f\u0131lamamaktan \u015fik\u00e2yet\u00e7i, kimisi haz\u0131r olmad\u0131\u011f\u0131 bir y\u00fck\u00fcn alt\u0131na girdi\u011fi i\u00e7in tedirgin ve hatta pi\u015fman. Uzman Pedagog Mehmet Teber, 10 y\u0131l\u0131 ge\u00e7kin bir zamand\u0131r binlerce anneyi g\u00f6zlemlemi\u015f, onlarla g\u00f6r\u00fc\u015fm\u00fc\u015f. Anneli\u011fin ard\u0131nda nice duygular\u0131n, hayallerin, arzular\u0131n, zorluklar\u0131n, \u00e7ilelerin bar\u0131nd\u0131\u011f\u0131n\u0131 g\u00f6rm\u00fc\u015f! Ya\u015fananlar\u0131n annenin ruh halini nas\u0131l etkiledi\u011fini, annenin davran\u0131\u015flar\u0131na nas\u0131l yans\u0131d\u0131\u011f\u0131n\u0131 tespit etmi\u015f. Teber, bu kitapta anneye ve anneli\u011fe dair edindi\u011fi bilgileri bizlerle payla\u015f\u0131yor. \u2018Ben nas\u0131l bir anneyim?\u2019, \u2018E\u015fim nas\u0131l bir anne?\u2019, \u2018Annem nas\u0131l bir anne?\u2019 diye merak edenlere duygusal bir yol haritas\u0131 sunuyor. Bu kitab\u0131 okuyan anneler kendilerinin, duygular\u0131n\u0131n, ruh hallerinin fark\u0131na varacak! Anla\u015f\u0131lm\u0131\u015f olman\u0131n mutlulu\u011funu ya\u015fayacak&#8230; Babalar da e\u015flerinin d\u00fcnyas\u0131na yolculuk yapacak, erkekler bu kitapla kad\u0131n\u0131 daha iyi anlayacak, anneli\u011fin d\u0131\u015far\u0131dan g\u00f6r\u00fcnd\u00fc\u011f\u00fc gibi kolay olmad\u0131\u011f\u0131n\u0131 g\u00f6recek! Annenin Ruh Halleri yazar\u0131n anneye ve anneli\u011fe dair edindi\u011fi bilgileri \u00f6nce annelerle sonra da t\u00fcm toplumla payla\u015fmak iste\u011finin bir \u00fcr\u00fcn\u00fc. Annelerin kendilerine bile tarif edemedi\u011fi ac\u0131lar\u0131, yaralar\u0131, yaln\u0131zl\u0131klar\u0131 onlar i\u00e7in yazmay\u0131 arzu etmi\u015f yazar. Siz de anneleri ve anneli\u011fi ger\u00e7ekten anlamak istiyorsan\u0131z, bu kitab\u0131 mutlaka okuyun!<\/p>","protected":false},"featured_media":19104,"template":"","meta":{"spay_email":""},"product_cat":[171],"product_tag":[],"item":[685],"acf":[],"_links":{"self":[{"href":"https:\/\/mgvpublications.com\/de\/wp-json\/wp\/v2\/product\/19105"}],"collection":[{"href":"https:\/\/mgvpublications.com\/de\/wp-json\/wp\/v2\/product"}],"about":[{"href":"https:\/\/mgvpublications.com\/de\/wp-json\/wp\/v2\/types\/product"}],"wp:featuredmedia":[{"embeddable":true,"href":"https:\/\/mgvpublications.com\/de\/wp-json\/wp\/v2\/media\/19104"}],"wp:attachment":[{"href":"https:\/\/mgvpublications.com\/de\/wp-json\/wp\/v2\/media?parent=19105"}],"wp:term":[{"taxonomy":"product_cat","embeddable":true,"href":"https:\/\/mgvpublications.com\/de\/wp-json\/wp\/v2\/product_cat?post=19105"},{"taxonomy":"product_tag","embeddable":true,"href":"https:\/\/mgvpublications.com\/de\/wp-json\/wp\/v2\/product_tag?post=19105"},{"taxonomy":"item","embeddable":true,"href":"https:\/\/mgvpublications.com\/de\/wp-json\/wp\/v2\/item?post=19105"}],"curies":[{"name":"wp","href":"https:\/\/api.w.org\/{rel}","templated":true}]}}