{"id":19103,"date":"2021-05-08T15:23:51","date_gmt":"2021-05-08T13:23:51","guid":{"rendered":"https:\/\/mgvpublications.com\/produkt\/mutlu-evlilik\/"},"modified":"2022-03-08T22:53:03","modified_gmt":"2022-03-08T21:53:03","slug":"mutlu-evlilik","status":"publish","type":"product","link":"https:\/\/mgvpublications.com\/de\/mutlu-evlilik\/","title":{"rendered":"Mutlu Evlilik"},"content":{"rendered":"<p>Yay\u0131n Tarihi: 10.11.2020<br \/>ISBN: 9786058079267<br \/>Dil: T\u00dcRK\u00c7E<br \/>Sayfa Say\u0131s\u0131: 174<br \/>Cilt Tipi: Karton Kapak<br \/>Ka\u011f\u0131t Cinsi: Kitap Ka\u011f\u0131d\u0131<br \/>Boyut: 13.5 x 21 cm<\/p>","protected":false},"excerpt":{"rendered":"<p>Evlilik hakk\u0131nda pek \u00e7ok \u015fey ya\u015fam\u0131\u015f, g\u00f6rm\u00fc\u015f, duymu\u015f veya okumu\u015f olabilirsiniz. \u015eu an bek\u00e2r, evli veya bo\u015fanm\u0131\u015f, mutlu ya da mutsuz olabilirsiniz. Evli ve mutluysan\u0131z bunu geli\u015ftirmek, evli ve mutsuzsan\u0131z durumunuzu iyile\u015ftirmek bizim bu kitapla \u00fcstlendi\u011fimiz bir g\u00f6revdir. \u00d6rne\u011fin, bek\u00e2rs\u0131n\u0131z ve nas\u0131l biriyle evlenece\u011finize karar veremiyorsunuz ya da evli de bek\u00e2r da de\u011fil, dulsunuz veya bo\u015fanm\u0131\u015fs\u0131n\u0131z, evlenmeye cesaretiniz kalmam\u0131\u015f ve \u201cEvlenip yine mutsuz olursam? Neden hayat\u0131m\u0131 ba\u015fkalar\u0131 i\u00e7in karartay\u0131m, bundan sonra b\u00f6yle ya\u015far\u0131m daha iyi, kimseye ihtiyac\u0131m yok benim,\u201d dedi\u011finiz bir noktadas\u0131n\u0131z. Bu kitaptaki tavsiyeler sizi yak\u0131ndan ilgilendiriyor.<\/p>","protected":false},"featured_media":19102,"template":"","meta":{"spay_email":""},"product_cat":[171],"product_tag":[],"item":[1359],"acf":[],"_links":{"self":[{"href":"https:\/\/mgvpublications.com\/de\/wp-json\/wp\/v2\/product\/19103"}],"collection":[{"href":"https:\/\/mgvpublications.com\/de\/wp-json\/wp\/v2\/product"}],"about":[{"href":"https:\/\/mgvpublications.com\/de\/wp-json\/wp\/v2\/types\/product"}],"wp:featuredmedia":[{"embeddable":true,"href":"https:\/\/mgvpublications.com\/de\/wp-json\/wp\/v2\/media\/19102"}],"wp:attachment":[{"href":"https:\/\/mgvpublications.com\/de\/wp-json\/wp\/v2\/media?parent=19103"}],"wp:term":[{"taxonomy":"product_cat","embeddable":true,"href":"https:\/\/mgvpublications.com\/de\/wp-json\/wp\/v2\/product_cat?post=19103"},{"taxonomy":"product_tag","embeddable":true,"href":"https:\/\/mgvpublications.com\/de\/wp-json\/wp\/v2\/product_tag?post=19103"},{"taxonomy":"item","embeddable":true,"href":"https:\/\/mgvpublications.com\/de\/wp-json\/wp\/v2\/item?post=19103"}],"curies":[{"name":"wp","href":"https:\/\/api.w.org\/{rel}","templated":true}]}}