{"id":19101,"date":"2021-05-08T15:23:51","date_gmt":"2021-05-08T13:23:51","guid":{"rendered":"https:\/\/mgvpublications.com\/produkt\/peltek-vaiz\/"},"modified":"2022-03-08T22:53:03","modified_gmt":"2022-03-08T21:53:03","slug":"peltek-vaiz","status":"publish","type":"product","link":"https:\/\/mgvpublications.com\/de\/peltek-vaiz\/","title":{"rendered":"Peltek Vaiz"},"content":{"rendered":"<p>Yay\u0131n Tarihi: 09.03.2021<br \/>ISBN: 9789759961534<br \/>Dil: T\u00dcRK\u00c7E<br \/>Sayfa Say\u0131s\u0131: 48<br \/>Cilt Tipi: Karton Kapak<br \/>Ka\u011f\u0131t Cinsi: Kitap Ka\u011f\u0131d\u0131<br \/>Boyut: 13.5 x 21 cm<\/p>","protected":false},"excerpt":{"rendered":"<p>Peltek vaiz, hani senin cem\u2019atin Bak \u00f6teki b\u00fclb\u00fcl gibi \u015fak\u0131yor Hele hutbede duruyor saatin \u0130teklesen bir saniye gitmiyor. Gizlesen de dilindeki kamburu \u00c7\u0131kmak i\u00e7in bir yolunu buluyor S y\u0131lan z kuyu, evet kanguru Gibi harfler, ah nas\u0131l da z\u0131pl\u0131yor.<\/p>","protected":false},"featured_media":19100,"template":"","meta":{"spay_email":""},"product_cat":[168],"product_tag":[],"item":[],"acf":[],"_links":{"self":[{"href":"https:\/\/mgvpublications.com\/de\/wp-json\/wp\/v2\/product\/19101"}],"collection":[{"href":"https:\/\/mgvpublications.com\/de\/wp-json\/wp\/v2\/product"}],"about":[{"href":"https:\/\/mgvpublications.com\/de\/wp-json\/wp\/v2\/types\/product"}],"wp:featuredmedia":[{"embeddable":true,"href":"https:\/\/mgvpublications.com\/de\/wp-json\/wp\/v2\/media\/19100"}],"wp:attachment":[{"href":"https:\/\/mgvpublications.com\/de\/wp-json\/wp\/v2\/media?parent=19101"}],"wp:term":[{"taxonomy":"product_cat","embeddable":true,"href":"https:\/\/mgvpublications.com\/de\/wp-json\/wp\/v2\/product_cat?post=19101"},{"taxonomy":"product_tag","embeddable":true,"href":"https:\/\/mgvpublications.com\/de\/wp-json\/wp\/v2\/product_tag?post=19101"},{"taxonomy":"item","embeddable":true,"href":"https:\/\/mgvpublications.com\/de\/wp-json\/wp\/v2\/item?post=19101"}],"curies":[{"name":"wp","href":"https:\/\/api.w.org\/{rel}","templated":true}]}}