{"id":19099,"date":"2021-05-08T15:23:50","date_gmt":"2021-05-08T13:23:50","guid":{"rendered":"https:\/\/mgvpublications.com\/produkt\/kis-bilgisi\/"},"modified":"2022-03-08T22:53:03","modified_gmt":"2022-03-08T21:53:03","slug":"kis-bilgisi","status":"publish","type":"product","link":"https:\/\/mgvpublications.com\/de\/kis-bilgisi\/","title":{"rendered":"K\u0131\u015f Bilgisi"},"content":{"rendered":"<p>Yay\u0131n Tarihi: 08.10.2019<br \/>ISBN: 9789759964085<br \/>Dil: T\u00dcRK\u00c7E<br \/>Sayfa Say\u0131s\u0131: 38<br \/>Cilt Tipi: Karton Kapak<br \/>Ka\u011f\u0131t Cinsi: Kitap Ka\u011f\u0131d\u0131<br \/>Boyut: 13.5 x 21 cm<\/p>","protected":false},"excerpt":{"rendered":"<p>Ben ge\u00e7erdim ka\u015f\u0131k bala g\u00f6m\u00fcl\u00fcyor gibi a\u011f\u0131r Bir \u00e7ocu\u011fa bir r\u00fcya daml\u0131yor gibi hafif Hay\u0131r, anlatamad\u0131m.<\/p>","protected":false},"featured_media":19098,"template":"","meta":{"spay_email":""},"product_cat":[168],"product_tag":[],"item":[354],"acf":[],"_links":{"self":[{"href":"https:\/\/mgvpublications.com\/de\/wp-json\/wp\/v2\/product\/19099"}],"collection":[{"href":"https:\/\/mgvpublications.com\/de\/wp-json\/wp\/v2\/product"}],"about":[{"href":"https:\/\/mgvpublications.com\/de\/wp-json\/wp\/v2\/types\/product"}],"wp:featuredmedia":[{"embeddable":true,"href":"https:\/\/mgvpublications.com\/de\/wp-json\/wp\/v2\/media\/19098"}],"wp:attachment":[{"href":"https:\/\/mgvpublications.com\/de\/wp-json\/wp\/v2\/media?parent=19099"}],"wp:term":[{"taxonomy":"product_cat","embeddable":true,"href":"https:\/\/mgvpublications.com\/de\/wp-json\/wp\/v2\/product_cat?post=19099"},{"taxonomy":"product_tag","embeddable":true,"href":"https:\/\/mgvpublications.com\/de\/wp-json\/wp\/v2\/product_tag?post=19099"},{"taxonomy":"item","embeddable":true,"href":"https:\/\/mgvpublications.com\/de\/wp-json\/wp\/v2\/item?post=19099"}],"curies":[{"name":"wp","href":"https:\/\/api.w.org\/{rel}","templated":true}]}}