{"id":19097,"date":"2021-05-08T15:23:50","date_gmt":"2021-05-08T13:23:50","guid":{"rendered":"https:\/\/mgvpublications.com\/produkt\/petrol-firtinasi\/"},"modified":"2022-03-08T22:53:03","modified_gmt":"2022-03-08T21:53:03","slug":"petrol-firtinasi","status":"publish","type":"product","link":"https:\/\/mgvpublications.com\/de\/petrol-firtinasi\/","title":{"rendered":"Petrol F\u0131rt\u0131nas\u0131"},"content":{"rendered":"<p>Yay\u0131n Tarihi: 23.06.2020<br \/>ISBN: 9786055416829<br \/>Dil: T\u00dcRK\u00c7E<br \/>Sayfa Say\u0131s\u0131: 376<br \/>Cilt Tipi: Karton Kapak<br \/>Ka\u011f\u0131t Cinsi: Kitap Ka\u011f\u0131d\u0131<br \/>Boyut: 13.5 x 21 cm<\/p>","protected":false},"excerpt":{"rendered":"<p>Tarih: 22.12.1973\u2026 Raif Karada\u011f, d\u00fcnya petrollerinin \u015fifrelerini otuz y\u0131l s\u00fcren titiz ara\u015ft\u0131rmalar\u0131yla ortaya koymu\u015f hatta petrol i\u00e7in insafs\u0131zca kan ak\u0131tan emperyalist baz\u0131 \u00fclkelerin gizli planlar\u0131n\u0131 T\u00fcrkiye\u2019de d\u00f6nemin cumhurba\u015fkan\u0131na \u00fclke menfaatleri a\u00e7\u0131s\u0131ndan sunmak istemi\u015fti. Haz\u0131rlad\u0131\u011f\u0131 bu raporda T\u00fcrkiye\u2019nin elindeki milli servet petrolleri hakk\u0131nda da olduk\u00e7a gizli bir tak\u0131m bulgulara ula\u015ft\u0131\u011f\u0131 biliniyordu. Ancak; haz\u0131rlad\u0131\u011f\u0131 raporu, d\u00f6nemin cumhurba\u015fkan\u0131na sunmak i\u00e7in Ankara\u2019ya gitti\u011finde bir gece \u00f6ncesinde, son derece s\u0131hhatli bir \u015fekilde kald\u0131\u011f\u0131 otel odas\u0131nda esrarengiz bir \u015fekilde \u00f6l\u00fc olarak bulundu\u2026<\/p>","protected":false},"featured_media":19096,"template":"","meta":{"spay_email":""},"product_cat":[173],"product_tag":[],"item":[1245],"acf":[],"_links":{"self":[{"href":"https:\/\/mgvpublications.com\/de\/wp-json\/wp\/v2\/product\/19097"}],"collection":[{"href":"https:\/\/mgvpublications.com\/de\/wp-json\/wp\/v2\/product"}],"about":[{"href":"https:\/\/mgvpublications.com\/de\/wp-json\/wp\/v2\/types\/product"}],"wp:featuredmedia":[{"embeddable":true,"href":"https:\/\/mgvpublications.com\/de\/wp-json\/wp\/v2\/media\/19096"}],"wp:attachment":[{"href":"https:\/\/mgvpublications.com\/de\/wp-json\/wp\/v2\/media?parent=19097"}],"wp:term":[{"taxonomy":"product_cat","embeddable":true,"href":"https:\/\/mgvpublications.com\/de\/wp-json\/wp\/v2\/product_cat?post=19097"},{"taxonomy":"product_tag","embeddable":true,"href":"https:\/\/mgvpublications.com\/de\/wp-json\/wp\/v2\/product_tag?post=19097"},{"taxonomy":"item","embeddable":true,"href":"https:\/\/mgvpublications.com\/de\/wp-json\/wp\/v2\/item?post=19097"}],"curies":[{"name":"wp","href":"https:\/\/api.w.org\/{rel}","templated":true}]}}